{"id":102,"date":"2016-05-25T08:43:55","date_gmt":"2016-05-25T06:43:55","guid":{"rendered":"http:\/\/zl31wzsmw.preview.infomaniak.website\/_new2016\/?page_id=102"},"modified":"2025-10-15T13:26:51","modified_gmt":"2025-10-15T11:26:51","slug":"qui-sommes-nous","status":"publish","type":"page","link":"https:\/\/www.socialenergie.be\/fr\/qui-sommes-nous\/","title":{"rendered":"Centre d&rsquo;Appui SocialEnergie : Qui sommes-nous ?"},"content":{"rendered":"<p><strong>Le Centre d&rsquo;Appui SocialEnergie (CASE) est un service de soutien aux<\/strong><strong> travailleurs de premi\u00e8re ligne de la R\u00e9gion de Bruxelles-Capitale. Il forme et soutient les travailleurs sur les questions de pr\u00e9carit\u00e9s \u00e9nerg\u00e9tique et hydrique.<\/strong><strong>e r\u00e9gional<\/strong><\/p>\n<p>En raison d\u2019obligations l\u00e9gales ou de demandes d\u2019aides toujours plus nombreuses, les travailleurs de premi\u00e8re ligne occupent aujourd\u2019hui une place pr\u00e9dominante en ce qui concerne le droit, l\u2019acc\u00e8s et la gestion de l\u2019\u00e9nergie et \u00e0 l&rsquo;eau des publics qu\u2019ils rencontrent.<\/p>\n<p>Pourtant, face \u00e0 l\u2019\u00e9tendue et \u00e0 la complexit\u00e9 de cette mati\u00e8re, les travailleurs de premi\u00e8re ligne sont relativement peu outill\u00e9s. Il est donc essentiel de leur fournir les outils n\u00e9cessaires \u00e0 la r\u00e9alisation de suivis plus complets, pertinents et efficaces en mati\u00e8re d\u2019\u00e9nergie et d&rsquo;eau.<\/p>\n<p>C\u2019est sur ce plan que le Centre d\u2019Appui SocialEnergie agit depuis janvier 2011. Le CASE traite donc essentiellement les <strong>mati\u00e8res bruxelloises<\/strong> et, dans une moindre mesure, f\u00e9d\u00e9rales. Les personnes int\u00e9ress\u00e9es par les mati\u00e8res wallonnes peuvent contacter <a href=\"http:\/\/www.energieinfowallonie.be\/fr\" target=\"_blank\" rel=\"noopener noreferrer\" target=\"_blank\" rel=\"noopener noreferrer\">Energie Info Wallonie.<\/a><\/p>\n<h2>Notre vision<\/h2>\n<p><strong>L\u2019acc\u00e8s \u00e0 l\u2019\u00e9nergie et \u00e0 l&rsquo;eau est un besoin et un droit fondamental qu\u2019il faut garantir \u00e0 toute personne, au nom de la dignit\u00e9 humaine !\u00a0 <\/strong><\/p>\n<p>Lorsque ce droit est mis en p\u00e9ril, par exemple parce que l\u2019on \u00e9prouve des difficult\u00e9s \u00e0 payer, qu\u2019on ploie sous la charge administrative ou les probl\u00e8mes techniques, l\u2019\u00e9nergie devient vecteur d\u2019appauvrissement (logement froid et humide, endettement, perte de ma\u00eetrise de sa vie).<\/p>\n<h2>Notre mission<\/h2>\n<p>Le Centre d\u2019Appui SocialEnergie (CASE) soutient les travailleurs de premi\u00e8re ligne bruxellois sur toutes les questions socio-\u00e9nerg\u00e9tiques et socio-hydriques : sociales, administratives, juridiques, comportementales ou autres.<\/p>\n<p>Afin d&rsquo;accomplir cette mission nous offrons diff\u00e9rents services dont le site www.socialenergie.be, des formations gratuites et des accompagnements personnalis\u00e9s.<\/p>\n<h2>Notre \u00e9quipe<\/h2>\n<p>L&rsquo;\u00e9quipe du CASE est pluridisciplinaire :\u00a0accompagnatrices \u00e9nergie, conseillers techniques, conseill\u00e8res juridiques, charg\u00e9es de communication, charg\u00e9es et charg\u00e9s de mission et coordinatrice et coordinateur.<\/p>\n<p>SocialEnergie est un projet propos\u00e9 par la F\u00e9d\u00e9ration des Services Sociaux asbl (<a href=\"http:\/\/www.fdss.be\" target=\"_blank\" rel=\"noopener noreferrer\" target=\"_blank\" rel=\"noopener noreferrer\">www.fdss.be<\/a>), avec le soutien de la R\u00e9gion de Bruxelles-Capitale et de Bruxelles Environnement.<\/p>\n<h2>Comment nous contacter ?<\/h2>\n<ul>\n<li><strong>Permanence :<\/strong> 02 526 03 00<\/li>\n<li><strong>Par e-mail :<\/strong> socialenergie@fdss.be<\/li>\n<\/ul>\n<h2 style=\"text-align: left;\"><strong>Nos partenaires<br \/>\n<\/strong><\/h2>\n<ul>\n<li><a href=\"https:\/\/www.socialenergie.be\/qui-sommes-nous\/reseau-de-vigilance\/\" target=\"_blank\" rel=\"noopener noreferrer\">Le R\u00e9seau de Vigilance<\/a><\/li>\n<li><a href=\"https:\/\/www.socialenergie.be\/qui-sommes-nous\/la-coordination-gaz-electricite-eau-bruxelles-cgee\/\" target=\"_blank\" rel=\"noopener noreferrer\">La Coordination Gaz-Electricit\u00e9-Eau (CGEE)<\/a><\/li>\n<\/ul>\n<p><a href=\"https:\/\/www.socialenergie.be\/wp-content\/uploads\/CASE-presentation-1.jpg\"><img loading=\"lazy\" decoding=\"async\" class=\"aligncenter wp-image-12089 size-full\" src=\"https:\/\/www.socialenergie.be\/wp-content\/uploads\/CASE-presentation-1.jpg\" alt=\"\" width=\"1357\" height=\"679\" srcset=\"https:\/\/www.socialenergie.be\/wp-content\/uploads\/CASE-presentation-1.jpg 1357w, https:\/\/www.socialenergie.be\/wp-content\/uploads\/CASE-presentation-1-300x150.jpg 300w, https:\/\/www.socialenergie.be\/wp-content\/uploads\/CASE-presentation-1-1024x512.jpg 1024w, https:\/\/www.socialenergie.be\/wp-content\/uploads\/CASE-presentation-1-150x75.jpg 150w\" sizes=\"auto, (max-width: 1357px) 100vw, 1357px\" \/><\/a><\/p>\n","protected":false},"excerpt":{"rendered":"<p>Le Centre d&rsquo;Appui SocialEnergie (CASE) est un service de soutien aux travailleurs de premi\u00e8re ligne de la R\u00e9gion de Bruxelles-Capitale. Il forme et soutient les travailleurs sur les questions de pr\u00e9carit\u00e9s \u00e9nerg\u00e9tique et hydrique.e r\u00e9gional En raison d\u2019obligations l\u00e9gales ou de demandes d\u2019aides toujours plus nombreuses, les travailleurs de premi\u00e8re ligne occupent aujourd\u2019hui une place [&hellip;]<\/p>\n","protected":false},"author":1,"featured_media":0,"parent":0,"menu_order":95,"comment_status":"closed","ping_status":"closed","template":"temp_fullcontent.php","meta":{"_acf_changed":false,"footnotes":""},"class_list":["post-102","page","type-page","status-publish","hentry"],"acf":[],"_links":{"self":[{"href":"https:\/\/www.socialenergie.be\/fr\/wp-json\/wp\/v2\/pages\/102","targetHints":{"allow":["GET"]}}],"collection":[{"href":"https:\/\/www.socialenergie.be\/fr\/wp-json\/wp\/v2\/pages"}],"about":[{"href":"https:\/\/www.socialenergie.be\/fr\/wp-json\/wp\/v2\/types\/page"}],"author":[{"embeddable":true,"href":"https:\/\/www.socialenergie.be\/fr\/wp-json\/wp\/v2\/users\/1"}],"replies":[{"embeddable":true,"href":"https:\/\/www.socialenergie.be\/fr\/wp-json\/wp\/v2\/comments?post=102"}],"version-history":[{"count":28,"href":"https:\/\/www.socialenergie.be\/fr\/wp-json\/wp\/v2\/pages\/102\/revisions"}],"predecessor-version":[{"id":12096,"href":"https:\/\/www.socialenergie.be\/fr\/wp-json\/wp\/v2\/pages\/102\/revisions\/12096"}],"wp:attachment":[{"href":"https:\/\/www.socialenergie.be\/fr\/wp-json\/wp\/v2\/media?parent=102"}],"curies":[{"name":"wp","href":"https:\/\/api.w.org\/{rel}","templated":true}]}}