{"id":1040,"date":"2016-06-07T16:23:30","date_gmt":"2016-06-07T14:23:30","guid":{"rendered":"http:\/\/zl31wzsmw.preview.infomaniak.website\/_new2016\/fr\/?page_id=1040"},"modified":"2025-10-28T15:02:44","modified_gmt":"2025-10-28T14:02:44","slug":"occupant-sortant","status":"publish","type":"page","link":"https:\/\/www.socialenergie.be\/fr\/contrats\/demenagement\/occupant-sortant\/","title":{"rendered":"D\u00e9marches pour l&rsquo;occupant sortant"},"content":{"rendered":"<p>Lors de son d\u00e9m\u00e9nagement, l\u2019occupant qui quitte un logement doit s\u2019assurer d\u2019avoir rempli toutes les conditions suivantes :<\/p>\n<ol start=\"1\">\n<li><strong>disposer d\u2019un contrat \u00e9nerg\u00e9tique valide et actif \u00e0 sa nouvelle adresse<br \/>\n<\/strong>L\u2019occupant sortant a le choix entre deux possibilit\u00e9s :<\/li>\n<\/ol>\n<ul>\n<li style=\"list-style-type: none;\">\n<ul>\n<li><a href=\"https:\/\/www.socialenergie.be\/fr\/contrats\/demenagement\/transferer-ou-conclure\/\">transf\u00e9rer son contrat<\/a> actuel \u00e0 sa nouvelle adresse<\/li>\n<li><a href=\"https:\/\/www.socialenergie.be\/fr\/contrats\/demenagement\/transferer-ou-conclure\/\">r\u00e9silier son contrat<\/a> \u00e9nerg\u00e9tique pour en conclure un autre<\/li>\n<\/ul>\n<\/li>\n<\/ul>\n<ol start=\"2\">\n<li><strong>cl\u00f4turer la consommation du logement qu\u2019il quitte<br \/>\n<\/strong>L\u2019occupant sortant doit imp\u00e9rativement cl\u00f4turer la consommation \u00e0 son ancien logement. En fonction des circonstances, il peut d\u00e9cider :<\/li>\n<\/ol>\n<ul>\n<li style=\"list-style-type: none;\">\n<ul>\n<li><strong>de laisser ses compteurs ouverts<\/strong> (voir ci-dessous) uniquement s\u2019il a transmis ses index de sortie. L\u2019occupant choisit cette option uniquement dans le cas o\u00f9 il a pu transmettre \u00e0 son fournisseur <a class=\"lexique\" title=\"Il s\u2019agit de noter les index des compteurs d\u2019\u00e9nergie en pr\u00e9sence de l\u2019occupant entrant ou sortant (selon que l\u2019on quitte un logement ou qu\u2019on y emm\u00e9nage) et une tierce personne (bailleur ou expert effectuant l\u2019\u00e9tat des lieux). Ce relev\u00e9 doit \u00eatre \u00e9tabli au moment du d\u00e9m\u00e9nagement.\">le relev\u00e9 contradictoire des index<\/a> sign\u00e9 par lui-m\u00eame et un tiers (soit l\u2019occupant entrant, soit le propri\u00e9taire, soit un expert r\u00e9alisant l\u2019\u00e9tat des lieux).<\/li>\n<li><strong>de demander une fermeture des compteurs<\/strong> (voir ci-dessous) uniquement si le relev\u00e9 contradictoire des index n\u2019a pas pu \u00eatre r\u00e9alis\u00e9. L\u2019occupant opte pour cette option uniquement dans le cas o\u00f9 il n\u2019a pas pu transmettre \u00e0 son fournisseur le relev\u00e9 contradictoire des index de sortie (absence du bailleur, du locataire entrant ou de l\u2019expert).<\/li>\n<\/ul>\n<\/li>\n<\/ul>\n<p class=\"info\"><strong>\u00c9viter dans la mesure du possible de fermer les compteurs<br \/>\n<\/strong>La fermeture des compteurs est \u00e0 \u00e9viter dans la mesure du possible car, si elle est gratuite pour l\u2019occupant sortant, l\u2019ensemble des co\u00fbts et de la proc\u00e9dure seront \u00e0 charge du prochain occupant.<\/p>\n<div class=\"title_code\">Laisser les compteurs ouverts<\/div>\n\n        <div class=\"content_code\">\n<p>En r\u00e8gle g\u00e9n\u00e9rale, l\u2019occupant quittant son logement cl\u00f4ture sa consommation en transmettant ses index. Pour ce faire il doit :<strong style=\"font-family: Oxygen, sans-serif; font-size: 1.17em;\"><br \/>\n<\/strong><\/p>\n<h3>1. R\u00e9aliser un relev\u00e9 contradictoire des index de sortie des compteurs<\/h3>\n<p>Cette op\u00e9ration consiste \u00e0 noter les index de consommation en pr\u00e9sence de l\u2019occupant suivant, du bailleur ou d\u2019un expert r\u00e9alisant l\u2019\u00e9tat des lieux. Pour plus de facilit\u00e9, il est recommand\u00e9 d\u2019effectuer le relev\u00e9 contradictoire lors de l\u2019\u00e9tat des lieux de sortie de l\u2019occupant.<\/p>\n<p class=\"info\"><strong>En cas d\u2019impossibilit\u00e9 de r\u00e9aliser un relev\u00e9 contradictoire :<br \/>\n<\/strong>Si le relev\u00e9 contradictoire ne peut pas \u00eatre \u00e9tabli, le fournisseur peut proposer de transmettre les index par t\u00e9l\u00e9phone ou au moyen d\u2019une photo dat\u00e9e, d\u2019un document explicatif et d\u2019une signature (veillez \u00e0 conserver une copie des documents envoy\u00e9s).<\/p>\n<p>Cette solution est toutefois \u00e0 d\u00e9conseiller car en cas de litige, seuls les formulaires de reprises d\u2019\u00e9nergie (In et Out) ont une valeur juridique. Il est donc recommand\u00e9 de proc\u00e9der \u00e0 la fermeture des compteurs si le relev\u00e9 contradictoire ne peut pas \u00eatre r\u00e9alis\u00e9.<strong style=\"color: #666666; font-family: Oxygen, sans-serif; font-size: 1.17em;\"><br \/>\n<\/strong><\/p>\n<h3>2. Reporter ce relev\u00e9 par \u00e9crit, \u00e0 l\u2019aide du document de reprise des \u00e9nergies<\/h3>\n<p>Ce <a href=\"https:\/\/www.socialenergie.be\/fr\/publications\/formulaire-de-reprise-des-energies\/\" target=\"_blank\" rel=\"noopener\">document<\/a> doit \u00eatre d\u00fbment compl\u00e9t\u00e9 et sign\u00e9 par les parties (l\u2019occupant sortant et un tiers : propri\u00e9taire, expert, occupant entrant).<\/p>\n<p>Si l\u2019occupant ne peut utiliser le formulaire pr\u00e9vu (faute d\u2019acc\u00e8s \u00e0 internet, impossibilit\u00e9 de t\u00e9l\u00e9charger le document, etc.), il peut demander au fournisseur de recevoir ce formulaire par courrier, par fax ou par mail.<\/p>\n<p class=\"attention info\"><strong>Conserver une copie du relev\u00e9 contradictoire d\u2019index<\/strong><br \/>\nIl important d\u2019\u00e9viter de transmettre le relev\u00e9 d\u2019index oralement par t\u00e9l\u00e9phone. Il est pr\u00e9f\u00e9rable de privil\u00e9gier un mode de transmission par \u00e9crit et de conserver une copie de ce relev\u00e9 contradictoire d\u2019index, qu\u2019il s\u2019agisse du document de reprise des \u00e9nergies, d\u2019un courrier, d\u2019un fax ou encore d\u2019un mail.<\/p>\n<p>En effet, de nombreux litiges rencontr\u00e9s par les usagers concernent les relev\u00e9s d\u2019index. La r\u00e9solution de ces litiges est plus complexe lorsqu\u2019il n\u2019existe aucune trace \u00e9crite de ces relev\u00e9s d\u2019index. <span lang=\"FR-BE\" xml:lang=\"FR-BE\" data-contrast=\"auto\">Sibelga r\u00e9alisera une estimation des consommations des deux occupants.<\/span> Par ailleurs, le litige peut se pr\u00e9senter parfois plusieurs ann\u00e9es apr\u00e8s le d\u00e9m\u00e9nagement. Il faut donc conserver ces pi\u00e8ces pr\u00e9cieusement.<\/p>\n<h3><strong>3. Envoyer et transmettre ce formulaire au fournisseur commercial<\/strong>.<\/h3>\n<p>Le fournisseur concern\u00e9 est celui aupr\u00e8s duquel l\u2018occupant a sign\u00e9 et conclu le contrat courant pour le logement qu\u2019il quitte.<\/p>\n<h3>4. R\u00e9ceptionner la facture de cl\u00f4ture<\/h3>\n<p>Lorsque le fournisseur re\u00e7oit le relev\u00e9 contradictoire des index de sortie, il \u00e9met une facture de cl\u00f4ture de la consommation<span lang=\"FR-BE\" xml:lang=\"FR-BE\" data-contrast=\"auto\">, dans un d\u00e9lai maximal de 6 semaines. <\/span><span lang=\"FR-BE\" xml:lang=\"FR-BE\" data-contrast=\"auto\">En cas de facturation tardive, le client peut r\u00e9clamer une compensation aupr\u00e8s de son fournisseur.<\/span><\/p>\n<p>L\u2019occupant sortant doit \u00eatre attentif aux points suivants :<\/p>\n<ul>\n<li><strong>s\u2019assurer qu\u2019il a bien re\u00e7u la facture de cl\u00f4ture<\/strong><br \/>\nLa personne peut demander que cette facture lui parvienne \u00e0 sa nouvelle adresse, si elle la mentionne \u00e0 son fournisseur. Par d\u00e9faut, cette facture est envoy\u00e9e au \u00ab domicile connu \u00bb c\u2019est-\u00e0-dire le logement quitt\u00e9.<\/li>\n<li><strong>comparer les index<\/strong><br \/>\nIl est important de comparer les index de sortie report\u00e9s dans le document de reprise des \u00e9nergies (ou dans la lettre, le fax, le mail envoy\u00e9 au fournisseur \u00e0 d\u00e9faut du formulaire) avec les index mentionn\u00e9s sur <a href=\"https:\/\/www.socialenergie.be\/fr\/factures\/types\/cloture\/\">la facture de cl\u00f4ture<\/a> afin de v\u00e9rifier qu\u2019ils correspondent et \u00e9viter des erreurs.<\/li>\n<\/ul>\n<p><\/div><div class=\"title_code\">Fermer les compteurs<\/div>\n\n        <div class=\"content_code\"><\/p>\n<p>En r\u00e8gle g\u00e9n\u00e9rale, l\u2019occupant quittant son logement cl\u00f4ture sa consommation en transmettant ses index. S\u2019il lui est impossible de r\u00e9aliser le relev\u00e9 contradictoire, l\u2019occupant doit demander \u00e0 SIBELGA la fermeture de ses compteurs de gaz et d\u2019\u00e9lectricit\u00e9.<\/p>\n<p class=\"attention\"><strong>Proc\u00e9dure obligatoire si la r\u00e9alisation du relev\u00e9 contradictoire est impossible.<br \/>\n<\/strong>Si le relev\u00e9 contradictoire des index est impossible, il est vivement conseill\u00e9 de demander la fermeture des compteurs afin d\u2019\u00e9viter de lourdes complications par la suite (<a href=\"https:\/\/www.socialenergie.be\/contrats\/consommation-hors-contrat\/\" target=\"_blank\" rel=\"noopener noreferrer\">consommation hors contrat<\/a>).<\/p>\n<p>Pour fermer ses compteurs (op\u00e9ration gratuite), l\u2019occupant :<\/p>\n<h3><strong>1. Doit prendre rendez-vous aupr\u00e8s de Sibelga dans les plus brefs d\u00e9lais<\/strong><\/h3>\n<p>En principe, la proc\u00e9dure est assez rapide mais les d\u00e9lais peuvent varier selon les p\u00e9riodes de l\u2019ann\u00e9e et le nombre de demandes. En temps normal, il faut compter deux \u00e0 trois jours ouvrables entre la prise de rendez-vous aupr\u00e8s de SIBELGA et le passage de leur technicien.<\/p>\n<p>La veille de l\u2019intervention, Sibelga enverra un SMS pour\u00a0informer de l\u2019heure probable de passage du technicien.<\/p>\n<h3><strong>2. Peut consulter le \u00ab Planophone \u00bb de Sibelga<\/strong><\/h3>\n<p>La veille du rendez-vous, \u00e0 partir de 14 heures, l\u2019occupant peut contacter le \u00ab Planophone \u00bb (en t\u00e9l\u00e9phonant au <strong>0800\/944.88<\/strong>) afin de conna\u00eetre l\u2019heure de passage du technicien.<\/p>\n<h3><strong>3. Doit s\u2019assurer d\u2019\u00eatre pr\u00e9sent sur place au moment du rendez-vous<\/strong><\/h3>\n<p>S\u2019il ne peut \u00eatre pr\u00e9sent, <span lang=\"FR-BE\" xml:lang=\"FR-BE\" data-contrast=\"auto\">la pr\u00e9sence d\u2019un adulte est n\u00e9anmoins indispensable<\/span>.<\/p>\n<p>La sonnette doit porter le nom de l\u2019occupant et fonctionner. Si elle ne fonctionne pas, Sibelga demande d\u2019afficher un num\u00e9ro de contact.<\/p>\n<h3><strong>4. Doit s\u2019assurer que les compteurs sont bien accessibles<\/strong> (pas de meubles encombrant l\u2019acc\u00e8s)<\/h3>\n<p>Une fois sur place, le technicien de SIBELGA rel\u00e8ve les index des compteurs avant de proc\u00e9der \u00e0 leur fermeture et \u00e0 la mise sous scell\u00e9s. Il n\u2019est donc pas obligatoire de relever pr\u00e9alablement les index et de les communiquer au fournisseur. Par contre, il est conseill\u00e9 de prendre note des index, de demander une validation par la signature du technicien de SIBELGA et de garder une trace \u00e9crite du document.<\/p>\n<p class=\"info\"><strong>Accessibilit\u00e9 des compteurs :<br \/>\n<\/strong>Il est important de respecter cette obligation d\u2019acc\u00e8s aux compteurs, c\u2019est-\u00e0-dire d\u00e9placement de meubles, d\u2019immondices en emp\u00eachant l\u2019acc\u00e8s. L\u2019obligation d\u2019accessibilit\u00e9 est double. D\u2019une part, il est de l\u2019obligation du propri\u00e9taire de donner acc\u00e8s \u00e0 la pi\u00e8ce o\u00f9 sont situ\u00e9s les compteurs (local accessible, cl\u00e9, etc.). D\u2019autre part, l\u2019occupant a l\u2019obligation de garantir le libre acc\u00e8s aux compteurs de l\u2019immeuble et\/ou du logement.<\/p>\n<p class=\"attention\"><strong>Au cas o\u00f9 la fermeture des compteurs n\u2019a pu \u00eatre r\u00e9alis\u00e9e<br \/>\n<\/strong>Plusieurs cas de figure peuvent se pr\u00e9senter :<\/p>\n<p><strong>&#8211; l\u2019occupant est absent et n\u2019a pas pu pr\u00e9venir SIBELGA<\/strong>. Celui-ci peut convenir d\u2019un autre rendez-vous avec SIBELGA mais les frais de d\u00e9placement du technicien lui seront r\u00e9clam\u00e9s.<\/p>\n<p><strong>&#8211; l\u2019occupant a un contretemps mais a pu pr\u00e9venir SIBELGA<\/strong> au plus tard la veille du rendez-vous et convenir d\u2019un autre moment, il ne devra pas s\u2019acquitter des frais de d\u00e9placement.<\/p>\n<p><\/div><div class=\"title_code\">Check-list des d\u00e9marches \u00e0 accomplir<\/div>\n\n        <div class=\"content_code\"><\/p>\n<p>Vous trouverez dans cette <a href=\"https:\/\/www.socialenergie.be\/fr\/publications\/fiche-pratique-demenagement\/\" target=\"_blank\" rel=\"noopener noreferrer\">fiche pratique<\/a> une liste r\u00e9capitulative des d\u00e9marches \u00e0 accomplir lors d&rsquo;un d\u00e9m\u00e9nagement.<\/p>\n<p><\/div><\/p>\n<ol start=\"2\">\n<li style=\"list-style-type: none;\">\n<ol start=\"1\"><!-- Add code here that should appear in the content block of all new pages --><\/ol>\n<\/li>\n<\/ol>\n","protected":false},"excerpt":{"rendered":"<p>Lors de son d\u00e9m\u00e9nagement, l\u2019occupant qui quitte un logement doit s\u2019assurer d\u2019avoir rempli toutes les conditions suivantes : disposer d\u2019un contrat \u00e9nerg\u00e9tique valide et actif \u00e0 sa nouvelle adresse L\u2019occupant sortant a le choix entre deux possibilit\u00e9s : transf\u00e9rer son contrat actuel \u00e0 sa nouvelle adresse r\u00e9silier son contrat \u00e9nerg\u00e9tique pour en conclure un autre [&hellip;]<\/p>\n","protected":false},"author":1,"featured_media":0,"parent":1034,"menu_order":169,"comment_status":"closed","ping_status":"closed","template":"","meta":{"_acf_changed":false,"footnotes":""},"class_list":["post-1040","page","type-page","status-publish","hentry"],"acf":[],"_links":{"self":[{"href":"https:\/\/www.socialenergie.be\/fr\/wp-json\/wp\/v2\/pages\/1040","targetHints":{"allow":["GET"]}}],"collection":[{"href":"https:\/\/www.socialenergie.be\/fr\/wp-json\/wp\/v2\/pages"}],"about":[{"href":"https:\/\/www.socialenergie.be\/fr\/wp-json\/wp\/v2\/types\/page"}],"author":[{"embeddable":true,"href":"https:\/\/www.socialenergie.be\/fr\/wp-json\/wp\/v2\/users\/1"}],"replies":[{"embeddable":true,"href":"https:\/\/www.socialenergie.be\/fr\/wp-json\/wp\/v2\/comments?post=1040"}],"version-history":[{"count":13,"href":"https:\/\/www.socialenergie.be\/fr\/wp-json\/wp\/v2\/pages\/1040\/revisions"}],"predecessor-version":[{"id":12243,"href":"https:\/\/www.socialenergie.be\/fr\/wp-json\/wp\/v2\/pages\/1040\/revisions\/12243"}],"up":[{"embeddable":true,"href":"https:\/\/www.socialenergie.be\/fr\/wp-json\/wp\/v2\/pages\/1034"}],"wp:attachment":[{"href":"https:\/\/www.socialenergie.be\/fr\/wp-json\/wp\/v2\/media?parent=1040"}],"curies":[{"name":"wp","href":"https:\/\/api.w.org\/{rel}","templated":true}]}}