{"id":1062,"date":"2016-06-07T16:42:02","date_gmt":"2016-06-07T14:42:02","guid":{"rendered":"http:\/\/zl31wzsmw.preview.infomaniak.website\/_new2016\/fr\/?page_id=1062"},"modified":"2026-01-21T14:17:25","modified_gmt":"2026-01-21T13:17:25","slug":"garanties-financieres","status":"publish","type":"page","link":"https:\/\/www.socialenergie.be\/fr\/contrats\/protection\/garanties-financieres\/","title":{"rendered":"Garanties financi\u00e8res"},"content":{"rendered":"<h2>Conditions<\/h2>\n<p>Selon la l\u00e9gislation r\u00e9gionale<a href=\"#_ftn1\">[1]<\/a>, le fournisseur peut conditionner son offre de contrat \u00e0 la constitution d\u2019une garantie financi\u00e8re (caution) si la personne a une dette \u00e0 son \u00e9gard et ne respecte pas le plan de paiement \u00e9ventuellement conclu.<\/p>\n<p>Le fournisseur est libre de proposer ou non cette solution au client. En effet, dans ce cas de figure, il a \u00e9galement le droit de refuser purement et simplement de <a href=\"https:\/\/www.socialenergie.be\/fr\/contrats\/protection\/obligations-des-fournisseurs\/\">faire une proposition de contrat ou de le renouveler<\/a>.<\/p>\n<p>Le fournisseur doit fournir par \u00e9crit une description pr\u00e9cise et objective des conditions applicables \u00e0 cette demande de garantie.<\/p>\n<p class=\"greybg\"><a name=\"_ftn1\"><\/a>[1]Art.20 bis, al. 2 \u00e0 5, Ord. du 01 avril 2004 relative \u00e0 l&rsquo;organisation du march\u00e9 du gaz en R\u00e9gion de Bruxelles-Capitale ; Art.25 ter al. 2 \u00e0 5, Ord. du 19 juillet 2001 relative \u00e0 l\u2019organisation du march\u00e9 de l\u2019\u00e9lectricit\u00e9 en R\u00e9gion de Bruxelles-Capitale<\/p>\n<h2>Modalit\u00e9s<\/h2>\n<p>La caution prend la forme d\u2019une garantie bancaire.<\/p>\n<p>Lors des derni\u00e8res modifications des ordonnances, le l\u00e9gislateur a supprim\u00e9 les modalit\u00e9s qui encadrent la constitution de la caution (montants, termes, &#8230;). Le fournisseur est donc libre d&rsquo;en fixer le montant. Celui-ci doit cependant \u00eatre raisonnable et proportionn\u00e9 \u00e0 la consommation probable du client.<\/p>\n<p>Le fournisseur doit faire part de ses exigences par \u00e9crit et mettre \u00e0 disposition du client les documents \u00e0 faire compl\u00e9ter par l&rsquo;institution financi\u00e8re. De son c\u00f4t\u00e9, le client doit remettre ces documents d\u00fbment compl\u00e9t\u00e9s au fournisseur avant la date pr\u00e9vue pour la fourniture d\u2019\u00e9nergie.<\/p>\n<p>Le d\u00e9lai permettant de demander une caution doit \u00eatre compatible avec l&rsquo;obligation de reprise du point de fourniture dans les 3 semaines \u00e0 la demande du client.<\/p>\n<p>Une caution ne peut \u00eatre demand\u00e9e en cours de contrat.<\/p>\n<p>&nbsp;<\/p>\n<p><!-- Add code here that should appear in the content block of all new pages --><\/p>\n","protected":false},"excerpt":{"rendered":"<p>Conditions Selon la l\u00e9gislation r\u00e9gionale[1], le fournisseur peut conditionner son offre de contrat \u00e0 la constitution d\u2019une garantie financi\u00e8re (caution) si la personne a une dette \u00e0 son \u00e9gard et ne respecte pas le plan de paiement \u00e9ventuellement conclu. Le fournisseur est libre de proposer ou non cette solution au client. En effet, dans ce [&hellip;]<\/p>\n","protected":false},"author":1,"featured_media":0,"parent":1060,"menu_order":189,"comment_status":"closed","ping_status":"closed","template":"","meta":{"_acf_changed":false,"footnotes":""},"class_list":["post-1062","page","type-page","status-publish","hentry"],"acf":[],"_links":{"self":[{"href":"https:\/\/www.socialenergie.be\/fr\/wp-json\/wp\/v2\/pages\/1062","targetHints":{"allow":["GET"]}}],"collection":[{"href":"https:\/\/www.socialenergie.be\/fr\/wp-json\/wp\/v2\/pages"}],"about":[{"href":"https:\/\/www.socialenergie.be\/fr\/wp-json\/wp\/v2\/types\/page"}],"author":[{"embeddable":true,"href":"https:\/\/www.socialenergie.be\/fr\/wp-json\/wp\/v2\/users\/1"}],"replies":[{"embeddable":true,"href":"https:\/\/www.socialenergie.be\/fr\/wp-json\/wp\/v2\/comments?post=1062"}],"version-history":[{"count":9,"href":"https:\/\/www.socialenergie.be\/fr\/wp-json\/wp\/v2\/pages\/1062\/revisions"}],"predecessor-version":[{"id":13347,"href":"https:\/\/www.socialenergie.be\/fr\/wp-json\/wp\/v2\/pages\/1062\/revisions\/13347"}],"up":[{"embeddable":true,"href":"https:\/\/www.socialenergie.be\/fr\/wp-json\/wp\/v2\/pages\/1060"}],"wp:attachment":[{"href":"https:\/\/www.socialenergie.be\/fr\/wp-json\/wp\/v2\/media?parent=1062"}],"curies":[{"name":"wp","href":"https:\/\/api.w.org\/{rel}","templated":true}]}}