{"id":1153,"date":"2016-06-09T15:10:26","date_gmt":"2016-06-09T13:10:26","guid":{"rendered":"http:\/\/zl31wzsmw.preview.infomaniak.website\/_new2016\/fr\/?page_id=1153"},"modified":"2023-10-24T13:10:46","modified_gmt":"2023-10-24T11:10:46","slug":"reseau-de-vigilance","status":"publish","type":"page","link":"https:\/\/www.socialenergie.be\/fr\/qui-sommes-nous\/reseau-de-vigilance\/","title":{"rendered":"R\u00e9seau de Vigilance"},"content":{"rendered":"<p><a href=\"https:\/\/www.socialenergie.be\/wp-content\/uploads\/20008-CASE-picto_0128.png\"><img loading=\"lazy\" decoding=\"async\" class=\"aligncenter wp-image-8644 size-thumbnail\" src=\"https:\/\/www.socialenergie.be\/wp-content\/uploads\/20008-CASE-picto_0128-150x150.png\" alt=\"\" width=\"150\" height=\"150\" srcset=\"https:\/\/www.socialenergie.be\/wp-content\/uploads\/20008-CASE-picto_0128-150x150.png 150w, https:\/\/www.socialenergie.be\/wp-content\/uploads\/20008-CASE-picto_0128-300x300.png 300w, https:\/\/www.socialenergie.be\/wp-content\/uploads\/20008-CASE-picto_0128.png 667w\" sizes=\"auto, (max-width: 150px) 100vw, 150px\" \/><\/a><\/p>\n<p>Le R\u00e9seau de Vigilance est un lieu de rencontre et d\u2019\u00e9changes entre travailleurs sociaux des diff\u00e9rents secteurs de l\u2019aide sociale \u00e0 Bruxelles autour de la probl\u00e9matique de l\u2019acc\u00e8s \u00e0 l\u2019\u00e9nergie\/l\u2019eau.<\/p>\n<p>Un mardi apr\u00e8s-midi (2h), environ tous les deux mois, des travailleurs sociaux de CPAS, de services sociaux associatifs, de services de m\u00e9diation de dettes, de services actifs en mati\u00e8re de logement, du service d\u2019information Infor GazElec, du Centre d\u2019appui SocialEnergie,\u2026 se rassemblent autour d\u2019un th\u00e8me concret relatif \u00e0 l\u2019acc\u00e8s et au droit \u00e0 l\u2019\u00e9nergie\/l\u2019eau.<\/p>\n<p style=\"text-align: center;\"><strong>Tout travailleur social y est le bienvenu !<\/strong><\/p>\n<h2><span style=\"color: #00849f;\"><strong>Objectifs<\/strong><\/span><\/h2>\n<p>Ces rencontres visent principalement \u00e0 :<\/p>\n<ul>\n<li>Outiller les travailleurs sociaux, en les informant sur des questions concr\u00e8tes utiles \u00e0 leur pratique professionnelle (dispositifs sociaux, \u00e9volutions l\u00e9gislatives, pratiques des diff\u00e9rents acteurs de l\u2019\u00e9nergie) ou sur des th\u00e8mes pratiques (factures, prix, consommation, d\u00e9m\u00e9nagements, pr\u00eats, \u2026).<\/li>\n<li>Permettre un \u00e9change sur les pratiques des diff\u00e9rents services repr\u00e9sent\u00e9s au R\u00e9seau, sur les situations et difficult\u00e9s rencontr\u00e9es, sur les questions que se posent les travailleurs dans leur pratique.<\/li>\n<\/ul>\n<p>A travers ces \u00e9changes, le R\u00e9seau est aussi un lieu d\u2019\u00e9valuation des dispositifs l\u00e9gislatifs existants et de leur mise en \u0153uvre. Des repr\u00e9sentants politiques et d\u2019administrations y trouvent d\u2019ailleurs des \u00e9chos utiles \u00e0 leur propre \u00e9valuation.<\/p>\n<p>Les rencontres peuvent prendre diff\u00e9rentes formes\u00a0: \u00e9change de pratiques autour de cas concrets, sur un th\u00e8me d\u00e9termin\u00e9, pr\u00e9sentation d\u2019une th\u00e9matique par un expert (par exemple, lors de modifications l\u00e9gislatives), etc.<\/p>\n<h2><span style=\"color: #00849f;\"><strong>O\u00f9\u00a0 ?<\/strong><\/span><\/h2>\n<ul>\n<li>CPAS DE BRUXELLES, Cellule \u00c9nergie \u2013 Rue de la Sablonni\u00e8re 2, 1000 Bruxelles<\/li>\n<li>G\u00e9n\u00e9ralement le mardi, de 14h00 \u00e0 16h00<\/li>\n<\/ul>\n<p class=\"info\">Toute personne int\u00e9ress\u00e9e de recevoir les <strong>invitations aux s\u00e9ances<\/strong> et les <strong>compte-rendu<\/strong> peut \u00eatre ajout\u00e9e \u00e0 la liste de diffusion, sur simple demande \u00e0 <a href=\"mailto:natacha.delers@fdss.be\">natacha.delers@fdss.be<\/a> (Natacha Delers, membre du secr\u00e9tariat du R\u00e9seau de Vigilance).<\/p>\n<p>&nbsp;<\/p>\n","protected":false},"excerpt":{"rendered":"<p>Le R\u00e9seau de Vigilance est un lieu de rencontre et d\u2019\u00e9changes entre travailleurs sociaux des diff\u00e9rents secteurs de l\u2019aide sociale \u00e0 Bruxelles autour de la probl\u00e9matique de l\u2019acc\u00e8s \u00e0 l\u2019\u00e9nergie\/l\u2019eau. Un mardi apr\u00e8s-midi (2h), environ tous les deux mois, des travailleurs sociaux de CPAS, de services sociaux associatifs, de services de m\u00e9diation de dettes, de [&hellip;]<\/p>\n","protected":false},"author":1,"featured_media":0,"parent":102,"menu_order":101,"comment_status":"closed","ping_status":"closed","template":"temp_fullcontent.php","meta":{"_acf_changed":false,"footnotes":""},"class_list":["post-1153","page","type-page","status-publish","hentry"],"acf":[],"_links":{"self":[{"href":"https:\/\/www.socialenergie.be\/fr\/wp-json\/wp\/v2\/pages\/1153","targetHints":{"allow":["GET"]}}],"collection":[{"href":"https:\/\/www.socialenergie.be\/fr\/wp-json\/wp\/v2\/pages"}],"about":[{"href":"https:\/\/www.socialenergie.be\/fr\/wp-json\/wp\/v2\/types\/page"}],"author":[{"embeddable":true,"href":"https:\/\/www.socialenergie.be\/fr\/wp-json\/wp\/v2\/users\/1"}],"replies":[{"embeddable":true,"href":"https:\/\/www.socialenergie.be\/fr\/wp-json\/wp\/v2\/comments?post=1153"}],"version-history":[{"count":14,"href":"https:\/\/www.socialenergie.be\/fr\/wp-json\/wp\/v2\/pages\/1153\/revisions"}],"predecessor-version":[{"id":9254,"href":"https:\/\/www.socialenergie.be\/fr\/wp-json\/wp\/v2\/pages\/1153\/revisions\/9254"}],"up":[{"embeddable":true,"href":"https:\/\/www.socialenergie.be\/fr\/wp-json\/wp\/v2\/pages\/102"}],"wp:attachment":[{"href":"https:\/\/www.socialenergie.be\/fr\/wp-json\/wp\/v2\/media?parent=1153"}],"curies":[{"name":"wp","href":"https:\/\/api.w.org\/{rel}","templated":true}]}}