{"id":178,"date":"2016-05-27T09:30:36","date_gmt":"2016-05-27T07:30:36","guid":{"rendered":"http:\/\/zl31wzsmw.preview.infomaniak.website\/_new2016\/fr\/?page_id=178"},"modified":"2026-01-13T11:11:48","modified_gmt":"2026-01-13T10:11:48","slug":"normes","status":"publish","type":"page","link":"https:\/\/www.socialenergie.be\/fr\/logement\/normes\/","title":{"rendered":"Un logement aux normes"},"content":{"rendered":"<p class=\"attention\">Cette partie du site web est en cours de mise \u00e0 jour.<\/p>\n<ul>\n<li><a href=\"https:\/\/www.socialenergie.be\/logement\/normes\/normes-de-base\/\">Normes de base<\/a><\/li>\n<li><a href=\"https:\/\/www.socialenergie.be\/logement\/normes\/normes-relatives-aux-installations-de-gaz-delectricite-et-deau-froide\/\">Gaz, \u00e9lectricit\u00e9 et eau froide<\/a><\/li>\n<li><a href=\"https:\/\/www.socialenergie.be\/logement\/normes\/chauffage-eau-chaude\/\">Chauffage et eau chaude sanitaire<\/a><\/li>\n<li><a href=\"https:\/\/www.socialenergie.be\/logement\/normes\/normes-relatives-aux-compteurs\/\">Compteurs<\/a><\/li>\n<li><a href=\"https:\/\/www.socialenergie.be\/logement\/normes\/normes-relatives-a-lhumidite-laeration-et-la-densite-doccupation\/\">Humidit\u00e9, a\u00e9ration et densit\u00e9 d&rsquo;occupation<\/a><\/li>\n<li><a href=\"https:\/\/www.socialenergie.be\/logement\/normes\/normes-relatives-a-la-luminosite-fenetres-et-eclairage\/\">Luminosit\u00e9, fen\u00eatres et \u00e9clairage<\/a><\/li>\n<li><a href=\"https:\/\/www.socialenergie.be\/logement\/normes\/normes-relatives-a-lisolation-thermique\/\">Isolation<\/a><\/li>\n<\/ul>\n","protected":false},"excerpt":{"rendered":"<p>Cette partie du site web est en cours de mise \u00e0 jour. Normes de base Gaz, \u00e9lectricit\u00e9 et eau froide Chauffage et eau chaude sanitaire Compteurs Humidit\u00e9, a\u00e9ration et densit\u00e9 d&rsquo;occupation Luminosit\u00e9, fen\u00eatres et \u00e9clairage Isolation<\/p>\n","protected":false},"author":1,"featured_media":0,"parent":146,"menu_order":416,"comment_status":"closed","ping_status":"closed","template":"","meta":{"_acf_changed":false,"footnotes":""},"class_list":["post-178","page","type-page","status-publish","hentry"],"acf":[],"_links":{"self":[{"href":"https:\/\/www.socialenergie.be\/fr\/wp-json\/wp\/v2\/pages\/178","targetHints":{"allow":["GET"]}}],"collection":[{"href":"https:\/\/www.socialenergie.be\/fr\/wp-json\/wp\/v2\/pages"}],"about":[{"href":"https:\/\/www.socialenergie.be\/fr\/wp-json\/wp\/v2\/types\/page"}],"author":[{"embeddable":true,"href":"https:\/\/www.socialenergie.be\/fr\/wp-json\/wp\/v2\/users\/1"}],"replies":[{"embeddable":true,"href":"https:\/\/www.socialenergie.be\/fr\/wp-json\/wp\/v2\/comments?post=178"}],"version-history":[{"count":10,"href":"https:\/\/www.socialenergie.be\/fr\/wp-json\/wp\/v2\/pages\/178\/revisions"}],"predecessor-version":[{"id":13210,"href":"https:\/\/www.socialenergie.be\/fr\/wp-json\/wp\/v2\/pages\/178\/revisions\/13210"}],"up":[{"embeddable":true,"href":"https:\/\/www.socialenergie.be\/fr\/wp-json\/wp\/v2\/pages\/146"}],"wp:attachment":[{"href":"https:\/\/www.socialenergie.be\/fr\/wp-json\/wp\/v2\/media?parent=178"}],"curies":[{"name":"wp","href":"https:\/\/api.w.org\/{rel}","templated":true}]}}