{"id":180,"date":"2016-05-27T09:31:09","date_gmt":"2016-05-27T07:31:09","guid":{"rendered":"http:\/\/zl31wzsmw.preview.infomaniak.website\/_new2016\/fr\/?page_id=180"},"modified":"2025-10-09T15:19:20","modified_gmt":"2025-10-09T13:19:20","slug":"normes-de-base","status":"publish","type":"page","link":"https:\/\/www.socialenergie.be\/fr\/logement\/normes\/normes-de-base\/","title":{"rendered":"Logement et energie : normes"},"content":{"rendered":"<p class=\"attention\">Cette partie du site web est en cours de mise \u00e0 jour.<\/p>\n<p>Les normes d\u00e9finies par l\u2019arr\u00eat\u00e9 royal du 8 juillet 1997 et la loi du 25 avril 2007 ainsi que par le code bruxellois du logement concernent principalement les exigences de s\u00e9curit\u00e9, de salubrit\u00e9, d&rsquo;habitabilit\u00e9<span class=\"exposant\">1<\/span> et d&rsquo;\u00e9quipement. Il s\u2019agit des installations et des \u00e9quipements qui doivent obligatoirement \u00eatre pr\u00e9sents dans le logement, parmi lesquels\u00a0:<\/p>\n<p>1. S\u00e9curit\u00e9\u00a0:<\/p>\n<ul>\n<li>les installations de gaz, d\u2019\u00e9lectricit\u00e9 et d\u2019eau,<\/li>\n<li>les installations de chauffage et d\u2019eau chaude sanitaire,<\/li>\n<li>les normes de configuration du logement\u00a0: isolation, stabilit\u00e9 et surfaces minimales.<\/li>\n<\/ul>\n<p>2. Salubrit\u00e9\u00a0:<\/p>\n<ul>\n<li>les normes en mati\u00e8re d\u2019humidit\u00e9 et de ventilation,<\/li>\n<li>les parasites,<\/li>\n<li>l\u2019\u00e9vacuation des eaux us\u00e9es et les \u00e9gouts.<\/li>\n<\/ul>\n<p>3. Equipements\u00a0:<\/p>\n<ul>\n<li>les compteurs,<em><br \/>\n<\/em><\/li>\n<li>les \u00e9quipements des installations de gaz, d\u2019\u00e9lectricit\u00e9, d\u2019eau,<\/li>\n<li>les \u00e9quipements sanitaires et de cuisson des aliments.<\/li>\n<\/ul>\n<div class=\"informations info\">\n<p><strong>Normes techniques des installations et \u00e9quipements<br \/>\n<\/strong>Les diff\u00e9rentes installations doivent elles-m\u00eames r\u00e9pondre \u00e0 des \u00ab\u00a0normes\u00a0\u00bb techniques sp\u00e9cifiques consign\u00e9es par :<\/p>\n<ul>\n<li>le SPF Economie<\/li>\n<li>le <a class=\"lexique\" href=\"http:\/\/www.cstc.be\/homepage\/index.cfm?cat=services&amp;sub=standards_home\" target=\"_blank\" rel=\"noopener\">Centre Scientifique et Technique de la Construction (CSTC)<\/a><\/li>\n<li>le <a class=\"lexique\" href=\"http:\/\/www.nbn.be\/FR\/nbn.html\" target=\"_blank\" rel=\"noopener\">Bureau de Normalisation (NBN)<\/a>\u00a0l\u2019organisme national responsable de la concr\u00e9tisation et de la publication des normes en Belgique.<\/li>\n<\/ul>\n<p>Ces installations doivent \u00e9galement faire l\u2019objet de contr\u00f4les p\u00e9riodiques, plus ou moins r\u00e9guliers, r\u00e9alis\u00e9s par des techniciens professionnels.<\/p>\n<\/div>\n<p class=\"greybg cadre small-font\">[1] Terme utilis\u00e9 dans A. R. du 8 juillet 1997 d\u00e9terminant les conditions minimales \u00e0 remplir pour qu&rsquo;un bien immeuble donn\u00e9 en location \u00e0 titre de r\u00e9sidence principale soit conforme aux exigences \u00e9l\u00e9mentaires de s\u00e9curit\u00e9, de salubrit\u00e9 et d&rsquo;habitabilit\u00e9.<\/p>\n","protected":false},"excerpt":{"rendered":"<p>Cette partie du site web est en cours de mise \u00e0 jour. Les normes d\u00e9finies par l\u2019arr\u00eat\u00e9 royal du 8 juillet 1997 et la loi du 25 avril 2007 ainsi que par le code bruxellois du logement concernent principalement les exigences de s\u00e9curit\u00e9, de salubrit\u00e9, d&rsquo;habitabilit\u00e91 et d&rsquo;\u00e9quipement. Il s\u2019agit des installations et des \u00e9quipements [&hellip;]<\/p>\n","protected":false},"author":1,"featured_media":0,"parent":178,"menu_order":419,"comment_status":"closed","ping_status":"closed","template":"","meta":{"_acf_changed":false,"footnotes":""},"class_list":["post-180","page","type-page","status-publish","hentry"],"acf":[],"_links":{"self":[{"href":"https:\/\/www.socialenergie.be\/fr\/wp-json\/wp\/v2\/pages\/180","targetHints":{"allow":["GET"]}}],"collection":[{"href":"https:\/\/www.socialenergie.be\/fr\/wp-json\/wp\/v2\/pages"}],"about":[{"href":"https:\/\/www.socialenergie.be\/fr\/wp-json\/wp\/v2\/types\/page"}],"author":[{"embeddable":true,"href":"https:\/\/www.socialenergie.be\/fr\/wp-json\/wp\/v2\/users\/1"}],"replies":[{"embeddable":true,"href":"https:\/\/www.socialenergie.be\/fr\/wp-json\/wp\/v2\/comments?post=180"}],"version-history":[{"count":9,"href":"https:\/\/www.socialenergie.be\/fr\/wp-json\/wp\/v2\/pages\/180\/revisions"}],"predecessor-version":[{"id":13066,"href":"https:\/\/www.socialenergie.be\/fr\/wp-json\/wp\/v2\/pages\/180\/revisions\/13066"}],"up":[{"embeddable":true,"href":"https:\/\/www.socialenergie.be\/fr\/wp-json\/wp\/v2\/pages\/178"}],"wp:attachment":[{"href":"https:\/\/www.socialenergie.be\/fr\/wp-json\/wp\/v2\/media?parent=180"}],"curies":[{"name":"wp","href":"https:\/\/api.w.org\/{rel}","templated":true}]}}