{"id":1963,"date":"2016-08-08T11:19:08","date_gmt":"2016-08-08T09:19:08","guid":{"rendered":"http:\/\/zl31wzsmw.preview.infomaniak.website\/_new2016\/fr\/?page_id=1963"},"modified":"2025-10-28T13:53:20","modified_gmt":"2025-10-28T12:53:20","slug":"justice","status":"publish","type":"page","link":"https:\/\/www.socialenergie.be\/fr\/recours-plaintes\/justice\/","title":{"rendered":"Recours en justice"},"content":{"rendered":"<ul>\n<li><a href=\"https:\/\/www.socialenergie.be\/fr\/recours-plaintes\/justice\/competences-et-generalites\/\">Comp\u00e9tences et g\u00e9n\u00e9ralit\u00e9s<\/a><\/li>\n<li><a href=\"https:\/\/www.socialenergie.be\/fr\/recours-plaintes\/justice\/saisir-jdp\/\">Saisir la Justice de Paix<\/a><\/li>\n<li><a href=\"https:\/\/www.socialenergie.be\/fr\/recours-plaintes\/justice\/convoque-jdp\/\">\u00catre convoqu\u00e9 en Justice de Paix<\/a><\/li>\n<li><a href=\"http:\/\/www.socialenergie.be\/fr\/recours-plaintes\/justice\/autres\/\">Autres recours en justice<\/a><\/li>\n<\/ul>\n","protected":false},"excerpt":{"rendered":"<p>Comp\u00e9tences et g\u00e9n\u00e9ralit\u00e9s Saisir la Justice de Paix \u00catre convoqu\u00e9 en Justice de Paix Autres recours en justice<\/p>\n","protected":false},"author":3,"featured_media":0,"parent":148,"menu_order":427,"comment_status":"closed","ping_status":"closed","template":"","meta":{"_acf_changed":false,"footnotes":""},"class_list":["post-1963","page","type-page","status-publish","hentry"],"acf":[],"_links":{"self":[{"href":"https:\/\/www.socialenergie.be\/fr\/wp-json\/wp\/v2\/pages\/1963","targetHints":{"allow":["GET"]}}],"collection":[{"href":"https:\/\/www.socialenergie.be\/fr\/wp-json\/wp\/v2\/pages"}],"about":[{"href":"https:\/\/www.socialenergie.be\/fr\/wp-json\/wp\/v2\/types\/page"}],"author":[{"embeddable":true,"href":"https:\/\/www.socialenergie.be\/fr\/wp-json\/wp\/v2\/users\/3"}],"replies":[{"embeddable":true,"href":"https:\/\/www.socialenergie.be\/fr\/wp-json\/wp\/v2\/comments?post=1963"}],"version-history":[{"count":5,"href":"https:\/\/www.socialenergie.be\/fr\/wp-json\/wp\/v2\/pages\/1963\/revisions"}],"predecessor-version":[{"id":12166,"href":"https:\/\/www.socialenergie.be\/fr\/wp-json\/wp\/v2\/pages\/1963\/revisions\/12166"}],"up":[{"embeddable":true,"href":"https:\/\/www.socialenergie.be\/fr\/wp-json\/wp\/v2\/pages\/148"}],"wp:attachment":[{"href":"https:\/\/www.socialenergie.be\/fr\/wp-json\/wp\/v2\/media?parent=1963"}],"curies":[{"name":"wp","href":"https:\/\/api.w.org\/{rel}","templated":true}]}}