{"id":1973,"date":"2016-08-08T11:22:29","date_gmt":"2016-08-08T09:22:29","guid":{"rendered":"http:\/\/zl31wzsmw.preview.infomaniak.website\/_new2016\/fr\/?page_id=1973"},"modified":"2025-12-15T14:59:20","modified_gmt":"2025-12-15T13:59:20","slug":"aupres-de-brugel","status":"publish","type":"page","link":"https:\/\/www.socialenergie.be\/fr\/recours-plaintes\/porter-plainte\/energie\/aupres-de-brugel\/","title":{"rendered":"Aupr\u00e8s de BRUGEL"},"content":{"rendered":"<p>Brugel, le r\u00e9gulateur bruxellois pour l\u2019\u00e9nergie, poss\u00e8de une mission g\u00e9n\u00e9rale de surveillance et de contr\u00f4le de l\u2019application des ordonnances \u00ab \u00e9lectricit\u00e9 \u00bb, \u00ab gaz \u00bb et \u00ab eau \u00bb et des arr\u00eat\u00e9s qui s\u2019y rapportent.<\/p>\n<p>Dans ce cadre, l\u2019ordonnance \u00ab \u00e9lectricit\u00e9 \u00bb[1] a cr\u00e9\u00e9 au sein de Brugel un Service des litiges, qui statue, gratuitement, sur les plaintes concernant l\u2019application de ces normes r\u00e9gionales.<\/p>\n<p>Seuls les consommateurs peuvent saisir le Service litige de Brugel.<\/p>\n<p>Pour toutes informations compl\u00e9mentaires \u00e0 propos du Service des litiges de Brugel,\u00a0voyez <a href=\"https:\/\/litigesenergie.brussels\/\" target=\"_blank\" rel=\"noopener noreferrer\">le site internet de BRUGEL<\/a>.<\/p>\n<p class=\"small-font greybg\">[1] Article 30novies de l\u2019Ordonnance du 19 juillet 2001 relative \u00e0 l&rsquo;<a href=\"http:\/\/www.ejustice.just.fgov.be\/cgi_loi\/change_lg.pl?language=fr&amp;amp;la=F&amp;amp;table_name=loi&amp;amp;cn=2001071901\" target=\"_blank\" rel=\"noopener noreferrer\">organisation du march\u00e9 de l&rsquo;\u00e9lectricit\u00e9<\/a>\u00a0en R\u00e9gion de Bruxelles-Capitale.<\/p>\n<div class=\"title_code\">Dans quel(s) cas porter plainte?<\/div>\n\n        <div class=\"content_code\">\n<p>Le Service des litiges de Brugel statue sur les plaintes :<\/p>\n<ul>\n<li>contre le gestionnaire de r\u00e9seau de distribution Sibelga.<br \/>\nPar ex.\u00a0: les conditions de raccordement, l\u2019application du r\u00e8glement technique, le placement, la r\u00e9hausse et l\u2019enl\u00e8vement du limiteur de puissance, la rectification d\u2019index<\/li>\n<\/ul>\n<ul>\n<li>relatives \u00e0 l\u2019application des obligations de service public en mati\u00e8re de fourniture d\u2019\u00e9lectricit\u00e9, de gaz naturel ou d&rsquo;eau, dirig\u00e9es contre un fournisseur commercial ou contre le fournisseur social (Sibelga) ou contre le fournisseur public (Vivaqua).<br \/>\nPar ex. : le non-respect de la proc\u00e9dure de recouvrement, la difficult\u00e9 d\u2019obtenir le statut de client prot\u00e9g\u00e9 ou la perte du statut, une indemnit\u00e9 de rupture, un refus de faire offre, une caution exig\u00e9e abusivement, un d\u00e9m\u00e9nagement, une consommation \u00ab hors contrat \u00bb, la difficult\u00e9 de n\u00e9gocier un plan de paiement raisonnable<\/li>\n<\/ul>\n<ul>\n<li>concernant les tarifs de r\u00e9seau de distribution<\/li>\n<\/ul>\n<p>Le Service des litiges n&rsquo;est pas comp\u00e9tent pour statuer sur les plaintes contre les d\u00e9cisions de Brugel. Dans ce cas, il faut s&rsquo;adresser au Conseil d\u2019\u00c9tat et\/ou aux cours et tribunaux.<\/p>\n<p>A noter que Brugel ne traite pas les dossiers transmis par le SME, tant qu&rsquo;ils font encore l&rsquo;objet d&rsquo;une m\u00e9diation. Si la m\u00e9diation n\u2019aboutit pas, le Service des litiges peut \u00eatre amen\u00e9 \u00e0 traiter le dossier.<\/p>\n<h2><strong>Condition de recevabilit\u00e9<\/strong><\/h2>\n<p>La personne doit obligatoirement s\u2019adresser en premi\u00e8re instance au Service plaintes ou au Service client\u00e8le de l\u2019entreprise concern\u00e9e et tenter d&rsquo;obtenir satisfaction. Le plaignant pourra apporter la preuve de cette d\u00e9marche par tous les moyens de droit commun, par exemples, une copie d\u2019un courrier ou d\u2019un e-mail.<\/p>\n<p><\/div><div class=\"title_code\">Comment porter plainte?<\/div>\n\n        <div class=\"content_code\"><\/p>\n<p>Voici la proc\u00e9dure \u00e0 suivre pour porter plainte aupr\u00e8s du Service des litiges de Brugel :<\/p>\n<h2>Introduction de la plainte<\/h2>\n<p>Il est conseill\u00e9 de :<\/p>\n<ul>\n<li>d\u00e9poser la plainte par \u00e9crit en utilisant le formulaire pr\u00e9vu \u00e0 cet effet .<\/li>\n<li>rassembler et envoyer tous les d\u00e9tails pouvant aider au bon traitement de la plainte (documents, photos, informations n\u00e9cessaires, etc.).<\/li>\n<li>garder une copie du courrier et la preuve de son envoi.<\/li>\n<\/ul>\n<p>Ce formulaire peut \u00eatre envoy\u00e9 \u00e0 Brugel<\/p>\n<ul>\n<li>via le <a href=\"https:\/\/www.litigesenergie.brussels\/claim_form\" target=\"_blank\" rel=\"noopener noreferrer\">formulaire en ligne<\/a><\/li>\n<li>par mail (<a title=\"\" href=\"mailto:plainte.klacht@brugel.brussels\" data-bs-original-title=\"\">plainte.klacht@brugel.brussels<\/a>)<\/li>\n<li>par courrier<\/li>\n<li>en la d\u00e9posant sur place<\/li>\n<\/ul>\n<p>Les coordonn\u00e9es de BRUGEL sont\u00a0:<\/p>\n<p style=\"padding-left: 30px;\">Brugel, Service des litiges<br \/>\nAvenue des Arts 46<br \/>\n1000 Bruxelles<br \/>\nT\u00e9l.\u00a0: 02\/563 02 00<br \/>\nFax\u00a0: 02\/563 02 13<br \/>\nE-mail : <a href=\"mailto:info@brugel.be\">info@brugel.be<\/a><br \/>\nUne permanence t\u00e9l\u00e9phonique gratuite du lundi au vendredi de 9h \u00e0 12h\u00a0:\u00a00800\/97 198<\/p>\n<h2><strong>Accus\u00e9 de r\u00e9ception<\/strong><\/h2>\n<p>Le service accuse r\u00e9ception de la plainte dans les 7 jours ouvrables.<\/p>\n<h2><strong>Traitement de la plainte<\/strong><\/h2>\n<p>Dans les 21 jours \u00e0 compter de la r\u00e9ception de la plainte, le Service des litiges statue sur la <strong>recevabilit\u00e9<\/strong> de la plainte.<\/p>\n<p>Le Service litiges fait son enqu\u00eate et <strong>instruit le dossier<\/strong> avant de remettre sa d\u00e9cision.<\/p>\n<p>A la demande d\u2019une des parties, une audition peut \u00eatre organis\u00e9e. Si le consommateur le souhaite, il peut compara\u00eetre en personne, accompagn\u00e9 de son conseil (avocat mais aussi travailleur social).<\/p>\n<p>Par ailleurs, le Service des litiges peut, \u00e0 tout moment, proc\u00e9der \u00e0 la d\u00e9signation d\u2019un expert. Actuellement, les frais expos\u00e9s par le recours \u00e0 une expertise sont g\u00e9n\u00e9ralement pris en charge par Brugel.<\/p>\n<p>Le Service des litiges <strong>prend sa d\u00e9cision<\/strong> dans un d\u00e9lai de 2 mois \u00e0 dater de la r\u00e9ception de la plainte. Ce d\u00e9lai peut \u00e9ventuellement \u00eatre prolong\u00e9 de 2 mois lorsque le Service des litiges demande des informations compl\u00e9mentaires. Une nouvelle prolongation est possible moyennant l\u2019accord du plaignant tout en traitant le dossier en maximum 6 mois.<\/p>\n<p>En cas d&rsquo;urgence, et lorsque le requ\u00e9rant fait valoir un risque de pr\u00e9judice grave et difficilement r\u00e9parable (par exemple une menace de coupure), le Service peut prendre des mesures provisoires contraignantes.<\/p>\n<h2><strong>Issue<\/strong><\/h2>\n<p>Le Service des litiges transmet sa d\u00e9cision aux parties. Les d\u00e9cisions prises sont contraignantes. Certaines d\u00e9cisions sont <a href=\"https:\/\/litigesenergie.brussels\/documents\/jurisprudence_litigation\/rechercher\" target=\"_blank\" rel=\"noopener noreferrer\">publi\u00e9es sur le site internet de Brugel<\/a> ainsi que dans leur rapport annuel. Dans ce cas, les donn\u00e9es confidentielles sont retir\u00e9es.<\/p>\n<h2><strong>Effet suspensif d\u2019une plainte sur le recouvrement d\u2019une facture contest\u00e9e<\/strong><\/h2>\n<p>Lorsqu\u2019une plainte est adress\u00e9e au Service des litiges de Brugel,\u00a0celui-ci demande \u00e0 la partie mise en cause de suspendre l\u2019ex\u00e9cution du montant contest\u00e9, le temps qu\u2019il se prononce sur l\u2019objet de la plainte.<\/p>\n<p><\/div><div class=\"title_code\">Et apr\u00e8s?<\/div>\n\n        <div class=\"content_code\"><\/p>\n<p>Si la personne conteste la d\u00e9cision prise par Brugel, elle peut demander une plainte en r\u00e9examen dans les deux mois de la d\u00e9cision. Cette proc\u00e9dure n&rsquo;a pas d&rsquo;effet suspensif. Le Service rend sa d\u00e9cision dans un d\u00e9lai de deux mois \u00e0 dater de la r\u00e9ception de la plainte. A d\u00e9faut d&rsquo;une d\u00e9cision rendue dans les d\u00e9lais, la d\u00e9cision initiale est r\u00e9put\u00e9e confirm\u00e9e.<\/p>\n<p>Il est aussi possible de faire un recours aupr\u00e8s du Tribunal de Premi\u00e8re Instance de Bruxelles, pour contester la premi\u00e8re d\u00e9cision prise par Brugel ou la d\u00e9cision en r\u00e9examen.<\/p>\n<p><\/div><\/p>\n","protected":false},"excerpt":{"rendered":"<p>Brugel, le r\u00e9gulateur bruxellois pour l\u2019\u00e9nergie, poss\u00e8de une mission g\u00e9n\u00e9rale de surveillance et de contr\u00f4le de l\u2019application des ordonnances \u00ab \u00e9lectricit\u00e9 \u00bb, \u00ab gaz \u00bb et \u00ab eau \u00bb et des arr\u00eat\u00e9s qui s\u2019y rapportent. Dans ce cadre, l\u2019ordonnance \u00ab \u00e9lectricit\u00e9 \u00bb[1] a cr\u00e9\u00e9 au sein de Brugel un Service des litiges, qui statue, gratuitement, [&hellip;]<\/p>\n","protected":false},"author":3,"featured_media":0,"parent":1959,"menu_order":60,"comment_status":"closed","ping_status":"closed","template":"","meta":{"_acf_changed":false,"footnotes":""},"class_list":["post-1973","page","type-page","status-publish","hentry"],"acf":[],"_links":{"self":[{"href":"https:\/\/www.socialenergie.be\/fr\/wp-json\/wp\/v2\/pages\/1973","targetHints":{"allow":["GET"]}}],"collection":[{"href":"https:\/\/www.socialenergie.be\/fr\/wp-json\/wp\/v2\/pages"}],"about":[{"href":"https:\/\/www.socialenergie.be\/fr\/wp-json\/wp\/v2\/types\/page"}],"author":[{"embeddable":true,"href":"https:\/\/www.socialenergie.be\/fr\/wp-json\/wp\/v2\/users\/3"}],"replies":[{"embeddable":true,"href":"https:\/\/www.socialenergie.be\/fr\/wp-json\/wp\/v2\/comments?post=1973"}],"version-history":[{"count":21,"href":"https:\/\/www.socialenergie.be\/fr\/wp-json\/wp\/v2\/pages\/1973\/revisions"}],"predecessor-version":[{"id":12586,"href":"https:\/\/www.socialenergie.be\/fr\/wp-json\/wp\/v2\/pages\/1973\/revisions\/12586"}],"up":[{"embeddable":true,"href":"https:\/\/www.socialenergie.be\/fr\/wp-json\/wp\/v2\/pages\/1959"}],"wp:attachment":[{"href":"https:\/\/www.socialenergie.be\/fr\/wp-json\/wp\/v2\/media?parent=1973"}],"curies":[{"name":"wp","href":"https:\/\/api.w.org\/{rel}","templated":true}]}}