{"id":1995,"date":"2016-08-08T15:04:47","date_gmt":"2016-08-08T13:04:47","guid":{"rendered":"http:\/\/zl31wzsmw.preview.infomaniak.website\/_new2016\/fr\/?page_id=1995"},"modified":"2026-04-13T14:14:56","modified_gmt":"2026-04-13T12:14:56","slug":"competences-et-generalites","status":"publish","type":"page","link":"https:\/\/www.socialenergie.be\/fr\/recours-plaintes\/justice\/competences-et-generalites\/","title":{"rendered":"Comp\u00e9tences et g\u00e9n\u00e9ralit\u00e9s"},"content":{"rendered":"<p>Lorsqu&rsquo;un litige concernant l&rsquo;\u00e9nergie ou le logement ne peut \u00eatre r\u00e9solu en dehors du syst\u00e8me judiciaire, il est possible qu&rsquo;un usager soit confront\u00e9 \u00e0 une proc\u00e9dure en justice. Le plus souvent pour ces mati\u00e8res, c&rsquo;est la Justice de Paix qui sera mobilis\u00e9e. Dans certains cas, d&rsquo;autres instances telles que le Tribunal du travail ou de 1\u00e8re instance peuvent \u00eatre comp\u00e9tentes.<\/p>\n<div class=\"title_code\">Comp\u00e9tences des diff\u00e9rentes instances<\/div>\n\n        <div class=\"content_code\">\n<h2>A. La Justice de Paix :<\/h2>\n<p>En R\u00e9gion de Bruxelles-Capitale, le juge de paix dispose d&rsquo;une comp\u00e9tence exclusive en ce qui concerne les obligations de service public relatives \u00e0 la fourniture de gaz, d\u2019\u00e9lectricit\u00e9\u00a0et d\u2019eau ou les r\u00e9cup\u00e9rations de cr\u00e9ances \u00e9nerg\u00e9tiques ou d\u2019eau. Cela signifie qu&rsquo;il traite tout litige entre un fournisseur et un consommateur, peu importe la nature ou le montant en jeu.<\/p>\n<p>C&rsquo;est \u00e9galement au juge de paix que revient de traiter les litiges concernant la fourniture d&rsquo;eau.<\/p>\n<h2>B. Le Tribunal du Travail<\/h2>\n<p>Le tribunal du travail est comp\u00e9tent pour juger de toutes les contestations de d\u00e9cisions \u00e9manant du CPAS. En mati\u00e8re \u00e9nerg\u00e9tique, il peut s\u2019agir, par exemple, de contester un refus\u00a0:<\/p>\n<ul>\n<li>de faire intervenir le Fonds social de l\u2019eau ou le Fonds Gaz Electricit\u00e9 pour soutenir un consommateur endett\u00e9<\/li>\n<li>d\u2019octroyer une aide sociale r\u00e9currente compl\u00e9mentaire pour rendre le consommateur en capacit\u00e9 d\u2019honorer le paiement de factures d\u2019\u00e9nergie co\u00fbteuse<span style=\"color: #ff0000;\"><br \/>\n<\/span><\/li>\n<li>d&rsquo;octroyer le statut de client prot\u00e9g\u00e9.<\/li>\n<\/ul>\n<h2>C. Le Tribunal de 1\u00e8re instance<\/h2>\n<p>Le Tribunal de 1<sup>\u00e8re<\/sup> Instance est saisi dans trois cas de figure\u00a0:<\/p>\n<ul>\n<li>pour trancher un appel contre des jugements d&rsquo;un Juge de Paix \u00e0 condition que les montants en jeu soient \u00e9gaux ou sup\u00e9rieurs \u00e0 2000 \u20ac. Aucun appel n&rsquo;est possible contre un jugement du ou de la juge de paix portant sur un montant \u00e9gal ou inf\u00e9rieur \u00e0 2000\u20ac.<a href=\"#_ftn1\" name=\"_ftnref1\"><\/a><\/li>\n<li>pour trancher les probl\u00e9matiques \u00e9nerg\u00e9tiques dont les sommes en jeu sont de 5000 \u20ac minimum et qui ne concernent ni les \u00ab obligations de service public \u00bb relatives \u00e0 la fourniture de gaz, d\u2019\u00e9lectricit\u00e9 ou d&rsquo;eau pr\u00e9cis\u00e9es dans les ordonnances, ni les r\u00e9cup\u00e9rations de cr\u00e9ances \u00e9nerg\u00e9tiques ou d&rsquo;eau, vu que pour ces 2 types de cas de figure, le juge de paix a une comp\u00e9tence exclusive.<\/li>\n<li>pour trancher un litige urgent\u00a0: le Pr\u00e9sident du Tribunal de 1<sup>\u00e8re<\/sup> Instance pourra alors \u00eatre saisi en r\u00e9f\u00e9r\u00e9.<\/li>\n<\/ul>\n<p><\/div><div class=\"title_code\">Frais de justice<\/div>\n\n        <div class=\"content_code\"><\/p>\n<p>Une proc\u00e9dure judiciaire s\u2019accompagne de frais li\u00e9s \u00e0 la proc\u00e9dure, g\u00e9n\u00e9ralement imput\u00e9s \u00e0 la partie perdante, appel\u00e9s les d\u00e9pens. Concr\u00e8tement, ils couvrent l&rsquo;ensemble des frais d\u2019enregistrement, d&rsquo;envoi, d\u2019expertise et de l&rsquo;indemnit\u00e9 de proc\u00e9dure, qui d\u00e9signe une partie des frais d\u2019avocat de la partie gagnante.<\/p>\n<p>L\u2019indemnit\u00e9 de proc\u00e9dure est encadr\u00e9e par la loi. La loi d\u00e9finit plusieurs cas de figure possibles qui vont avoir un impact sur le montant de l&rsquo;indemnit\u00e9 que devra payer l\u2019usager.<\/p>\n<ol>\n<li><strong>Le montant de l\u2019indemnit\u00e9 est nul<\/strong> :<br \/>\nL\u2019usager ne paie aucune indemnit\u00e9, s\u2019il acquiesce \u00e0 la demande du fournisseur ou de Sibelga et remplit ses obligations en principal, int\u00e9r\u00eat et frais avant l\u2019inscription de l\u2019affaire au r\u00f4le, c\u2019est-\u00e0-dire avant la mise \u00e0 l\u2019agenda de l\u2019affaire au tribunal.<\/li>\n<li><strong>Le montant de l\u2019indemnit\u00e9 est \u00e9quivalent \u00e0 un quart de l\u2019indemnit\u00e9 de base <\/strong>:<br \/>\nSi l\u2019usager s\u2019acquitte de ses obligations en principal, int\u00e9r\u00eats et frais apr\u00e8s la mise au r\u00f4le ET avant que l\u2019affaire ne soit plaid\u00e9e.<\/li>\n<li><strong>Le montant de l\u2019indemnit\u00e9 est minimal<\/strong> :<br \/>\nPar d\u00e9faut, si l\u2019usager ne se pr\u00e9sente pas au proc\u00e8s, il se verra condamn\u00e9 \u00e0 payer l\u2019indemnit\u00e9 minimale.<\/li>\n<\/ol>\n<p><strong>Le montant de l\u2019indemnit\u00e9 est d\u00e9fini par Arr\u00eat\u00e9 Royal<\/strong> :<br \/>\nL&rsquo;Arr\u00eat\u00e9 Royal d\u00e9finit le montant de l&rsquo;indemnit\u00e9 seulement si l\u2019affaire est plaid\u00e9e. Le montant de l&rsquo;indemnit\u00e9 d\u00e9pend \u00e9galement du montant sur lequel porte le litige. Le juge de paix peut accorder une r\u00e9duction de l\u2019indemnit\u00e9 de proc\u00e9dure sur demande de la personne assign\u00e9e.<\/p>\n<p>Les montants accord\u00e9s \u00e0 titre d&rsquo;indemnit\u00e9 de proc\u00e9dure sont <u>index\u00e9s<\/u> annuellemen conform\u00e9ment \u00e0 l&rsquo;article 8 de l&rsquo;<a href=\"http:\/\/www.ejustice.just.fgov.be\/cgi_loi\/change_lg.pl?language=fr&amp;la=F&amp;table_name=loi&amp;cn=2007102635\" target=\"_blank\" rel=\"noopener noreferrer\">arr\u00eat\u00e9 royal du 26 octobre 2007<\/a>:<br \/>\n\u00ab\u00a0<em>Art. 8. Les montants de base, minima et maxima vis\u00e9s aux articles 2 \u00e0 4 sont li\u00e9s \u00e0 l\u2019indice des prix \u00e0 la consommation. L\u2019indice de d\u00e9part est celui du mois de mars 2007 (base 2004). Les montants index\u00e9s restent inchang\u00e9s jusqu\u2019au mois o\u00f9 un nouvel indice d\u2019au moins 10 points en plus ou en moins <strong><u>depuis la derni\u00e8re indexation<\/u><\/strong> sera atteint (&#8230;).<\/em>\u00a0\u00bb<\/p>\n<p>Outre ces frais, la personne condamn\u00e9e doit s\u2019acquitter d\u2019int\u00e9r\u00eats de retard par rapport aux sommes r\u00e9clam\u00e9es par le fournisseur ainsi que d\u2019int\u00e9r\u00eats judiciaires. Ces derniers commencent \u00e0 courir \u00e0 partir du jugement.<\/p>\n<p><\/div><div class=\"title_code\">Se pr\u00e9senter \u00e0 l'audience ?<\/div>\n\n        <div class=\"content_code\"><\/p>\n<h2>Faut-il conseiller aux usagers de se pr\u00e9senter aux audiences lorsqu&rsquo;ils sont convoqu\u00e9s ?<\/h2>\n<p>Voici les cons\u00e9quences de chaque comportement :<\/p>\n<ul>\n<li><strong>Ne pas se pr\u00e9senter<\/strong><br \/>\nSi la personne convoqu\u00e9e ne se pr\u00e9sente pas, l\u2019indemnit\u00e9 de proc\u00e9dure sera minimale, mais il n\u2019y aura aucun arrangement possible sur un plan de paiement. Si la demande du fournisseur ou de Sibelga est la r\u00e9solution du contrat, elle lui sera accord\u00e9e, sauf si le juge estime que cette demande est contraire \u00e0 l\u2019ordre public<a href=\"#_ftn1\">[1]<\/a>.<\/li>\n<li><strong>Se pr\u00e9senter<\/strong><br \/>\nEn se pr\u00e9sentant, la personne se confronte \u00e0 des indemnit\u00e9s de proc\u00e9dure plus \u00e9lev\u00e9es &#8211; qu\u2019elle pourra toutefois demander au juge de r\u00e9duire -, mais elle aura la possibilit\u00e9 de se faire entendre et d\u2019obtenir des am\u00e9nagements. Par ailleurs, le proc\u00e8s lui donne l\u2019opportunit\u00e9 de contester, s\u2019il y a lieu, la proc\u00e9dure ou le montant exig\u00e9.<\/li>\n<\/ul>\n<p>En mati\u00e8re de gaz, d\u2019\u00e9lectricit\u00e9 et d&rsquo;eau, nombreuses sont les personnes convoqu\u00e9es qui ne se pr\u00e9sentent pas et qui sont donc condamn\u00e9es par d\u00e9faut. Certaines sont probablement convaincues d\u2019\u00eatre de toute fa\u00e7on condamn\u00e9es et ne voient pas l\u2019int\u00e9r\u00eat de se pr\u00e9senter.<\/p>\n<p>Cependant, se pr\u00e9senter permet souvent de faire supprimer des frais de recouvrement ind\u00fbment r\u00e9clam\u00e9s par le fournisseur d&rsquo;\u00e9nergie ou le distributeur d&rsquo;eau, d\u2019obtenir une condamnation plus souple ou de demander une remise ou un renvoi au r\u00f4le. Ce d\u00e9lai suppl\u00e9mentaire peut \u00eatre utile pour pr\u00e9parer la d\u00e9fense de la personne, si la cr\u00e9ance ou la r\u00e9solution du contrat est contest\u00e9e. Il permet aussi, si la personne n\u2019a pas eu le temps avant le proc\u00e8s, de tenter de trouver une solution, \u00e9ventuellement avec l\u2019aide du CPAS, pour \u00e9viter la condamnation.<\/p>\n<p class=\"info\"><strong>Bon \u00e0 savoir<\/strong><br \/>\nSi l\u2019usager conteste la r\u00e9gularit\u00e9 de la proc\u00e9dure, le montant factur\u00e9 ou les index, il a int\u00e9r\u00eat \u00e0 se munir des preuves dont il dispose et vous pouvez l\u2019aider \u00e0 pr\u00e9parer sa d\u00e9fense. L\u2019absence de r\u00e9ponse \u00e0 des demandes qu\u2019il aurait adress\u00e9es au fournisseur peut \u00e9galement jouer en la faveur de l\u2019usager.<br \/>\nLes avocats des fournisseurs connaissent rarement le fond des dossiers et s\u2019encombrent rarement de pi\u00e8ces. L\u2019usager qui se pr\u00e9sente peut avoir int\u00e9r\u00eat \u00e0 r\u00e9clamer les factures et mises en demeure \u00e0 l\u2019avocat du fournisseur. Cela obligera g\u00e9n\u00e9ralement le juge \u00e0 reporter l\u2019affaire \u00e0 une audience ult\u00e9rieure.<\/p>\n<p class=\"greybg\"><a name=\"_ftn1\"><\/a>[1] Il ressort de l\u2019article 806 du Code judiciaire que dans le jugement par d\u00e9faut, le juge doit faire droit aux demandes ou moyens de d\u00e9fense de la partie comparante sauf si un motif d\u2019ordre public s\u2019y oppose. Il appartient au juge de pr\u00e9ciser la notion d\u2019ordre public. Rel\u00e8ve de l\u2019ordre public tout ce qui touche aux int\u00e9r\u00eats essentiels de l\u2019\u00c9tat ou de la collectivit\u00e9 ou tout ce qui fixe, dans le droit priv\u00e9, les bases juridiques sur lesquelles repose l\u2019ordre \u00e9conomique ou moral de la soci\u00e9t\u00e9. Le fait d\u2019accueillir une demande ou une d\u00e9fense manifestement non fond\u00e9es est contraire \u00e0 l\u2019ordre public. M\u00eame en cas de d\u00e9faut de l&rsquo;usager concern\u00e9, si le juge a des informations selon lesquelles une personne vuln\u00e9rable serait gravement impact\u00e9e par cette coupure d&rsquo;\u00e9nergie r\u00e9clam\u00e9e par le fournisseur (enfant de bas \u00e2ge, personne \u00e2g\u00e9es,&#8230;), il pourrait s&rsquo;y opposer.<\/p>\n<p><\/div><\/p>\n","protected":false},"excerpt":{"rendered":"<p>Lorsqu&rsquo;un litige concernant l&rsquo;\u00e9nergie ou le logement ne peut \u00eatre r\u00e9solu en dehors du syst\u00e8me judiciaire, il est possible qu&rsquo;un usager soit confront\u00e9 \u00e0 une proc\u00e9dure en justice. Le plus souvent pour ces mati\u00e8res, c&rsquo;est la Justice de Paix qui sera mobilis\u00e9e. Dans certains cas, d&rsquo;autres instances telles que le Tribunal du travail ou de [&hellip;]<\/p>\n","protected":false},"author":3,"featured_media":0,"parent":1963,"menu_order":113,"comment_status":"closed","ping_status":"closed","template":"","meta":{"_acf_changed":false,"footnotes":""},"class_list":["post-1995","page","type-page","status-publish","hentry"],"acf":[],"_links":{"self":[{"href":"https:\/\/www.socialenergie.be\/fr\/wp-json\/wp\/v2\/pages\/1995","targetHints":{"allow":["GET"]}}],"collection":[{"href":"https:\/\/www.socialenergie.be\/fr\/wp-json\/wp\/v2\/pages"}],"about":[{"href":"https:\/\/www.socialenergie.be\/fr\/wp-json\/wp\/v2\/types\/page"}],"author":[{"embeddable":true,"href":"https:\/\/www.socialenergie.be\/fr\/wp-json\/wp\/v2\/users\/3"}],"replies":[{"embeddable":true,"href":"https:\/\/www.socialenergie.be\/fr\/wp-json\/wp\/v2\/comments?post=1995"}],"version-history":[{"count":10,"href":"https:\/\/www.socialenergie.be\/fr\/wp-json\/wp\/v2\/pages\/1995\/revisions"}],"predecessor-version":[{"id":14012,"href":"https:\/\/www.socialenergie.be\/fr\/wp-json\/wp\/v2\/pages\/1995\/revisions\/14012"}],"up":[{"embeddable":true,"href":"https:\/\/www.socialenergie.be\/fr\/wp-json\/wp\/v2\/pages\/1963"}],"wp:attachment":[{"href":"https:\/\/www.socialenergie.be\/fr\/wp-json\/wp\/v2\/media?parent=1995"}],"curies":[{"name":"wp","href":"https:\/\/api.w.org\/{rel}","templated":true}]}}