{"id":1999,"date":"2016-08-08T15:06:04","date_gmt":"2016-08-08T13:06:04","guid":{"rendered":"http:\/\/zl31wzsmw.preview.infomaniak.website\/_new2016\/fr\/?page_id=1999"},"modified":"2026-04-13T14:29:08","modified_gmt":"2026-04-13T12:29:08","slug":"saisir-jdp","status":"publish","type":"page","link":"https:\/\/www.socialenergie.be\/fr\/recours-plaintes\/justice\/saisir-jdp\/","title":{"rendered":"Saisir le juge de paix"},"content":{"rendered":"<p>La justice de paix est une juridiction civile qui traite les affaires touchant notamment \u00e0 la vie familiale, au voisinage, au logement, etc. Elle est \u00e9galement comp\u00e9tente en mati\u00e8re d\u2019\u00e9nergie et d\u2019eau.<\/p>\n<p>Concernant l\u2019\u00e9nergie, si le litige ne concerne ni les \u00ab obligations de service public \u00bb relatives \u00e0 la fourniture de gaz, d\u2019\u00e9lectricit\u00e9 ou d\u2019eau pr\u00e9cis\u00e9es dans les ordonnances, ni les r\u00e9cup\u00e9rations de cr\u00e9ances \u00e9nerg\u00e9tiques ou d&rsquo;eau, le juge de paix ne pourra \u00eatre saisi que si la somme en jeu est inf\u00e9rieure \u00e0 5000\u20ac. Au del\u00e0 de ce montant, il faut s&rsquo;adresser au <a href=\"https:\/\/www.socialenergie.be\/fr\/recours-plaintes\/justice\/autres\/1e-instance\/\">Tribunal de 1\u00e8re instance<\/a>.<\/p>\n<p>Tout le monde peut faire appel au juge de paix en cas de litiges entre un fournisseur et un consommateur, ou entre locataire et propri\u00e9taire. Il n\u2019y a pas de conditions d\u2019acc\u00e8s. Le juge de paix comp\u00e9tent est celui du lieu o\u00f9 est situ\u00e9 le bien ou le logement concern\u00e9.<\/p>\n<div class=\"title_code\">Pourquoi saisir le Juge de paix ?<\/div>\n\n        <div class=\"content_code\">\n<p>L&rsquo;usager peut aller en justice de paix pour :<\/p>\n<ol>\n<li><strong>Obtenir une conciliation<\/strong><\/li>\n<\/ol>\n<p>La\u00a0 conciliation est une proc\u00e9dure gratuite qui ne n\u00e9cessite pas le concours d\u2019un avocat. Elle permet de tenter de concilier les parties, afin de trouver un accord. Si la conciliation aboutit favorablement, l&rsquo;accord pourra \u00eatre repris dans un jugement, \u00e0 respecter par les parties. Si la conciliation \u00e9choue, la partie plaignante peut intenter un proc\u00e8s, c&rsquo;est-\u00e0-dire une proc\u00e9dure contentieuse.<\/p>\n<p>La conciliation peut s\u2019envisager ind\u00e9pendamment ou avant de poursuivre l\u2019affaire en proc\u00e8s.<\/p>\n<ol start=\"2\">\n<li><strong>Intenter un proc\u00e8s<br \/>\n<\/strong><\/li>\n<\/ol>\n<p>Le proc\u00e8s est une proc\u00e9dure co\u00fbteuse qui consiste \u00e0 porter l\u2019affaire en justice. Le juge de paix est alors charg\u00e9 de trancher le litige, opposant les parties concern\u00e9es, par un jugement.<\/p>\n<p><\/div><div class=\"title_code\">La conciliation en justice de paix<\/div>\n\n        <div class=\"content_code\"><\/p>\n<p>Le r\u00f4le de conciliateur du juge de paix est souvent sous-estim\u00e9. Pourtant, la conciliation permet d\u2019\u00e9viter une proc\u00e9dure longue et co\u00fbteuse, en tentant de trouver un arrangement entre les parties.<\/p>\n<p>La proc\u00e9dure se d\u00e9roule de la mani\u00e8re suivante\u00a0:<\/p>\n<h2 id=\"introduction_demande\">1. Introduction de la demande<\/h2>\n<p>Pour introduire une demande de conciliation, la partie plaignante (locataire ou propri\u00e9taire) doit se rendre au <a href=\"http:\/\/www.juridat.be\/cgi_adres\/adrf.pl\" target=\"_blank\" rel=\"noopener noreferrer\" target=\"_blank\" rel=\"noopener noreferrer\">greffe du canton de justice de paix dans lequel est situ\u00e9 le logement<\/a>\u00a0et introduire la demande soit verbalement, soit par \u00e9crit.<\/p>\n<p>La demande peut \u00e9galement \u00eatre envoy\u00e9e par la poste. Il s\u2019agit d\u2019envoyer un courrier ordinaire avec les mentions suivantes :<\/p>\n<ul>\n<li>les noms, pr\u00e9nom et adresse de la partie plaignante<\/li>\n<li>l\u2019identit\u00e9 (nom et pr\u00e9nom) et l\u2019adresse de la partie adverse (ou de toutes les parties adverses) \u00e0 convoquer<\/li>\n<li>un bref expos\u00e9 des faits<\/li>\n<li>l\u2019objectif de la conciliation<\/li>\n<li>la demande de convocation des parties en vue de proc\u00e9der \u00e0 une conciliation<\/li>\n<\/ul>\n<h2 id=\"convocation\">2.\u00a0Convocation des parties<\/h2>\n<p>Les parties sont ensuite convoqu\u00e9es par lettre recommand\u00e9e \u00e0 compara\u00eetre devant le juge de paix.<\/p>\n<h2 id=\"resultat_conciliation\">3.\u00a0R\u00e9sultats de la conciliation<\/h2>\n<p>Pour que la conciliation r\u00e9ussisse, les deux parties doivent \u00eatre pr\u00e9sentes et \u00eatre d\u2019accord avec les propositions du juge. Deux cas peuvent se pr\u00e9senter\u00a0:<\/p>\n<ol>\n<li>lorsque le juge parvient \u00e0 d\u00e9gager un accord qui satisfait les int\u00e9r\u00eats des deux parties oppos\u00e9es, l\u2019accord r\u00e9dig\u00e9 par le greffier et sign\u00e9 (par le juge, par le greffier et par les parties) a la m\u00eame valeur qu\u2019un jugement.<\/li>\n<li>Lorsqu\u2019un accord ne peut \u00eatre obtenu, la proc\u00e9dure de conciliation prend fin et la seule possibilit\u00e9 restante est d\u2019entamer une proc\u00e9dure judicaire en intentant un proc\u00e8s<em>.<\/em><\/li>\n<\/ol>\n<p><\/div><div class=\"title_code\">Le proc\u00e8s en justice de paix<\/div>\n\n        <div class=\"content_code\"><\/p>\n<p>Les tentatives de conciliation peuvent \u00e9chouer. Dans ce cas, la partie plaignante a encore l\u2019opportunit\u00e9 d\u2019intenter un proc\u00e8s.<\/p>\n<p>La proc\u00e9dure en justice entra\u00eene le paiement d&rsquo;un \u00ab\u00a0droit de mise au r\u00f4le\u00a0\u00bb : une taxe per\u00e7ue par le SPF Finances pour l&rsquo;inscription d&rsquo;une affaire \u00e0 l&rsquo;agenda d&rsquo;une juridiction. Cette taxe est bas\u00e9e sur les donn\u00e9es fournies par le SPF Justice et couvre les co\u00fbts de proc\u00e9dures judiciaires. Le juge d\u00e9termine, dans sa d\u00e9cision finale, qui doit payer cette taxe. Ce droit de mise au r\u00f4le est de 50\u20ac pour les proc\u00e9dures introduites devant la justice de paix<a href=\"#_ftn1\">[1]<\/a>.<\/p>\n<p>La proc\u00e9dure se d\u00e9roule de la mani\u00e8re suivante\u00a0:<\/p>\n<h2>1. Introduction de la demande<\/h2>\n<p>Pour intenter un proc\u00e8s en justice de paix, il faut introduire une demande pr\u00e9cise au greffe\u00a0<a href=\"http:\/\/www.juridat.be\/cgi_adres\/adrf.pl\" target=\"_blank\" rel=\"noopener noreferrer\" target=\"_blank\" rel=\"noopener noreferrer\">de la justice de paix du canton judiciaire dans lequel est situ\u00e9 le logement\/le bien lou\u00e9<\/a>.<\/p>\n<p>La demande peut \u00eatre introduite de 3 mani\u00e8res diff\u00e9rentes\u00a0:<\/p>\n<ol>\n<li><strong>Introduction par citation<\/strong><br \/>\nIl s\u2019agit d\u2019un document officiel d\u00e9livr\u00e9 par un huissier de justice au domicile de la partie invit\u00e9e \u00e0 compara\u00eetre.<br \/>\nC\u2019est la proc\u00e9dure la plus courante, mais \u00e9galement la plus co\u00fbteuse : environ 300\u20ac pour l&rsquo;huissier de justice (le co\u00fbt exact d\u00e9pend entre autres du nombre de pages de la citation et du domicile du d\u00e9fendeur) auxquels s&rsquo;ajoutent 26\u20ac pour le fonds d&rsquo;aide juridique.<br \/>\nLa citation implique \u00e9galement un d\u00e9lai de minimum 8 jours entre le moment o\u00f9 elle est livr\u00e9e \u00e0 la personne cit\u00e9e et la date d&rsquo;audience d&rsquo;introduction.<\/li>\n<li><strong>Introduction d\u2019une requ\u00eate \u00e9crite<\/strong><br \/>\nPour certaines mati\u00e8res, et entre autre en mati\u00e8re de bail et d&rsquo;\u00e9nergie, la requ\u00eate peut \u00eatre utilis\u00e9e. La l\u00e9gislation pr\u00e9voit express\u00e9ment quel type de litige peut \u00eatre introduit aussi par requ\u00eate. Les litiges relatifs aux dettes d&rsquo;eau ne peuvent actuellement \u00eatre introduits que par citation.<br \/>\nCe mode d\u2019introduction est peu on\u00e9reux. La requ\u00eate est d\u00e9pos\u00e9e par le demandeur ou son avocat au greffe de la justice de paix. Elle peut \u00e9galement \u00eatre envoy\u00e9e par la poste. Pour que l\u2019introduction de la requ\u00eate soit effective, il faut payer 26\u20ac pour le fonds d&rsquo;aide juridique. M\u00eame si la proc\u00e9dure est introduite par plusieurs demandeurs, le greffe ne peut pas r\u00e9clamer plusieurs fois 26\u20ac.<\/li>\n<\/ol>\n<p class=\"attention\"><strong>Documents et informations \u00e0 joindre \u00e0 la requ\u00eate<br \/>\n<\/strong>La requ\u00eate doit obligatoirement contenir l\u2019identit\u00e9 de toutes les personnes concern\u00e9es et indiquer clairement quelle condamnation est souhait\u00e9e. En fonction de l\u2019affaire trait\u00e9e, d\u2019autres documents doivent \u00eatre joints \u00e0 la requ\u00eate (certificat de domicile de la partie adverse, etc.). Pour plus d\u2019informations \u00e0 propos des informations et documents requis, il est pr\u00e9f\u00e9rable de contacter le greffe.<\/p>\n<ol start=\"3\">\n<li><strong>Requ\u00eate conjointe<\/strong><br \/>\nLes parties (et\/ou leurs avocats) d\u00e9cident, de commun accord, de comparaitre de mani\u00e8re volontaire devant le juge de paix. Dans ce cas, les deux parties (et\/ou leurs avocats) soumettent ensemble une demande d\u00e9termin\u00e9e au juge. Le co\u00fbt est identique \u00e0 celui de la requ\u00eate : 26\u20ac pour le fonds d&rsquo;aide juridique.<\/li>\n<\/ol>\n<h2 id=\"convocation\">2. Convocation, pr\u00e9paration et repr\u00e9sentation des parties<\/h2>\n<ol>\n<li><strong><span class=\"lexique\" data-mce-mark=\"1\">Convocation<\/span><\/strong><br \/>\nLa partie plaignante re\u00e7oit les d\u00e9tails de l\u2019audience (date, lieu, heure). La partie cit\u00e9e \u00e0 compara\u00eetre re\u00e7oit les informations par\u00a0pli judiciaire (<span class=\"lexique\" data-mce-mark=\"1\">requ\u00eate<\/span>) ou par <span class=\"lexique\" data-mce-mark=\"1\">citation<\/span>.<\/li>\n<li><strong>Pr\u00e9paration<\/strong><br \/>\nIl est important que les personnes se fassent accompagner dans la pr\u00e9paration de la proc\u00e9dure en justice. Pour ce faire, vous pouvez :<\/li>\n<\/ol>\n<ul>\n<li style=\"list-style-type: none;\">\n<ul>\n<li>v\u00e9rifier avec votre usager si la proc\u00e9dure a bien \u00e9t\u00e9 respect\u00e9e : le Code bruxellois du logement pr\u00e9voit des \u00e9tapes proc\u00e9durales \u00e0 respecter par le propri\u00e9taire <a href=\"https:\/\/www.socialenergie.be\/fr\/prevenir-les-expulsions-de-logement-les-nouvelles-balises-de-la-reforme-bruxelloise\/\">avant de citer un locataire en justice<\/a>. Les ordonnances gaz et \u00e9lectricit\u00e9 imposent \u00e9galement des \u00e9tapes aux fournisseurs avant de pouvoir saisir le juge de paix,&#8230;) : voir <a href=\"https:\/\/www.socialenergie.be\/fr\/publications\/non-paiement-de-la-facture-denergie-schema\/\">ce sch\u00e9ma pour l&rsquo;\u00e9nergie<\/a> et <a href=\"https:\/\/www.socialenergie.be\/fr\/publications\/non-paiement-de-la-facture-eau-schema\/\">celui-ci pour l&rsquo;eau<\/a>.<\/li>\n<li>l\u2019aider \u00e0 constituer le dossier en veillant \u00e0 ce qu\u2019il compile tous les documents utiles (lettres adress\u00e9es au propri\u00e9taire\/fournisseur\/distributeur, courriers recommand\u00e9s, preuves de paiement de loyer\/factures d&rsquo;\u00e9nergie ou d&rsquo;eau, photos, d\u00e9clarations, etc.)<\/li>\n<li>lui transmettre un document reprenant les \u00e9l\u00e9ments utiles \u00e0 mentionner au juge de paix et les principaux arguments \u00e0 exposer en sa faveur, si il n&rsquo;est pas accompagn\u00e9 d&rsquo;un avocat.<\/li>\n<\/ul>\n<\/li>\n<\/ul>\n<p class=\"attention\"><strong>Documents et preuves\u00a0<\/strong><br \/>\nAu total, trois jeux de pi\u00e8ces sont n\u00e9cessaires : l\u2019un pour le juge, un autre pour la partie adverse et un dernier pour la personne elle-m\u00eame. Il est crucial que les personnes pensent \u00e0 photocopier pour elles-m\u00eames l\u2019ensemble des documents et des preuves qu\u2019ils apportent \u00e0 la connaissance du juge de paix et de la partie adverse afin de se pr\u00e9munir en cas de perte, par exemple. Si les documents sont nombreux, il est bienvenu de num\u00e9roter les documents et d\u2019en dresser un inventaire.<\/p>\n<ol start=\"3\">\n<li><strong>Repr\u00e9sentation<\/strong><br \/>\nPour \u00eatre repr\u00e9sent\u00e9e \u00e0 l\u2019audience, la personne peut\u00a0d\u00e9cider :<\/li>\n<\/ol>\n<ul>\n<li style=\"list-style-type: none;\">\n<ul>\n<li>de compara\u00eetre et se d\u00e9fendre elle-m\u00eame<\/li>\n<li>de faire appel \u00e0 un avocat afin qu\u2019il la repr\u00e9sente<\/li>\n<li>de demander \u00e0 un membre de sa famille (strictement identifi\u00e9 par la loi : conjoint, parent ou alli\u00e9) porteur d&rsquo;une <a href=\"https:\/\/www.socialenergie.be\/uploads\/Fichiers\/Formulaires%20et%20documents%20types\/Logement\/modele_procuration_ecrite_droits_quotidiens.pdf\" target=\"_blank\" rel=\"noopener noreferrer\"><span class=\"i_pdf\">procuration \u00e9crite<\/span><\/a> de la repr\u00e9senter<\/li>\n<\/ul>\n<\/li>\n<\/ul>\n<p>Si l\u2019affaire est complexe, il est judicieux de prendre un avocat. Les personnes disposant de peu de revenus peuvent, sous certaines conditions, b\u00e9n\u00e9ficier <a href=\"http:\/\/www.avocat.be\/l-avocat\/combien-coute-t-il\/vous-n-avez-pas-les-moyens-de-payer,fr,28.html\" target=\"_blank\" rel=\"noopener noreferrer\" target=\"_blank\" rel=\"noopener noreferrer\">d\u2019un avocat pro deo<\/a>. Elles peuvent solliciter le Bureau d&rsquo;aide juridique pour b\u00e9n\u00e9ficier d&rsquo;une d\u00e9fense totalement ou partiellement gratuite, en fonction de l&rsquo;\u00e9chelle de leurs revenus.<\/p>\n<h2 id=\"audience_introduction\">3. Audience d\u2019introduction<\/h2>\n<p>Les parties sont convoqu\u00e9es \u00e0 une premi\u00e8re audience, l&rsquo;audience d&rsquo;introduction.<\/p>\n<ol>\n<li>De mani\u00e8re g\u00e9n\u00e9rale, vous pouvez insister aupr\u00e8s de vos usagers sur les points suivants. Il est particuli\u00e8rement recommand\u00e9 :<\/li>\n<\/ol>\n<ul>\n<li style=\"list-style-type: none;\">\n<ul>\n<li>d\u2019\u00eatre ponctuel<\/li>\n<li>de ne pas omettre de se pr\u00e9senter au huissier d\u2019audience, qui prend note des personnes pr\u00e9sentes<\/li>\n<li>de se pr\u00e9senter devant le juge de paix et de lui pr\u00e9senter carte d\u2019identit\u00e9 et procuration \u00e9ventuelle<\/li>\n<li>de se faire accompagner, si possible, par quelqu\u2019un qui connait le sujet abord\u00e9 (travailleurs social, juriste, associations, etc.) m\u00eame si ceux-ci ne peuvent prendre la parole que devant les juridictions sociales : Tribunal du travail ou Cour du travail.<\/li>\n<\/ul>\n<\/li>\n<\/ul>\n<p class=\"attention\"><strong>Accompagnement des usagers<br \/>\n<\/strong>Seul l\u2019avocat est autoris\u00e9 \u00e0 intervenir durant l\u2019audience, la personne accompagnant (travailleurs social, juriste, associations, etc.) ne peut donc pas intervenir.<\/p>\n<ol start=\"2\">\n<li>Lors de la premi\u00e8re audience, le juge de paix peut d\u00e9cider que l\u2019affaire soit\u00a0:<\/li>\n<\/ol>\n<ul>\n<li style=\"list-style-type: none;\">\n<ul>\n<li><strong>examin\u00e9e imm\u00e9diatement<\/strong><br \/>\nIl s\u2019agit principalement d\u2019affaires simples ou urgentes pouvant \u00eatre trait\u00e9es oralement au cours de l\u2019audience m\u00eame. L\u2019affaire est imm\u00e9diatement plaid\u00e9e.<br \/>\nLe juge \u00e9coute les explications des parties et prononce th\u00e9oriquement son jugement end\u00e9ans le d\u00e9lai l\u00e9gal d&rsquo;un mois. Dans les faits, on observe de nombreux retard, qui ne sont pas sanctionn\u00e9s.<br \/>\nLes personnes le re\u00e7oivent chez elles par la poste.<\/li>\n<\/ul>\n<\/li>\n<\/ul>\n<ul>\n<li style=\"list-style-type: none;\">\n<ul>\n<li><strong>Remise \u00e0 une date d\u00e9termin\u00e9e (une semaine, un mois ou plus) avec parfois, la fixation d&rsquo;un calendrier d&rsquo;\u00e9changes de conclusions <\/strong>(les argumentaires juridiques \u00e9crits)<br \/>\nL\u2019intervalle permet de remettre les pi\u00e8ces \u00e0 la partie adverse. Il est important de bien prendre note de la date, la partie absente peut \u00eatre jug\u00e9e par d\u00e9faut.<\/li>\n<\/ul>\n<\/li>\n<\/ul>\n<ul>\n<li style=\"list-style-type: none;\">\n<ul>\n<li><strong>Remise \u00e0 une date ind\u00e9termin\u00e9e<br \/>\n<\/strong>Il s\u2019agit principalement d\u2019affaires qui ne sont pas urgentes ou qui n\u00e9cessitent un d\u00e9lai plus long pour la mise en \u00e9tat du dossier. L\u2019affaire fait alors l\u2019objet d\u2019un <span class=\"lexique\" data-mce-mark=\"1\">renvoi au r\u00f4le<\/span> afin de permettre aux parties de r\u00e9colter les pi\u00e8ces manquantes, d\u2019analyser le dossier et de r\u00e9diger <span class=\"lexique\" data-mce-mark=\"1\">leurs conclusions<\/span>, par le biais de leurs avocats. Renvoyer au r\u00f4le signifie donc mettre le dossier en attente. Plus aucune audience n&rsquo;est fix\u00e9e dans cette affaire tant qu&rsquo;une partie ne demande pas \u00e0 ce que son dossier soit refix\u00e9 \u00e0 une audience prochaine.<\/li>\n<\/ul>\n<\/li>\n<\/ul>\n<h2 id=\"plaidoiries\">4. Les plaidoiries<\/h2>\n<p>Lorsque les avocats ont r\u00e9dig\u00e9 et \u00e9chang\u00e9 leurs conclusions, ils demandent conjointement et par \u00e9crit que l\u2019affaire soit plaid\u00e9e. Approximativement, trois semaines suivant l\u2019introduction de la demande de plaidoirie, un courrier est envoy\u00e9 \u00e0 l\u2019ensemble des parties, mentionnant le lieu, la date et l\u2019heure des plaidoiries (il peut arriver que la date des plaidoiries soit fix\u00e9e quelques mois plus tard).<\/p>\n<p>Durant les plaidoiries, chaque partie peut s\u2019exprimer \u00e0 tour de r\u00f4le. La partie demanderesse, \u00e0 l\u2019initiative de la plainte et de la proc\u00e9dure, commence \u00e0 d\u00e9velopper son argumentation, en apportant la preuve de tous les faits qu\u2019elle soul\u00e8ve et en les qualifiant en droit. Ensuite, c\u2019est au tour de la partie adverse d\u2019exposer son point de vue.<\/p>\n<h2>5. Le jugement<\/h2>\n<p>Le jugement peut \u00eatre prononc\u00e9 le jour m\u00eame des plaidoiries, ce qui est tr\u00e8s rare. Lorsque le juge ne prononce pas le jugement imm\u00e9diatement, le jugement est envoy\u00e9 par la poste, apr\u00e8s d\u00e9lib\u00e9ration, dans un d\u00e9lai th\u00e9orique d&rsquo;un mois.<\/p>\n<ul>\n<li><strong>Condamnation <\/strong><br \/>\nLa partie perdante doit se conformer spontan\u00e9ment et le plus rapidement possible au jugement.<br \/>\nIl est dans l\u2019int\u00e9r\u00eat de la partie perdante de r\u00e9agir au plus vite, notamment si des frais sont \u00e0 payer. En effet, sans ex\u00e9cution volontaire du jugement par la partie ayant perdu, la partie gagnante mandatera un huissier de justice pour signifier le jugement (l&rsquo;apporter au domicile de la partie qui a perdu). Apr\u00e8s la signification, l&rsquo;huissier pourra ex\u00e9cuter le jugement de mani\u00e8re forc\u00e9e : seront alors \u00e9ventuellement pratiqu\u00e9es des saisies sur les biens ou sur les salaires. Ces proc\u00e9dures entra\u00eenent des frais suppl\u00e9mentaires.<\/li>\n<\/ul>\n<ul>\n<li><strong>Condamnation par d\u00e9faut<br \/>\n<\/strong>Si la partie d\u00e9fenderesse ne s\u2019est pas pr\u00e9sent\u00e9e devant le juge, elle est condamn\u00e9e par d\u00e9faut et, par cons\u00e9quent, la partie adverse a gain de cause quasi automatiquement (sauf si la partie demanderesse sollicite des \u00e9l\u00e9ments contraires \u00e0 l&rsquo;ordre public, <a href=\"https:\/\/www.socialenergie.be\/fr\/recours-plaintes\/justice\/competences-et-generalites\/\">voir cette page<\/a>).<\/li>\n<\/ul>\n<p class=\"greybg\"><a name=\"_ftn1\"><\/a>[1] Voir <a href=\"https:\/\/fin.belgium.be\/fr\/particuliers\/paiements-remboursements\/paiements\/payer-mes-impots-et-dettes-aupres-du-spf-finances\/droits-de-mise-au-role\" target=\"_blank\" rel=\"noopener noreferrer\">https:\/\/fin.belgium.be\/fr\/particuliers\/paiements-remboursements\/paiements\/payer-mes-impots-et-dettes-aupres-du-spf-finances\/droits-de-mise-au-role<\/a><\/p>\n<p><\/div><div class=\"title_code\">Et apr\u00e8s ?<\/div>\n\n        <div class=\"content_code\"><\/p>\n<p>Il existe deux possibilit\u00e9s (non cumulatives) de recours contre la d\u00e9cision du juge de paix. Celles-ci d\u00e9pendent du type de jugement (contradictoire ou par d\u00e9faut) et du montant de la condamnation.<\/p>\n<p><strong>Condamnation &gt; possibilit\u00e9 d\u2019appel<\/strong><br \/>\nSi la partie perdante conteste le jugement et que le montant r\u00e9clam\u00e9 \u00e0 la base est sup\u00e9rieur \u00e0 2000\u20ac, il est possible de faire \u00ab\u00a0appel\u00a0\u00bb de la d\u00e9cision du juge de paix, dans un d\u00e9lai d&rsquo;un mois \u00e0 partir de la signification du jugement. C\u2019est \u00e0 dire que l&rsquo;affaire est r\u00e9examin\u00e9e par le tribunal de Premi\u00e8re Instance. Il est conseill\u00e9 de se faire aider et accompagner par un avocat.<\/p>\n<p><strong>Condamnation par d\u00e9faut &gt; possibilit\u00e9 d\u2019opposition<br \/>\n<\/strong><\/p>\n<p>Il est possible de faire opposition <strong>contre un jugement du Juge de paix rendu par d\u00e9faut<\/strong> (une des parties n\u2019a donc pas pu faire valoir ses arguments), au plus tard dans le mois qui suit la signification du jugement, mais uniquement si le jugement porte sur une demande dont le montant \u00e9tait inf\u00e9rieur ou \u00e9gal \u00e0 2.000 \u20ac (si le montant est sup\u00e9rieur \u00e0 2.000\u20ac, la personne devra faire appel et non opposition). L\u2019affaire est alors examin\u00e9e en profondeur par le m\u00eame juge de paix, en tenant compte des arguments de la partie l\u00e9s\u00e9e.<\/p>\n<p>Ainsi, il n\u2019est plus possible d\u2019introduire un recours contre les jugements <strong>contradictoires <\/strong>rendus par le Juge de Paix, \u00e0 savoir en pr\u00e9sence du fournisseur et de l\u2019usager, sur une dette \u00e9nerg\u00e9tique ou d\u2019eau dont le montant est inf\u00e9rieur \u00e0 2.000 \u20ac. Cela peut s\u2019av\u00e9rer particuli\u00e8rement probl\u00e9matique lorsque le juge de Paix dont on d\u00e9pend (le juge de Paix comp\u00e9tent est celui du domicile de la personne endett\u00e9e) a une jurisprudence peu favorable aux personnes pr\u00e9caris\u00e9es (ex. ma\u00eetrise al\u00e9atoire des ordonnances applicable et des mesures sociales en mati\u00e8re d\u2019\u00e9nergie et eau ; octroi de plans de paiement demeurant difficiles \u00e0 respecter pour l\u2019usager, \u2026).<\/p>\n<p>Le jugement est dit de <strong>dernier ressort<\/strong> (ou de derni\u00e8re instance) s\u2019il n\u2019est possible ni de faire opposition ni de faire appel d\u2019un jugement. C\u2019est par exemple le cas pour les jugements contradictoires portant sur un litige inf\u00e9rieur \u00e0 2.000 \u20ac. Ces jugements peuvent toutefois faire l\u2019objet d\u2019un \u00ab\u00a0pourvoi en cassation\u00a0\u00bb devant la Cour de cassation. Le pourvoi en cassation en Belgique est une voie de recours extraordinaire contre des d\u00e9cisions d\u00e9finitives. Elle ne rejuge pas les faits, mais v\u00e9rifie uniquement si le droit a \u00e9t\u00e9 correctement appliqu\u00e9. Le d\u00e9lai est en principe de trois mois \u00e0 dater du jugement attaqu\u00e9, sauf mati\u00e8re p\u00e9nale, avec une proc\u00e9dure majoritairement \u00e9crite via un avocat sp\u00e9cialis\u00e9.<\/p>\n<p><\/div><\/p>\n","protected":false},"excerpt":{"rendered":"<p>La justice de paix est une juridiction civile qui traite les affaires touchant notamment \u00e0 la vie familiale, au voisinage, au logement, etc. Elle est \u00e9galement comp\u00e9tente en mati\u00e8re d\u2019\u00e9nergie et d\u2019eau. Concernant l\u2019\u00e9nergie, si le litige ne concerne ni les \u00ab obligations de service public \u00bb relatives \u00e0 la fourniture de gaz, d\u2019\u00e9lectricit\u00e9 ou [&hellip;]<\/p>\n","protected":false},"author":3,"featured_media":0,"parent":1963,"menu_order":435,"comment_status":"closed","ping_status":"closed","template":"","meta":{"_acf_changed":false,"footnotes":""},"class_list":["post-1999","page","type-page","status-publish","hentry"],"acf":[],"_links":{"self":[{"href":"https:\/\/www.socialenergie.be\/fr\/wp-json\/wp\/v2\/pages\/1999","targetHints":{"allow":["GET"]}}],"collection":[{"href":"https:\/\/www.socialenergie.be\/fr\/wp-json\/wp\/v2\/pages"}],"about":[{"href":"https:\/\/www.socialenergie.be\/fr\/wp-json\/wp\/v2\/types\/page"}],"author":[{"embeddable":true,"href":"https:\/\/www.socialenergie.be\/fr\/wp-json\/wp\/v2\/users\/3"}],"replies":[{"embeddable":true,"href":"https:\/\/www.socialenergie.be\/fr\/wp-json\/wp\/v2\/comments?post=1999"}],"version-history":[{"count":23,"href":"https:\/\/www.socialenergie.be\/fr\/wp-json\/wp\/v2\/pages\/1999\/revisions"}],"predecessor-version":[{"id":14014,"href":"https:\/\/www.socialenergie.be\/fr\/wp-json\/wp\/v2\/pages\/1999\/revisions\/14014"}],"up":[{"embeddable":true,"href":"https:\/\/www.socialenergie.be\/fr\/wp-json\/wp\/v2\/pages\/1963"}],"wp:attachment":[{"href":"https:\/\/www.socialenergie.be\/fr\/wp-json\/wp\/v2\/media?parent=1999"}],"curies":[{"name":"wp","href":"https:\/\/api.w.org\/{rel}","templated":true}]}}