{"id":2003,"date":"2016-08-08T15:07:31","date_gmt":"2016-08-08T13:07:31","guid":{"rendered":"http:\/\/zl31wzsmw.preview.infomaniak.website\/_new2016\/fr\/?page_id=2003"},"modified":"2026-04-09T16:58:00","modified_gmt":"2026-04-09T14:58:00","slug":"1e-instance","status":"publish","type":"page","link":"https:\/\/www.socialenergie.be\/fr\/recours-plaintes\/justice\/autres\/1e-instance\/","title":{"rendered":"Le Tribunal de 1\u00e8re instance"},"content":{"rendered":"<p>Le Tribunal de 1<sup>\u00e8re<\/sup> Instance est saisi dans trois cas de figure\u00a0:<\/p>\n<ul>\n<li>Pour trancher un appel contre des jugements d&rsquo;un Juge de Paix \u00e0 condition que les montants en jeu soient \u00e9gaux ou sup\u00e9rieurs \u00e0 2000\u20ac<a href=\"#_ftn1\">[1]<\/a>.<\/li>\n<li>Pour trancher les probl\u00e9matiques \u00e9nerg\u00e9tiques dont les sommes en jeu sont de 5000 \u20ac minimum et qui ne concernent ni les \u00ab obligations de service public \u00bb relatives \u00e0 la fourniture de gaz, d\u2019\u00e9lectricit\u00e9 ou d&rsquo;eau pr\u00e9cis\u00e9es dans les ordonnances, ni les r\u00e9cup\u00e9rations de cr\u00e9ances \u00e9nerg\u00e9tiques (vu que pour ces 2 types de cas de figure, le juge de paix a une comp\u00e9tence exclusive).<\/li>\n<li>Pour trancher un litige urgent : le Pr\u00e9sident du Tribunal de 1<sup>\u00e8re<\/sup> Instance pourra alors \u00eatre saisi en r\u00e9f\u00e9r\u00e9 \u2013 Ainsi, par exemple, une ordonnance pr\u00e9sidentielle du Tribunal de 1<sup>\u00e8re<\/sup> Instance de Marche-en-Famenne ordonnant le r\u00e9tablissement de fournitures d\u2019\u00e9lectricit\u00e9 qui avait \u00e9t\u00e9 motiv\u00e9e par des \u00ab\u00a0raisons humanitaires\u00a0\u00bb et l\u2019atteinte \u00e0 la dignit\u00e9 humaine que provoquait la coupure.<\/li>\n<\/ul>\n<p class=\"greybg\"><a name=\"_ftn1\"><\/a>[1] Cfr Art. 617 du Code Judiciaire<\/p>\n<p>&nbsp;<\/p>\n","protected":false},"excerpt":{"rendered":"<p>Le Tribunal de 1\u00e8re Instance est saisi dans trois cas de figure\u00a0: Pour trancher un appel contre des jugements d&rsquo;un Juge de Paix \u00e0 condition que les montants en jeu soient \u00e9gaux ou sup\u00e9rieurs \u00e0 2000\u20ac[1]. Pour trancher les probl\u00e9matiques \u00e9nerg\u00e9tiques dont les sommes en jeu sont de 5000 \u20ac minimum et qui ne concernent [&hellip;]<\/p>\n","protected":false},"author":3,"featured_media":0,"parent":2001,"menu_order":274,"comment_status":"closed","ping_status":"closed","template":"","meta":{"_acf_changed":false,"footnotes":""},"class_list":["post-2003","page","type-page","status-publish","hentry"],"acf":[],"_links":{"self":[{"href":"https:\/\/www.socialenergie.be\/fr\/wp-json\/wp\/v2\/pages\/2003","targetHints":{"allow":["GET"]}}],"collection":[{"href":"https:\/\/www.socialenergie.be\/fr\/wp-json\/wp\/v2\/pages"}],"about":[{"href":"https:\/\/www.socialenergie.be\/fr\/wp-json\/wp\/v2\/types\/page"}],"author":[{"embeddable":true,"href":"https:\/\/www.socialenergie.be\/fr\/wp-json\/wp\/v2\/users\/3"}],"replies":[{"embeddable":true,"href":"https:\/\/www.socialenergie.be\/fr\/wp-json\/wp\/v2\/comments?post=2003"}],"version-history":[{"count":8,"href":"https:\/\/www.socialenergie.be\/fr\/wp-json\/wp\/v2\/pages\/2003\/revisions"}],"predecessor-version":[{"id":13981,"href":"https:\/\/www.socialenergie.be\/fr\/wp-json\/wp\/v2\/pages\/2003\/revisions\/13981"}],"up":[{"embeddable":true,"href":"https:\/\/www.socialenergie.be\/fr\/wp-json\/wp\/v2\/pages\/2001"}],"wp:attachment":[{"href":"https:\/\/www.socialenergie.be\/fr\/wp-json\/wp\/v2\/media?parent=2003"}],"curies":[{"name":"wp","href":"https:\/\/api.w.org\/{rel}","templated":true}]}}