{"id":2074,"date":"2016-08-16T09:40:35","date_gmt":"2016-08-16T07:40:35","guid":{"rendered":"http:\/\/zl31wzsmw.preview.infomaniak.website\/_new2016\/fr\/?page_id=2074"},"modified":"2026-02-26T13:27:48","modified_gmt":"2026-02-26T12:27:48","slug":"etapes","status":"publish","type":"page","link":"https:\/\/www.socialenergie.be\/fr\/factures\/non-paiement\/etapes\/","title":{"rendered":"Etapes en cas de non-paiement"},"content":{"rendered":"<p>Les diff\u00e9rentes \u00e9tapes d\u2019une proc\u00e9dure en cas de non-paiement sont : (cliquez pour voir en grand)<br \/>\n<a href=\"https:\/\/www.socialenergie.be\/wp-content\/uploads\/2026_CASE_non-paiement-schema-GMS-1.jpg\"><img loading=\"lazy\" decoding=\"async\" class=\"aligncenter wp-image-13712 size-large\" src=\"https:\/\/www.socialenergie.be\/wp-content\/uploads\/2026_CASE_non-paiement-schema-GMS-1-1024x1024.jpg\" alt=\"\" width=\"1024\" height=\"1024\" srcset=\"https:\/\/www.socialenergie.be\/wp-content\/uploads\/2026_CASE_non-paiement-schema-GMS-1-1024x1024.jpg 1024w, https:\/\/www.socialenergie.be\/wp-content\/uploads\/2026_CASE_non-paiement-schema-GMS-1-300x300.jpg 300w, https:\/\/www.socialenergie.be\/wp-content\/uploads\/2026_CASE_non-paiement-schema-GMS-1-150x150.jpg 150w, https:\/\/www.socialenergie.be\/wp-content\/uploads\/2026_CASE_non-paiement-schema-GMS-1-1536x1536.jpg 1536w, https:\/\/www.socialenergie.be\/wp-content\/uploads\/2026_CASE_non-paiement-schema-GMS-1-400x400.jpg 400w, https:\/\/www.socialenergie.be\/wp-content\/uploads\/2026_CASE_non-paiement-schema-GMS-1.jpg 1575w\" sizes=\"auto, (max-width: 1024px) 100vw, 1024px\" \/><\/a><\/p>\n<p><div class=\"title_code\">1. Rappel<\/div>\n\n        <div class=\"content_code\"><br \/>\nDans les 15 jours qui suivent la date d\u2019\u00e9ch\u00e9ance de la facture, le fournisseur envoie un rappel. Les frais administratifs li\u00e9s au rappel ne peuvent exc\u00e9der 7,5 euros.<br \/>\n<\/div><div class=\"title_code\">2. Mise en demeure<\/div>\n\n        <div class=\"content_code\"><br \/>\nAu minimum 15 jours et au plus tard 30 jours suivant l\u2019envoi du rappel, le fournisseur envoie une mise en demeure par lettre recommand\u00e9e et par courrier ordinaire. Les frais administratifs li\u00e9s \u00e0 cette mise en demeure ne peuvent exc\u00e9der 15 euros.<\/p>\n<p class=\"attention info\"><strong>Statut de client prot\u00e9g\u00e9<br \/>\n<\/strong>A partir de cette \u00e9tape et jusqu&rsquo;\u00e0 ce que la r\u00e9siliation du contrat soit effective, tout m\u00e9nage peut demander \u00e0 obtenir le statut de <a href=\"https:\/\/www.socialenergie.be\/fr\/mesures-sociales\/gaz-elec\/client-protege\/\">client prot\u00e9g\u00e9<\/a>.<br \/>\nEn effet, voir <a href=\"https:\/\/www.socialenergie.be\/fr\/jurisprudence\/octroi-du-statut-de-client-protege-possible-jusquau-jugement-definitif\/\">la d\u00e9cision du Juge de Paix de Forest<\/a>, dont on peut clairement d\u00e9duire que le statut de client prot\u00e9g\u00e9 peut \u00eatre demand\u00e9 jusqu\u2019\u00e0 ce que la r\u00e9siliation du contrat de fourniture soit \u00ab irr\u00e9versible \u00bb, \u00e0 savoir jusqu\u2019\u00e0 ce que le jugement pronon\u00e7ant la r\u00e9siliation soit coul\u00e9 en force de chose jug\u00e9e. Cela va donc au-del\u00e0 de l&rsquo;introduction de la demande de r\u00e9solution du contrat par le fournisseur devant le Juge de paix.<\/p>\n<p><\/div><div class=\"title_code\">3. Plan de paiement<\/div>\n\n        <div class=\"content_code\"><br \/>\nA d\u00e9faut de paiement dans les sept jours suivant la r\u00e9ception de la mise en demeure. Le fournisseur a l&rsquo;obligation de proposer un plan de paiement raisonnable.<\/p>\n<p>Le caract\u00e8re raisonnable d\u2019un plan de paiement doit s\u2019appr\u00e9cier en fonction de l\u2019\u00e9quilibre qu\u2019il \u00e9tablit entre l\u2019int\u00e9r\u00eat du fournisseur \u00e0 obtenir le remboursement de sa dette dans un d\u00e9lai raisonnable, et l\u2019int\u00e9r\u00eat du client \u00e0 apurer sa dette dans un d\u00e9lai adapt\u00e9 \u00e0 sa situation financi\u00e8re.<\/p>\n<p>Il est d\u00e9sormais fait r\u00e9f\u00e9rence explicitement \u00e0 la dignit\u00e9 humaine pour d\u00e9finir le caract\u00e8re raisonnable du plan : le plan de paiement n\u2019est pas raisonnable s\u2019il porte atteinte \u00e0 la possibilit\u00e9 pour le client et sa famille de mener une vie conforme \u00e0 la dignit\u00e9 humaine. Lorsque le m\u00e9nage b\u00e9n\u00e9ficie de l&rsquo;assistance d&rsquo;un centre de m\u00e9diation de dettes agr\u00e9\u00e9 ou du C.P.A.S., celui-ci ren\u00e9gocie le plan d&rsquo;apurement s&rsquo;il constate qu&rsquo;il n&rsquo;est pas ou plus raisonnable.<\/p>\n<p>Le plan de paiement qui a fait l\u2019objet d\u2019un accord entre les parties doit \u00eatre d\u2019office notifi\u00e9 au client par \u00e9crit.<\/p>\n<p>Il devra comprendre des informations minimales qui seront d\u00e9termin\u00e9es par Brugel.<\/p>\n<p>L\u2019ordonnance pr\u00e9cise que lorsqu&rsquo;un fournisseur informe le client de son intention de pr\u00e9venir le CPAS, c\u2019est notamment lui permettre de b\u00e9n\u00e9ficier de son assistance pour n\u00e9gocier le plan de paiement.<\/p>\n<p>Apr\u00e8s un d\u00e9lai de 10 jours, \u00e0 dater de l&rsquo;envoi de la proposition de plan de paiement, le fournisseur informe la personne de son intention de pr\u00e9venir le CPAS. La personne peut refuser la communication de son nom au CPAS. Elle a 10 jours pour le signifier \u00e0 son fournisseur par lettre recommand\u00e9e.<br \/>\n<\/div><div class=\"title_code\">4. Prise de contact par Sibelga<\/div>\n\n        <div class=\"content_code\"><br \/>\nSi, 7 jours apr\u00e8s la r\u00e9ception de la mise en demeure, le fournisseur n\u2019a pas re\u00e7u de paiement, il a \u00e9galement l\u2019obligation de pr\u00e9venir Sibelga qu\u2019il souhaite entamer une proc\u00e9dure pour mettre fin au contrat.<\/p>\n<p>End\u00e9ans les 10 jours suivant la r\u00e9ception de la demande du fournisseur par Sibelga, Sibelga prend alors contact avec le client pour le pr\u00e9venir de la volont\u00e9 du fournisseur et l\u2019informe des mesures de protection existantes (telles que la possibilit\u00e9 de demander le statut de client prot\u00e9g\u00e9 par exemple). Sibelga communique \u00e9galement au client en d\u00e9faut de paiement les coordonn\u00e9es du CPAS de sa commune et celles d\u2019Infor GazElec.<\/p>\n<p>Anciennement, \u00e0 ce stade de la proc\u00e9dure, le fournisseur demandait \u00e0 Sibelga le placement d\u2019un limiteur de puissance. A la suite de la modification de l\u2019ordonnance en avril 2022, plus aucun limiteur n\u2019est plac\u00e9 et Sibelga a entrepris une campagne proactive sur trois ans pour les retirer.<br \/>\n<\/div><div class=\"title_code\">5. Intervention du juge de paix<\/div>\n\n        <div class=\"content_code\"><br \/>\nLe fournisseur peut introduire, aupr\u00e8s du juge de paix, une demande de r\u00e9solution du contrat et l\u2019autorisation de coupure, \u00e0 trois conditions :<\/p>\n<ul>\n<li>Le m\u00e9nage n\u2019a pas apur\u00e9 ses dettes et ne respecte pas le plan d\u2019apurement conclu avec le fournisseur ou n\u2019a conclu aucun plan d\u2019apurement.<\/li>\n<li>Le m\u00e9nage n\u2019est pas reconnu comme <a href=\"https:\/\/www.socialenergie.be\/fr\/mesures-sociales\/gaz-elec\/client-protege\/\">client prot\u00e9g\u00e9<\/a>.<\/li>\n<li>Toutes les \u00e9tapes de la proc\u00e9dure ont \u00e9t\u00e9 respect\u00e9es. Le fournisseur est cens\u00e9 en apporter la preuve au juge de paix. Cependant, dans les faits, les preuves sont rarement demand\u00e9es.<\/li>\n<\/ul>\n<p>La demande de r\u00e9solution intervient :<\/p>\n<ol>\n<li>Pour l\u2019\u00e9lectricit\u00e9 :<br \/>\n60 jours au moins apr\u00e8s la proc\u00e9dure de placement du limiteur de puissance<\/li>\n<li>Pour le gaz :<br \/>\n60 jours au moins apr\u00e8s l\u2019envoi de la mise en demeure.<\/li>\n<\/ol>\n<p>Le fournisseur informe le CPAS de la demande de r\u00e9solution, \u00e0 moins que le m\u00e9nage ait pr\u00e9c\u00e9demment refus\u00e9 la communication de son nom.<\/p>\n<p>Le fournisseur informe \u00e9galement gestionnaire de r\u00e9seau de sa d\u00e9marche. Dans les 10 jours, Sibelga prend contact avec le client pour l\u2019informer des risques encourus et de l\u2019existence du syst\u00e8me de protection.\u00a0 Il lui communique \u00e9galement les coordonn\u00e9es du CPAS de sa commune et d\u2019Infor GazElec.<\/p>\n<p>Pour en savoir plus sur la proc\u00e9dure en justice de paix, <a href=\"https:\/\/www.socialenergie.be\/fr\/recours-plaintes\/justice\/convoque-jdp\/\">cliquez ici<\/a>.<br \/>\n<\/div><div class=\"title_code\">6. R\u00e9solution du contrat et coupure<\/div>\n\n        <div class=\"content_code\"><br \/>\nSi le juge de paix prononce <a class=\"lexique\" title=\"R\u00e9soudre un contrat, c'est faire en sorte qu'il n'ait jamais exist\u00e9. Cela implique que des dommages et int\u00e9r\u00eats peuvent \u00eatre demand\u00e9s. Ainsi les prestations non effectu\u00e9es ne doivent pas \u00eatre effectu\u00e9es et les prestations d\u00e9j\u00e0 effectu\u00e9es doivent \u00eatre restitu\u00e9es lorsque c'est possible. &lt;br\/&gt;Attention, il ne faut pas confondre r\u00e9solution d\u2019un contrat avec la r\u00e9siliation d\u2019un contrat. Si la r\u00e9siliation met un terme au contrat (r\u00e9silier un bail \u00e0 loyer) pour le futur, la r\u00e9solution a pour effet qu'on consid\u00e8re le contrat comme inexistant et n'ayant jamais exist\u00e9!&lt;br\/&gt;R\u00e9silier un contrat, c\u2019est d\u00e9cider d\u2019y mettre fin. Il peut s'agir d'un abonnement \u00e0 un magazine, d'un contrat de bail, d'un contrat de mandat, d'un contrat de service ou autre. Le contrat cesse de d\u00e9ployer des effets et lib\u00e8re les parties de leur lien juridique, ainsi que de leurs obligations.\">la r\u00e9solution du contrat<\/a>, le fournisseur demande \u00e0 Sibelga d\u2019effectuer la coupure. Cette coupure, c\u2019est-\u00e0-dire la fermeture des compteurs, ne peut intervenir qu\u2019un mois apr\u00e8s la signification du jugement, si le client est domicili\u00e9 \u00e0 l\u2019adresse de consommation.<\/p>\n<p class=\"attention\"><strong>Eviter la coupure <\/strong><br \/>\nPour \u00e9viter la coupure, le m\u00e9nage doit conclure end\u00e9ans le mois un contrat avec un nouveau fournisseur. Dans le cas contraire, Sibelga proc\u00e8dera \u00e0 la fermeture des compteurs.<\/p>\n<p class=\"info\">La <a href=\"https:\/\/www.socialenergie.be\/fr\/mesures-sociales\/gaz-elec\/periode-hivernale\/\">coupure ne peut intervenir entre le 1er octobre et le 31 mars.<\/a> Si une d\u00e9cision de r\u00e9solution intervient pendant l\u2019hiver, Sibelga assure la fourniture du m\u00e9nage jusqu\u2019au 31 mars. Les consommations sont dues et factur\u00e9es au tarif social r\u00e9gional.<br \/>\nLe m\u00eame m\u00e9canisme est activ\u00e9 lorsque le contrat d\u2019un client arrive \u00e0 son terme lors de la p\u00e9riode hivernale et qu\u2019il n\u2019a pas sign\u00e9 de contrat avec un autre fournisseur. Sibelga fournit alors le client \u00e0 partir de la date effective de la fin de contrat et jusqu\u2019\u00e0 la fin de la p\u00e9riode hivernale.<\/p>\n<p>Si apr\u00e8s 2 visites, la coupure n\u2019a pas pu \u00eatre effectu\u00e9e, Sibelga en informe le fournisseur. Le fournisseur peut alors abandonner sa demande de coupure ou en r\u00e9introduire une nouvelle aupr\u00e8s de Sibelga.<\/p>\n<div class=\"info\"><strong>Que faire en cas de coupure ?<\/strong><br \/>\nPour retrouver un acc\u00e8s au gaz ou \u00e0 l\u2019\u00e9lectricit\u00e9, le m\u00e9nage doit :<\/p>\n<ul>\n<li>Demander le <a href=\"https:\/\/www.socialenergie.be\/fr\/mesures-sociales\/gaz-elec\/client-protege\/\">statut de client prot\u00e9g\u00e9<\/a> si la situation y est favorable. C\u2019est possible d\u2019en faire la demande tant que le contrat est actif, que la coupure n\u2019est pas effective.<\/li>\n<li>Signer un nouveau contrat avec un fournisseur commercial. S\u2019il est endett\u00e9 chez l\u2019ensemble des fournisseurs, le m\u00e9nage peut solliciter le CPAS pour lui demander de lui octroyer la \u00ab <a href=\"https:\/\/www.socialenergie.be\/fr\/mesures-sociales\/gaz-elec\/fourniture-garantie\/\">fourniture garantie<\/a>\u00a0\u00bb<\/li>\n<li>Faire rouvrir les compteurs, \u00e0 ses frais.<\/li>\n<\/ul>\n<\/div>\n<p><\/div><\/p>\n","protected":false},"excerpt":{"rendered":"<p>Les diff\u00e9rentes \u00e9tapes d\u2019une proc\u00e9dure en cas de non-paiement sont : (cliquez pour voir en grand)<\/p>\n","protected":false},"author":3,"featured_media":0,"parent":411,"menu_order":306,"comment_status":"closed","ping_status":"closed","template":"","meta":{"_acf_changed":false,"footnotes":""},"class_list":["post-2074","page","type-page","status-publish","hentry"],"acf":[],"_links":{"self":[{"href":"https:\/\/www.socialenergie.be\/fr\/wp-json\/wp\/v2\/pages\/2074","targetHints":{"allow":["GET"]}}],"collection":[{"href":"https:\/\/www.socialenergie.be\/fr\/wp-json\/wp\/v2\/pages"}],"about":[{"href":"https:\/\/www.socialenergie.be\/fr\/wp-json\/wp\/v2\/types\/page"}],"author":[{"embeddable":true,"href":"https:\/\/www.socialenergie.be\/fr\/wp-json\/wp\/v2\/users\/3"}],"replies":[{"embeddable":true,"href":"https:\/\/www.socialenergie.be\/fr\/wp-json\/wp\/v2\/comments?post=2074"}],"version-history":[{"count":38,"href":"https:\/\/www.socialenergie.be\/fr\/wp-json\/wp\/v2\/pages\/2074\/revisions"}],"predecessor-version":[{"id":13717,"href":"https:\/\/www.socialenergie.be\/fr\/wp-json\/wp\/v2\/pages\/2074\/revisions\/13717"}],"up":[{"embeddable":true,"href":"https:\/\/www.socialenergie.be\/fr\/wp-json\/wp\/v2\/pages\/411"}],"wp:attachment":[{"href":"https:\/\/www.socialenergie.be\/fr\/wp-json\/wp\/v2\/media?parent=2074"}],"curies":[{"name":"wp","href":"https:\/\/api.w.org\/{rel}","templated":true}]}}