{"id":2140,"date":"2016-08-17T10:19:06","date_gmt":"2016-08-17T08:19:06","guid":{"rendered":"http:\/\/zl31wzsmw.preview.infomaniak.website\/_new2016\/fr\/?page_id=2140"},"modified":"2026-03-17T12:58:16","modified_gmt":"2026-03-17T11:58:16","slug":"consommation-electrique","status":"publish","type":"page","link":"https:\/\/www.socialenergie.be\/fr\/consommation\/consommations-de-reference\/expliquer-les-differences-par-rapport-aux-consommations-de-reference\/consommation-electrique\/","title":{"rendered":"Consommation \u00e9lectrique"},"content":{"rendered":"<p>A travers les \u00e9changes avec le m\u00e9nage et l\u2019analyse de leur facture, vous pouvez essayer de savoir si un des \u00e9l\u00e9ments suivants peut expliquer l\u2019\u00e9cart entre la consommation annuelle \u00e9lectrique exprim\u00e9e en kWh et <a href=\"https:\/\/www.socialenergie.be\/consommation\/consommations-de-reference\/\">la consommation annuelle de r\u00e9f\u00e9rence<\/a>.<\/p>\n<p>Si ces pistes ne sont pas concluantes, il est pr\u00e9f\u00e9rable de se rendre \u00e0 domicile pour v\u00e9rifier l&rsquo;\u00e9tat du logement et de ses \u00e9quipements.<\/p>\n<div class=\"title_code\">Biais dans le calcul<\/div>\n\n        <div class=\"content_code\">\n<p>Il peut arriver que le calcul de <a href=\"https:\/\/www.socialenergie.be\/consommation\/connaitre-la-consommation\/trouver-les-donnees-de-consommation\/\">l\u2019annualisation de la consommation<\/a> soit biais\u00e9\/erron\u00e9. Cette situation peut se pr\u00e9senter si l\u2019annualisation a \u00e9t\u00e9 calcul\u00e9e uniquement sur base de mois d\u2019hiver ou d\u2019\u00e9t\u00e9, moments o\u00f9 la consommation \u00e9lectrique est sensiblement diff\u00e9rente. L\u2019annualisation peut alors \u00eatre sur- ou sous-\u00e9valu\u00e9e.<\/p>\n<p><\/div><div class=\"title_code\">Jours de pr\u00e9sence<\/div>\n\n        <div class=\"content_code\"><\/p>\n<p>Les chiffres de r\u00e9f\u00e9rence tiennent compte d\u2019un taux de pr\u00e9sence moyen \u00e0 domicile, mais certains m\u00e9nages y passent un temps plus important.<\/p>\n<p><\/div><div class=\"title_code\">Chauffage, production d'eau chaude et\/ou cuisson \u00e0 l'\u00e9lectricit\u00e9<\/div>\n\n        <div class=\"content_code\"><\/p>\n<p>Ces \u00e9l\u00e9ments peuvent expliquer une consommation \u00e9lectrique importante. N\u2019oubliez pas de les int\u00e9grer dans votre calcul de <a href=\"https:\/\/www.socialenergie.be\/consommation\/consommations-de-reference\/\">la consommation de r\u00e9f\u00e9rence<\/a>.<\/p>\n<p>Dans le cas d\u2019un boiler \u00e9lectrique, diff\u00e9rentes actions peuvent \u00eatre entreprises pour en diminuer la consommation:<\/p>\n<ul>\n<li>le r\u00e9gler sur une temp\u00e9rature de 60\u00b0, qui est une temp\u00e9rature suffisante pour l\u2019eau chaude sanitaire.<\/li>\n<li>Il n\u2019est pas n\u00e9cessaire de le laisser allum\u00e9 en permanence car dans ce cas il consomme de l\u2019\u00e9nergie juste pour maintenir l\u2019eau \u00e0 la temp\u00e9rature indiqu\u00e9e sans que l\u2019on ait forc\u00e9ment besoin d\u2019eau chaude pendant une bonne partie de la journ\u00e9e. Si la capacit\u00e9 du boiler (volume d\u2019eau) est suffisante, l\u2019installation d\u2019un minuteur pour programmer le chauffage de l\u2019eau est indiqu\u00e9e pour que la chauffe ait lieu pendant la nuit par exemple. Il est aussi possible d\u2019ajouter une plage horaire suppl\u00e9mentaire si les besoins sont importants. \u00a0Signalons qu\u2019un boiler \u00e9lectrique ne s\u2019use pas du fait de l\u2019\u00e9teindre et de le rallumer r\u00e9guli\u00e8rement.<\/li>\n<li>L\u2019entretenir et le d\u00e9tartrer tous les 3 \u00e0 4 ans.<\/li>\n<li><\/li>\n<\/ul>\n<p><\/div><div class=\"title_code\">Appareils \u00e9nergivores<\/div>\n\n        <div class=\"content_code\"><\/p>\n<p>Il s&rsquo;agit par exemple :<\/p>\n<ul>\n<li>d&rsquo;appareils \u00e9lectrom\u00e9nagers avec une mauvaise performance \u00e9nerg\u00e9tique (D, E, F ou G), surtout les frigos, cong\u00e9lateur, lave-linge et s\u00e8che-linge ou qui ne fonctionnent plus bien (exemple: joint de frigo qui n&rsquo;est plus \u00e9tanche).<\/li>\n<li>d\u2019une cuisini\u00e8re \u00e9lectrique et\/ou d\u2019un four<\/li>\n<li>d\u2019un petit chauffe-eau \u00e9lectrique sous \u00e9vier<\/li>\n<li>d&rsquo;un\/des chauffage(s) \u00e9lectrique(s) d\u2019appoint<\/li>\n<li>d&rsquo;un climatiseur<\/li>\n<li>d&rsquo;une\/des ancienne(s) lampe(s) halog\u00e8ne(s) (non LED) sur pied ou de nombreux petits spots halog\u00e8nes dans le plafond (la puissance cumul\u00e9e de 6 petits spots dans le plafond est souvent \u00e9gale voire sup\u00e9rieure \u00e0 la puissance d\u2019un grand spot sur pied)<\/li>\n<li>de tout appareil produisant de la chaleur ou du froid (aquarium, fer \u00e0 repasser, bouilloire \u00e9lectrique, cafeti\u00e8re, cong\u00e9lateur)<\/li>\n<li>d&rsquo;une grande TV<\/li>\n<li>de PC\/consoles de jeu de derni\u00e8re g\u00e9n\u00e9ration<\/li>\n<\/ul>\n<p>Pour d\u00e9terminer la consommation annuelle d\u2019un appareil \u00e9lectrique, il faut multiplier sa puissance (exprim\u00e9e en Watts et correspondant \u00e0 sa consommation en une heure) par sa dur\u00e9e d\u2019utilisation.<\/p>\n<p class=\"greybg\"><em>Exemple :<\/em><br \/>\nun chauffage \u00e9lectrique d\u2019appoint d\u2019une puissance de 2 000 Watts utilis\u00e9 pendant 1 heure chaque jour en p\u00e9riode de chauffe (= 6 mois = 182 jours) consomme annuellement 2 000 Watt * 1 heure\/jour * 182 jours = 364 000 Watts = 364 kWh.<\/p>\n<p class=\"attention\"><strong>Information consommation<\/strong><br \/>\nLa mani\u00e8re la plus pr\u00e9cise de mesurer la consommation des appareils \u00e9lectrom\u00e9nagers d\u2019un m\u00e9nage est d\u2019utiliser un wattm\u00e8tre. Cet appareil de mesure peut \u00eatre pr\u00eat\u00e9 <a href=\"https:\/\/www.socialenergie.be\/fr\/accompagnement\/\">par notre service<\/a>.<\/p>\n<p><\/div><div class=\"title_code\">Suspicion d\u2019un vol d\u2019\u00e9lectricit\u00e9 (aussi appel\u00e9 pontage)<\/div>\n\n        <div class=\"content_code\"><\/p>\n<ol>\n<li>D\u00e9brancher tous les appareils utilisant de l\u2019\u00e9lectricit\u00e9 (dont le frigo, le cong\u00e9lateur, le boiler, les mises en veille).<\/li>\n<li>V\u00e9rifier si les index du compteur continuent \u00e0 augmenter :<\/li>\n<\/ol>\n<ul>\n<li style=\"list-style-type: none;\">\n<ul>\n<li>si le compteur continue de tourner, il y a tr\u00e8s probablement un vol. Dans ce cas, il faut :\n<ul>\n<li>faire des photos du compteur et des fils connect\u00e9s \u00e0 ce compteur.<\/li>\n<li>Appeler un \u00e9lectricien pour qu\u2019il vienne constater le pontage et lui demander un rapport.<\/li>\n<li>Entreprendre des d\u00e9marches envers la personne qui vole l\u2019\u00e9lectricit\u00e9. En fonction de l\u2019appr\u00e9ciation de la situation, on peut soit tenter une m\u00e9diation, soit porter plainte \u00e0 la police sur base du rapport de l\u2019\u00e9lectricien et des photos.<\/li>\n<\/ul>\n<\/li>\n<li>Si le compteur ne tourne plus, c\u2019est a priori qu\u2019il n\u2019y a pas de vol. Par s\u00e9curit\u00e9, la personne peut r\u00e9p\u00e9ter le test \u00e0 un autre moment. Il est en effet possible que le vol ne soit pas constant, mais li\u00e9 uniquement \u00e0 l\u2019utilisation de certains appareils.<\/li>\n<\/ul>\n<\/li>\n<\/ul>\n<p><\/div><\/p>\n","protected":false},"excerpt":{"rendered":"<p>A travers les \u00e9changes avec le m\u00e9nage et l\u2019analyse de leur facture, vous pouvez essayer de savoir si un des \u00e9l\u00e9ments suivants peut expliquer l\u2019\u00e9cart entre la consommation annuelle \u00e9lectrique exprim\u00e9e en kWh et la consommation annuelle de r\u00e9f\u00e9rence. Si ces pistes ne sont pas concluantes, il est pr\u00e9f\u00e9rable de se rendre \u00e0 domicile pour [&hellip;]<\/p>\n","protected":false},"author":3,"featured_media":0,"parent":936,"menu_order":137,"comment_status":"closed","ping_status":"closed","template":"","meta":{"_acf_changed":false,"footnotes":""},"class_list":["post-2140","page","type-page","status-publish","hentry"],"acf":[],"_links":{"self":[{"href":"https:\/\/www.socialenergie.be\/fr\/wp-json\/wp\/v2\/pages\/2140","targetHints":{"allow":["GET"]}}],"collection":[{"href":"https:\/\/www.socialenergie.be\/fr\/wp-json\/wp\/v2\/pages"}],"about":[{"href":"https:\/\/www.socialenergie.be\/fr\/wp-json\/wp\/v2\/types\/page"}],"author":[{"embeddable":true,"href":"https:\/\/www.socialenergie.be\/fr\/wp-json\/wp\/v2\/users\/3"}],"replies":[{"embeddable":true,"href":"https:\/\/www.socialenergie.be\/fr\/wp-json\/wp\/v2\/comments?post=2140"}],"version-history":[{"count":5,"href":"https:\/\/www.socialenergie.be\/fr\/wp-json\/wp\/v2\/pages\/2140\/revisions"}],"predecessor-version":[{"id":13850,"href":"https:\/\/www.socialenergie.be\/fr\/wp-json\/wp\/v2\/pages\/2140\/revisions\/13850"}],"up":[{"embeddable":true,"href":"https:\/\/www.socialenergie.be\/fr\/wp-json\/wp\/v2\/pages\/936"}],"wp:attachment":[{"href":"https:\/\/www.socialenergie.be\/fr\/wp-json\/wp\/v2\/media?parent=2140"}],"curies":[{"name":"wp","href":"https:\/\/api.w.org\/{rel}","templated":true}]}}