{"id":286,"date":"2016-06-01T12:21:58","date_gmt":"2016-06-01T10:21:58","guid":{"rendered":"http:\/\/zl31wzsmw.preview.infomaniak.website\/_new2016\/fr\/?page_id=286"},"modified":"2025-10-01T11:06:40","modified_gmt":"2025-10-01T09:06:40","slug":"composantes","status":"publish","type":"page","link":"https:\/\/www.socialenergie.be\/fr\/eau\/prix\/composantes\/","title":{"rendered":"Composantes du prix de l&rsquo;eau"},"content":{"rendered":"<p>Les diff\u00e9rents acteurs de l\u2019eau font face \u00e0 des d\u00e9penses qui influencent le prix qui sera demand\u00e9 au consommateur pour son approvisionnement en eau potable.<\/p>\n<p>Les principaux co\u00fbts li\u00e9s au service de fourniture d\u2019eau sont les suivants\u00a0:<\/p>\n<ul>\n<li>Les co\u00fbts li\u00e9s \u00e0 la protection des captages d&rsquo;eau destin\u00e9s \u00e0 la consommation humaine<\/li>\n<li>Les co\u00fbts de production et de contr\u00f4le de qualit\u00e9<\/li>\n<li>Les co\u00fbts de distribution<\/li>\n<li>Les co\u00fbts d&rsquo;assainissement.<\/li>\n<\/ul>\n<p>En R\u00e9gion bruxelloise, les autorit\u00e9s ont d\u00e9cid\u00e9 d\u2019appliquer aux citoyens une tarification qui assure la r\u00e9cup\u00e9ration de l&rsquo;ensemble des co\u00fbts engendr\u00e9s par les interventions de l&rsquo;homme dans le cycle de l&rsquo;eau. C&rsquo;est le concept du \u00ab\u00a0co\u00fbt-v\u00e9rit\u00e9 de l&rsquo;eau\u00a0\u00bb.<\/p>\n<p>Depuis le 1er janvier 2022, la tarification solidaire et progressive a \u00e9t\u00e9 remplac\u00e9e par une <strong>tarification lin\u00e9aire domestique<\/strong>. Cela signifie que le prix au m3 d&rsquo;eau est fixe, quels que soient la quantit\u00e9 d&rsquo;eau consomm\u00e9e et le nombre de personnes domicili\u00e9es \u00e0 l&rsquo;adresse.<\/p>\n<p>Une tarification lin\u00e9aire non domestique est appliqu\u00e9e aux immeubles non r\u00e9sidentiels, aux commerces, aux bureaux et aux industries.<\/p>\n<div class=\"title_code\">Prix de l\u2019eau<\/div>\n\n        <div class=\"content_code\">\n<p>Le prix de l\u2019eau est calcul\u00e9 selon une tarification lin\u00e9aire domestique :<\/p>\n<p>Le prix de l\u2019eau est fixe quelle que soit la consommation.<\/p>\n<p><strong>Le prix de l\u2019eau comprend 2 postes<\/strong><\/p>\n<ul>\n<li>le terme fixe (anciennement \u2018redevance d\u2019abonnement\u2019) et<\/li>\n<li>le terme variable, qui d\u00e9pend de la quantit\u00e9 d\u2019eau consomm\u00e9e.<\/li>\n<\/ul>\n<p>Pour conna\u00eetre les prix en vigueur, vous pouvez consulter le site de Vivaqua :\u00a0<a href=\"https:\/\/www.vivaqua.be\/fr\/tarif-lineaire-domestique\/\" target=\"_blank\" rel=\"noopener noreferrer\" target=\"_blank\" rel=\"noopener\">Tarif lin\u00e9aire domestique &#8211; Tableau<\/a><\/p>\n<p>&nbsp;<\/p>\n<p><\/div><div class=\"title_code\">L'intervention sociale<\/div>\n\n        <div class=\"content_code\"><\/p>\n<p>Les autorit\u00e9s r\u00e9gionales ont pr\u00e9vu une intervention sociale dans le prix de l\u2019eau pour les b\u00e9n\u00e9ficiaires de l\u2019intervention major\u00e9e (BIM).<\/p>\n<p><strong>Qui est concern\u00e9 ?<\/strong><\/p>\n<p>Pour b\u00e9n\u00e9ficier de l\u2019intervention, un membre du m\u00e9nage doit b\u00e9n\u00e9ficier du statut BIM \u00e0 la date du 1<sup>e<\/sup> janvier de l\u2019ann\u00e9e concern\u00e9e.<\/p>\n<p>Les personnes qui se voient octroyer ce statut <strong>apr\u00e8s le 1<\/strong><strong>er <\/strong><strong>janvier <\/strong>ne b\u00e9n\u00e9ficieront pas de l&rsquo;intervention sociale pour l&rsquo;ann\u00e9e en cours.<\/p>\n<p>A l\u2019inverse, si le statut est perdu en cours d\u2019ann\u00e9e, l\u2019intervention reste due pour l\u2019ann\u00e9e compl\u00e8te.<\/p>\n<p><strong>Comment cette intervention est-elle vers\u00e9e ?<\/strong><\/p>\n<p>Si le m\u00e9nage dispose d\u2019un compteur individuel Vivaqua, le montant de l\u2019intervention sera automatiquement d\u00e9duit de la facture d&rsquo;eau qui suivra la consultation de la Banque Carrefour (BCSS).<\/p>\n<p>Si le compteur est collectif (commun \u00e0 l\u2019immeuble ou \u00e0 plusieurs logements), la personne concern\u00e9e devra solliciter l\u2019intervention \u00e0 l\u2019aide d\u2019un formulaire disponible sur le site de Vivaqua.<\/p>\n<p><strong>Quel est le montant ?<\/strong><\/p>\n<p>Pour l\u2019ann\u00e9e 2025, l\u2019intervention sociale s\u2019\u00e9l\u00e8ve \u00e0 57,51 \u20ac\/an pour un m\u00e9nage d\u2019une personne, auxquels s\u2019ajoutent 52,28 \u20ac\/an par personne suppl\u00e9mentaire composant ledit m\u00e9nage. Vivaqua se base sur le nombre de personnes domicili\u00e9es \u00e0 la m\u00eame adresse au 1er janvier de l\u2019ann\u00e9e.<\/p>\n<p class=\"greybg\"><em>Exemple : pour un m\u00e9nage compos\u00e9 de 3 personnes dont l\u2019une d\u2019elles b\u00e9n\u00e9ficie du <\/em><em>statut BIM, le montant de l\u2019intervention sera de 57,51\u20ac + (2X52,28\u20ac) soit de 162,07\u20ac\/an.<\/em><\/p>\n<p>Les montants de l\u2019intervention seront index\u00e9s \u00e0 la date anniversaire de l&rsquo;entr\u00e9e en vigueur de l\u2019arr\u00eat\u00e9, en fonction de l&rsquo;indice des prix \u00e0 la consommation en vigueur le mois pr\u00e9c\u00e9dent.<\/p>\n<p class=\"greybg\"><em>\u00a0<\/em><em>La R\u00e9gion bruxelloise est particuli\u00e8rement confront\u00e9e au ph\u00e9nom\u00e8ne du non-recours. <\/em><em>Il est imp\u00e9ratif que l\u2019ensemble des acteurs veillent \u00e0 ce que le public concern\u00e9 sollicite tant le statut BIM que l\u2019intervention sociale de Vivaqua \u00e0 laquelle il peut pr\u00e9tendre, sp\u00e9cifiquement en cas de compteur collectif<\/em><em>.<\/em><\/p>\n<p><\/div><div class=\"title_code\">TVA<\/div>\n\n        <div class=\"content_code\"><\/p>\n<p>La TVA de 6% s\u2019applique sur toutes les composantes de la facture.<\/p>\n<p><\/div><\/p>\n","protected":false},"excerpt":{"rendered":"<p>Les diff\u00e9rents acteurs de l\u2019eau font face \u00e0 des d\u00e9penses qui influencent le prix qui sera demand\u00e9 au consommateur pour son approvisionnement en eau potable. Les principaux co\u00fbts li\u00e9s au service de fourniture d\u2019eau sont les suivants\u00a0: Les co\u00fbts li\u00e9s \u00e0 la protection des captages d&rsquo;eau destin\u00e9s \u00e0 la consommation humaine Les co\u00fbts de production [&hellip;]<\/p>\n","protected":false},"author":1,"featured_media":0,"parent":284,"menu_order":121,"comment_status":"closed","ping_status":"closed","template":"","meta":{"_acf_changed":false,"footnotes":""},"class_list":["post-286","page","type-page","status-publish","hentry"],"acf":[],"_links":{"self":[{"href":"https:\/\/www.socialenergie.be\/fr\/wp-json\/wp\/v2\/pages\/286","targetHints":{"allow":["GET"]}}],"collection":[{"href":"https:\/\/www.socialenergie.be\/fr\/wp-json\/wp\/v2\/pages"}],"about":[{"href":"https:\/\/www.socialenergie.be\/fr\/wp-json\/wp\/v2\/types\/page"}],"author":[{"embeddable":true,"href":"https:\/\/www.socialenergie.be\/fr\/wp-json\/wp\/v2\/users\/1"}],"replies":[{"embeddable":true,"href":"https:\/\/www.socialenergie.be\/fr\/wp-json\/wp\/v2\/comments?post=286"}],"version-history":[{"count":20,"href":"https:\/\/www.socialenergie.be\/fr\/wp-json\/wp\/v2\/pages\/286\/revisions"}],"predecessor-version":[{"id":11851,"href":"https:\/\/www.socialenergie.be\/fr\/wp-json\/wp\/v2\/pages\/286\/revisions\/11851"}],"up":[{"embeddable":true,"href":"https:\/\/www.socialenergie.be\/fr\/wp-json\/wp\/v2\/pages\/284"}],"wp:attachment":[{"href":"https:\/\/www.socialenergie.be\/fr\/wp-json\/wp\/v2\/media?parent=286"}],"curies":[{"name":"wp","href":"https:\/\/api.w.org\/{rel}","templated":true}]}}