{"id":338,"date":"2016-06-02T11:02:09","date_gmt":"2016-06-02T09:02:09","guid":{"rendered":"http:\/\/zl31wzsmw.preview.infomaniak.website\/_new2016\/fr\/?page_id=338"},"modified":"2023-03-09T16:11:26","modified_gmt":"2023-03-09T15:11:26","slug":"reduction-de-tva-a-6","status":"publish","type":"page","link":"https:\/\/www.socialenergie.be\/fr\/aides-aux-investissements\/reductions-et-credits-dimpot\/reduction-de-tva-a-6\/","title":{"rendered":"R\u00e9duction de la TVA \u00e0 6% (r\u00e9novation)"},"content":{"rendered":"<div class=\"title_code\">En quoi consiste la r\u00e9duction de la TVA \u00e0 6% ?<\/div>\n\n        <div class=\"content_code\">\n<p>Il est possible de b\u00e9n\u00e9ficier d\u2019un taux de TVA r\u00e9duit de 6% (au lieu de 21%) pour la r\u00e9novation d\u2019habitations.<\/p>\n<p><\/div><div class=\"title_code\">Quelles sont les conditions pour b\u00e9n\u00e9ficier de cette r\u00e9duction de TVA ?<\/div>\n\n        <div class=\"content_code\"><img loading=\"lazy\" decoding=\"async\" class=\"alignright size-full wp-image-339\" src=\"https:\/\/www.socialenergie.be\/wp-content\/uploads\/Baisse_TVA.jpg\" alt=\"Baisse_TVA\" width=\"140\" height=\"112\" \/><\/p>\n<ol>\n<li>Le demandeur : tout locataire ou propri\u00e9taire peut b\u00e9n\u00e9ficier de cette r\u00e9duction<\/li>\n<li>Le bien :<\/li>\n<\/ol>\n<ul>\n<li style=\"list-style-type: none;\">\n<ul>\n<li>l\u2019habitation a au moins 10 ans. Le d\u00e9compte est r\u00e9alis\u00e9 \u00e0 partir de la date \u00e0 laquelle l\u2019habitation a \u00e9t\u00e9 habit\u00e9e pour la premi\u00e8re fois<\/li>\n<\/ul>\n<ul>\n<li>l\u2019habitation doit, apr\u00e8s ex\u00e9cution des travaux, \u00eatre utilis\u00e9e uniquement ou principalement comme habitation priv\u00e9e. En cas d\u2019habitation mixte (priv\u00e9e et professionnelle) :\n<ul>\n<li>si l\u2019affectation professionnelle est minoritaire et que les travaux sont effectu\u00e9s sur l\u2019ensemble du b\u00e2timent, la r\u00e9duction de 6% est appliqu\u00e9e sans distinction de la fonction du b\u00e2timent<\/li>\n<li>si l\u2019affectation priv\u00e9e est minoritaire, la TVA \u00e0 21 % est appliqu\u00e9e pour les r\u00e9novations des parties professionnelles, la r\u00e9duction de 6% est appliqu\u00e9e pour les travaux concernant les parties priv\u00e9es<\/li>\n<\/ul>\n<\/li>\n<\/ul>\n<\/li>\n<\/ul>\n<p class=\"attention\"><strong>R\u00e9sidence principale et secondaire<br \/>\n<\/strong>La mesure s\u2019applique tant \u00e0 une r\u00e9sidence secondaire qu\u2019\u00e0 une r\u00e9sidence principale. Les travaux (transformation, r\u00e9novation, r\u00e9habilitation, am\u00e9lioration, r\u00e9paration, entretien, etc.) sont factur\u00e9s directement au \u00abconsommateur final\u00bb (propri\u00e9taire ou locataire).<\/p>\n<p><\/div><div class=\"title_code\">Quels sont les travaux couverts par la r\u00e9duction de la TVA ?<\/div>\n\n        <div class=\"content_code\"><\/p>\n<p>La r\u00e9duction de TVA s\u2019applique sur les travaux qui concernent notamment :<\/p>\n<ul>\n<li>les r\u00e9novations, transformations, r\u00e9habilitations, am\u00e9liorations et r\u00e9parations du b\u00e2timent<\/li>\n<li>les installations de chauffage central<\/li>\n<li>les installations sanitaires (par exemple chauffe-eau ou boiler)<\/li>\n<li>les installations \u00e9lectriques<\/li>\n<li>les installations de ventilation<\/li>\n<li>les convecteurs et po\u00eales s\u2019ils sont fix\u00e9s aux \u00e9vacuations ext\u00e9rieures de gaz br\u00fbl\u00e9s ou de fum\u00e9es (la simple livraison n\u2019est pas comprise dans la r\u00e9duction)<\/li>\n<\/ul>\n<p>Les travaux doivent \u00eatre effectu\u00e9s par un entrepreneur enregistr\u00e9.<\/p>\n<p><\/div><div class=\"title_code\">Quelles sont les d\u00e9marches \u00e0 faire pour acc\u00e9der \u00e0 la r\u00e9duction de la TVA ?<\/div>\n\n        <div class=\"content_code\"><\/p>\n<p>Pour b\u00e9n\u00e9ficier de cette r\u00e9duction de la TVA, la personne doit demander \u00e0 l&rsquo;entrepreneur une facture qui, en plus des mentions obligatoires pour toute facture, reprendra <a href=\"https:\/\/finances.belgium.be\/fr\/particuliers\/habitation\/renovation#q10\" target=\"_blank\" rel=\"noopener noreferrer\" target=\"_blank\" rel=\"noopener\">une mention sp\u00e9cifique<\/a> justifiant l&rsquo;application du taux r\u00e9duit de TVA de 6 %.<\/p>\n<p>Depuis le 1er juillet 2022, l&rsquo;attestation que le client devait remettre \u00e0 l&rsquo;entrepreneur auparavant est supprim\u00e9e.<\/p>\n<p><\/div><div class=\"title_code\">Comment obtenir des informations compl\u00e9mentaires sur la r\u00e9duction de la TVA ?<\/div>\n\n        <div class=\"content_code\"><\/p>\n<p>Pour obtenir des informations compl\u00e9mentaires \u00e0 propos de cette r\u00e9duction de TVA, consultez <a href=\"https:\/\/finances.belgium.be\/fr\/particuliers\/habitation\/renovation\" target=\"_blank\" rel=\"noopener noreferrer\" target=\"_blank\" rel=\"noopener\">le site internet du SPF Finances<\/a>.<\/p>\n<p>Vous pouvez \u00e9galement contacter le SPF Finances par t\u00e9l\u00e9phone au 02\/572 57 57 du lundi au vendredi de 8h \u00e0 17h.<\/p>\n<p><\/div><\/p>\n<p><!-- Add code here that should appear in the content block of all new pages --><\/p>\n","protected":false},"excerpt":{"rendered":"","protected":false},"author":1,"featured_media":0,"parent":332,"menu_order":42,"comment_status":"closed","ping_status":"closed","template":"","meta":{"_acf_changed":false,"footnotes":""},"class_list":["post-338","page","type-page","status-publish","hentry"],"acf":[],"_links":{"self":[{"href":"https:\/\/www.socialenergie.be\/fr\/wp-json\/wp\/v2\/pages\/338","targetHints":{"allow":["GET"]}}],"collection":[{"href":"https:\/\/www.socialenergie.be\/fr\/wp-json\/wp\/v2\/pages"}],"about":[{"href":"https:\/\/www.socialenergie.be\/fr\/wp-json\/wp\/v2\/types\/page"}],"author":[{"embeddable":true,"href":"https:\/\/www.socialenergie.be\/fr\/wp-json\/wp\/v2\/users\/1"}],"replies":[{"embeddable":true,"href":"https:\/\/www.socialenergie.be\/fr\/wp-json\/wp\/v2\/comments?post=338"}],"version-history":[{"count":8,"href":"https:\/\/www.socialenergie.be\/fr\/wp-json\/wp\/v2\/pages\/338\/revisions"}],"predecessor-version":[{"id":8741,"href":"https:\/\/www.socialenergie.be\/fr\/wp-json\/wp\/v2\/pages\/338\/revisions\/8741"}],"up":[{"embeddable":true,"href":"https:\/\/www.socialenergie.be\/fr\/wp-json\/wp\/v2\/pages\/332"}],"wp:attachment":[{"href":"https:\/\/www.socialenergie.be\/fr\/wp-json\/wp\/v2\/media?parent=338"}],"curies":[{"name":"wp","href":"https:\/\/api.w.org\/{rel}","templated":true}]}}