{"id":354,"date":"2016-06-02T11:16:11","date_gmt":"2016-06-02T09:16:11","guid":{"rendered":"http:\/\/zl31wzsmw.preview.infomaniak.website\/_new2016\/fr\/?page_id=354"},"modified":"2025-10-01T10:41:12","modified_gmt":"2025-10-01T08:41:12","slug":"tarif-fuite","status":"publish","type":"page","link":"https:\/\/www.socialenergie.be\/fr\/eau\/prix\/tarif-fuite\/","title":{"rendered":"Tarif sp\u00e9cial fuite"},"content":{"rendered":"<p>Pour les personnes victimes d\u2019une fuite masqu\u00e9e ou non au niveau de leur installation priv\u00e9e, un tarif r\u00e9duit peut \u00eatre octroy\u00e9 pour les volumes d\u00e9passant 2 fois la consommation habituelle.<\/p>\n<p>Pour b\u00e9n\u00e9ficier d&rsquo;une r\u00e9duction de la facture, le client devra introduire sa demande dans les 12 mois suivant l&rsquo;\u00e9mission de la facture Vivaqua.<\/p>\n<p>Conditions pour b\u00e9n\u00e9ficier de ce tarif : afin de b\u00e9n\u00e9ficier d\u2019une telle r\u00e9duction, dans les deux mois suivant la demande, une preuve de la r\u00e9paration doit \u00eatre fournie \u00e0 Vivaqua via des photos de l\u2019installation avant et apr\u00e8s l\u2019intervention d\u2019un professionnel, via la facture de l\u2019intervention de celui-ci ou tout autre \u00e9l\u00e9ment de preuve justifiant l\u2019existence de la fuite et de sa r\u00e9paration. \u00c0 d\u00e9faut de pouvoir fournir une telle preuve \u00e0 Vivaqua, une inspection gratuite sur place par un de leurs agents est toujours possible.<\/p>\n<p>Le client devra proc\u00e9der \u00e0 deux relev\u00e9s espac\u00e9s de quinze jours minimum apr\u00e8s la r\u00e9paration, pour \u00e9tablir que la surconsommation r\u00e9sultait bien de la pr\u00e9sence d&rsquo;une fuite. Vivaqua pourra \u00e9galement proc\u00e9der \u00e0 un relev\u00e9 elle-m\u00eame.<\/p>\n<p>Attention, ce tarif pr\u00e9f\u00e9rentiel ne pourra pas \u00eatre appliqu\u00e9 si la consommation double suite \u00e0 la communication d\u2019un index r\u00e9el apr\u00e8s plusieurs ann\u00e9es d\u2019estimation.<\/p>\n<p>La tarification r\u00e9duite se d\u00e9compose d\u00e9sormais comme suit :<\/p>\n<ul>\n<li>De 0 \u00e0 2 fois la consommation habituelle : application de la tarification habituelle ;<\/li>\n<li>De 2 \u00e0 4 fois la consommation habituelle : les volumes d\u2019eau d\u00e9passant 2 \u00e0 4 fois la consommation habituelle sont factur\u00e9s \u00e0 50% du tarif ;<\/li>\n<li>Plus de 4 fois la consommation habituelle : les volumes d\u00e9passant plus de 4 fois la consommation habituelle sont factur\u00e9s \u00e0 10% du tarif.<\/li>\n<\/ul>\n<p>Cette tarification r\u00e9duite s\u2019applique tant sur le prix de l\u2019eau que sur le prix de l\u2019assainissement communal et r\u00e9gional. <a href=\"https:\/\/www.vivaqua.be\/fr\/tarifs-fuites\/\" target=\"_blank\" rel=\"noopener noreferrer\" target=\"_blank\" rel=\"noopener\">https:\/\/www.vivaqua.be\/fr\/tarifs-fuites\/<\/a><\/p>\n<p>Depuis le 1er janvier 2022, les personnes qui ont un compteur de passage n\u2019appartenant pas \u00e0 Vivaqua peuvent \u00e9galement solliciter le tarif fuite.<\/p>\n<p>Pour v\u00e9rifier les conditions d&rsquo;octroi, c&rsquo;est bien la consommation individuelle relev\u00e9e par ce compteur de passage qui est prise en compte et non celle du compteur collectif Vivaqua.<\/p>\n<p class=\"attention\"><em>Depuis le 1er janvier 2020, les tarifs sp\u00e9ciaux \u00ab garde altern\u00e9e \u00bb et \u00ab dialyse \u00bb ont \u00e9t\u00e9 <\/em><em>supprim\u00e9s et ne sont plus applicables.<\/em><\/p>\n<p><!-- Add code here that should appear in the content block of all new pages --><\/p>\n","protected":false},"excerpt":{"rendered":"<p>Pour les personnes victimes d\u2019une fuite masqu\u00e9e ou non au niveau de leur installation priv\u00e9e, un tarif r\u00e9duit peut \u00eatre octroy\u00e9 pour les volumes d\u00e9passant 2 fois la consommation habituelle. Pour b\u00e9n\u00e9ficier d&rsquo;une r\u00e9duction de la facture, le client devra introduire sa demande dans les 12 mois suivant l&rsquo;\u00e9mission de la facture Vivaqua. Conditions pour [&hellip;]<\/p>\n","protected":false},"author":1,"featured_media":0,"parent":284,"menu_order":241,"comment_status":"closed","ping_status":"closed","template":"","meta":{"_acf_changed":false,"footnotes":""},"class_list":["post-354","page","type-page","status-publish","hentry"],"acf":[],"_links":{"self":[{"href":"https:\/\/www.socialenergie.be\/fr\/wp-json\/wp\/v2\/pages\/354","targetHints":{"allow":["GET"]}}],"collection":[{"href":"https:\/\/www.socialenergie.be\/fr\/wp-json\/wp\/v2\/pages"}],"about":[{"href":"https:\/\/www.socialenergie.be\/fr\/wp-json\/wp\/v2\/types\/page"}],"author":[{"embeddable":true,"href":"https:\/\/www.socialenergie.be\/fr\/wp-json\/wp\/v2\/users\/1"}],"replies":[{"embeddable":true,"href":"https:\/\/www.socialenergie.be\/fr\/wp-json\/wp\/v2\/comments?post=354"}],"version-history":[{"count":22,"href":"https:\/\/www.socialenergie.be\/fr\/wp-json\/wp\/v2\/pages\/354\/revisions"}],"predecessor-version":[{"id":11853,"href":"https:\/\/www.socialenergie.be\/fr\/wp-json\/wp\/v2\/pages\/354\/revisions\/11853"}],"up":[{"embeddable":true,"href":"https:\/\/www.socialenergie.be\/fr\/wp-json\/wp\/v2\/pages\/284"}],"wp:attachment":[{"href":"https:\/\/www.socialenergie.be\/fr\/wp-json\/wp\/v2\/media?parent=354"}],"curies":[{"name":"wp","href":"https:\/\/api.w.org\/{rel}","templated":true}]}}