{"id":409,"date":"2016-06-02T12:23:58","date_gmt":"2016-06-02T10:23:58","guid":{"rendered":"http:\/\/zl31wzsmw.preview.infomaniak.website\/_new2016\/fr\/?page_id=409"},"modified":"2025-12-23T11:52:58","modified_gmt":"2025-12-23T10:52:58","slug":"plans-de-paiement","status":"publish","type":"page","link":"https:\/\/www.socialenergie.be\/fr\/factures\/paiement\/plans-de-paiement\/","title":{"rendered":"Plans de paiement"},"content":{"rendered":"<p>Un plan de paiement peut \u00eatre demand\u00e9 dans deux situations distinctes :<\/p>\n<ul>\n<li>pour r\u00e9sorber une dette existante<\/li>\n<li>pour faire face \u00e0 une facture \u00e9lev\u00e9e (facture de r\u00e9gularisation ou de cl\u00f4ture)<\/li>\n<\/ul>\n<p>Les modalit\u00e9s du plan de paiement peuvent \u00eatre influenc\u00e9es par diff\u00e9rents facteurs et situations.<\/p>\n<h2 id=\"resorber_facture_existante\">R\u00e9sorber une dette existante<\/h2>\n<p>Dans cette situation, l\u2019initiative peut venir soit du fournisseur soit du client :<\/p>\n<ul>\n<li>du fournisseur<\/li>\n<\/ul>\n<p>Deux cas peuvent se pr\u00e9senter :<\/p>\n<p>1. Le fournisseur a l\u2019obligation l\u00e9gale de proposer un plan de paiement raisonnable au minimum 7 jours apr\u00e8s l\u2019envoi d\u2019une mise en demeure<a href=\"#_ftn1\" name=\"_ftnref1\">[1]<\/a>. Cette obligation s\u2019inscrit dans une d\u00e9marche globale de protection de l\u2019usager en cas d\u2019impay\u00e9s.<\/p>\n<p class=\"cadre small-font greybg\"><a href=\"#_ftnref1\" name=\"_ftn1\">[1]<\/a> <a href=\"https:\/\/www.ejustice.just.fgov.be\/cgi_loi\/change_lg.pl?language=fr&amp;amp;la=F&amp;amp;table_name=loi&amp;amp;cn=2001071901\" target=\"_blank\" rel=\"noopener noreferrer\">Article 25 sexies<\/a>, \u00a71er de l\u2019Ordonnance du 19 juillet 2001 relative \u00e0 l\u2019organisation du march\u00e9 de l\u2019\u00e9lectricit\u00e9 en R\u00e9gion de Bruxelles-Capitale.<br \/>\n<a href=\"https:\/\/www.ejustice.just.fgov.be\/cgi_loi\/change_lg.pl?language=fr&amp;amp;la=F&amp;amp;cn=2004040150&amp;amp;table_name=loi\" target=\"_blank\" rel=\"noopener noreferrer\">Article 20quater<\/a>, \u00a71er de l\u2019Ordonnance du 1er avril 2004 relative \u00e0 l\u2019organisation du march\u00e9 du gaz en R\u00e9gion de Bruxelles-Capitale.<\/p>\n<p class=\"attention info\"><strong>Qu\u2019est-ce qu&rsquo;un plan de paiement raisonnable ?<br \/>\n<\/strong>Les Ordonnances<a href=\"#_ftn1\" name=\"_ftnref1\">[1]<\/a> pr\u00e9cisent que le plan d\u2019apurement est raisonnable quant \u00e0 a dur\u00e9e et au montant des mensualit\u00e9s si il y a \u00ab\u00a0<em>un \u00e9quilibre entre l\u2019int\u00e9r\u00eat du fournisseur \u00e0 obtenir le remboursement de sa dette dans un d\u00e9lai raisonnable, et l\u2019int\u00e9r\u00eat du client \u00e0 apurer sa dette dans un d\u00e9lai adapt\u00e9 \u00e0 sa situation financi\u00e8re\u00a0<\/em>\u00bb.<br \/>\nLe plan d\u2019apurement doit permettre au client de mener une vie conforme \u00e0 la dignit\u00e9 humaine.<br \/>\nLorsque le m\u00e9nage est accompagn\u00e9 par un service de m\u00e9diation de dettes agr\u00e9\u00e9 ou par le C.P.A.S., il est possible de ren\u00e9gocier le plan d\u2019apurement si le service constate qu\u2019il n\u2019est pas ou plus raisonnable.<br \/>\nDans la pratique, il peut arriver qu\u2019il soit difficile d\u2019arriver \u00e0 cet accord. Il est parfois dans l\u2019int\u00e9r\u00eat du m\u00e9nage d\u2019activer d\u2019autres mesures sociales comme le statut de client prot\u00e9g\u00e9 ou une intervention financi\u00e8re du CPAS.<\/p>\n<p class=\"cadre small-font greybg\"><a href=\"#_ftnref1\" name=\"_ftn1\">[1]<\/a> <a href=\"https:\/\/www.ejustice.just.fgov.be\/cgi_loi\/change_lg.pl?language=fr&amp;amp;la=F&amp;amp;table_name=loi&amp;amp;cn=2001071901#Art.25septies\" target=\"_blank\" rel=\"noopener noreferrer\">Article 25 sexies, \u00a71er<\/a> de l\u2019Ordonnance du 19 juillet 2001 relative \u00e0 l\u2019<a href=\"http:\/\/www.ejustice.just.fgov.be\/cgi_loi\/change_lg.pl?language=fr&amp;amp;la=F&amp;amp;table_name=loi&amp;amp;cn=2001071901\" target=\"_blank\" rel=\"noopener noreferrer\">organisation du march\u00e9 de l\u2019\u00e9lectricit\u00e9<\/a> en R\u00e9gion de Bruxelles-Capitale.<br \/>\n<a href=\"https:\/\/www.ejustice.just.fgov.be\/cgi_loi\/change_lg.pl?language=fr&amp;amp;la=F&amp;amp;cn=2004040150&amp;amp;table_name=loi\" target=\"_blank\" rel=\"noopener noreferrer\">Article 20quater, \u00a71er<\/a> de l\u2019Ordonnance du 1er avril 2004 relative \u00e0 l\u2019organisation du march\u00e9 du gaz en R\u00e9gion de Bruxelles-Capitale.<\/p>\n<p>\u00a0\u00a0\u00a0\u00a0\u00a0\u00a0 2. Le fournisseur peut aussi proposer un plan de paiement de sa propre initiative. Ce cas peut se pr\u00e9senter lorsqu\u2019un travailleur social en charge du suivi d\u2019un usager-client prend contact pour une facture probl\u00e9matique. Cette offre spontan\u00e9e sera (peut-\u00eatre) propos\u00e9e \u00e0 la condition que l\u2019usager n\u2019ait jamais eu de retards de paiement par le pass\u00e9.<\/p>\n<ul>\n<li>L\u2019usager\/client \u00a0: celui-ci peut \u00e0 tout moment solliciter son fournisseur pour la n\u00e9gociation d\u2019un plan de paiement. Le fournisseur d\u00e9cide seul de la suite accord\u00e9e \u00e0 la demande.<\/li>\n<\/ul>\n<h2 id=\"faire_face_facture_regularisation\">Faire face \u00e0 une facture de r\u00e9gularisation ou de cl\u00f4ture \u00e9lev\u00e9e<\/h2>\n<p>Un client confront\u00e9 \u00e0 une facture de r\u00e9gularisation ou de cl\u00f4ture \u00e9lev\u00e9e peut introduire une demande de plan de paiement aupr\u00e8s de son fournisseur. Le fournisseur n\u2019a pas d\u2019obligation l\u00e9gale \u00e0 r\u00e9pondre positivement \u00e0 cette demande. Cependant, en g\u00e9n\u00e9ral, les fournisseurs font preuve de compr\u00e9hension dans ce genre de situation.<\/p>\n<h2>Modalit\u00e9s<\/h2>\n<p>L\u2019obtention de modalit\u00e9s plus flexibles reste possible mais celles-ci sont \u00e0 l\u2019appr\u00e9ciation du fournisseur, qui acceptera, ou non, sur base de certains facteurs, par exemple :<\/p>\n<h3>Facteurs favorables :<\/h3>\n<ul>\n<li>la personne est suivie par un travailleur social et celui-ci introduit lui-m\u00eame la demande d\u2019un plan de paiement<\/li>\n<li>le passage de la personne sous <a href=\"https:\/\/www.socialenergie.be\/fr\/mesures-sociales\/gaz-elec\/client-protege\/\">statut de client prot\u00e9g\u00e9<\/a><\/li>\n<\/ul>\n<h3>Facteurs d\u00e9favorables :<\/h3>\n<ul>\n<li>si la personne a d\u00e9j\u00e0 eu auparavant des retards de paiements, le fournisseur risque de durcir les conditions d\u2019octroi du plan de paiement<\/li>\n<li>si les factures interm\u00e9diaires ont \u00e9t\u00e9 (excessivement) revues \u00e0 la baisse \u00e0 la demande du client, le fournisseur n\u2019acceptera pas facilement d\u2019octroyer un plan de paiement au moment de la facture de r\u00e9gularisation<\/li>\n<\/ul>\n<p>&nbsp;<\/p>\n<p><!-- Add code here that should appear in the content block of all new pages --><\/p>\n","protected":false},"excerpt":{"rendered":"<p>Un plan de paiement peut \u00eatre demand\u00e9 dans deux situations distinctes : pour r\u00e9sorber une dette existante pour faire face \u00e0 une facture \u00e9lev\u00e9e (facture de r\u00e9gularisation ou de cl\u00f4ture) Les modalit\u00e9s du plan de paiement peuvent \u00eatre influenc\u00e9es par diff\u00e9rents facteurs et situations. R\u00e9sorber une dette existante Dans cette situation, l\u2019initiative peut venir soit [&hellip;]<\/p>\n","protected":false},"author":1,"featured_media":0,"parent":76,"menu_order":295,"comment_status":"closed","ping_status":"closed","template":"","meta":{"_acf_changed":false,"footnotes":""},"class_list":["post-409","page","type-page","status-publish","hentry"],"acf":[],"_links":{"self":[{"href":"https:\/\/www.socialenergie.be\/fr\/wp-json\/wp\/v2\/pages\/409","targetHints":{"allow":["GET"]}}],"collection":[{"href":"https:\/\/www.socialenergie.be\/fr\/wp-json\/wp\/v2\/pages"}],"about":[{"href":"https:\/\/www.socialenergie.be\/fr\/wp-json\/wp\/v2\/types\/page"}],"author":[{"embeddable":true,"href":"https:\/\/www.socialenergie.be\/fr\/wp-json\/wp\/v2\/users\/1"}],"replies":[{"embeddable":true,"href":"https:\/\/www.socialenergie.be\/fr\/wp-json\/wp\/v2\/comments?post=409"}],"version-history":[{"count":13,"href":"https:\/\/www.socialenergie.be\/fr\/wp-json\/wp\/v2\/pages\/409\/revisions"}],"predecessor-version":[{"id":12844,"href":"https:\/\/www.socialenergie.be\/fr\/wp-json\/wp\/v2\/pages\/409\/revisions\/12844"}],"up":[{"embeddable":true,"href":"https:\/\/www.socialenergie.be\/fr\/wp-json\/wp\/v2\/pages\/76"}],"wp:attachment":[{"href":"https:\/\/www.socialenergie.be\/fr\/wp-json\/wp\/v2\/media?parent=409"}],"curies":[{"name":"wp","href":"https:\/\/api.w.org\/{rel}","templated":true}]}}