{"id":421,"date":"2016-06-02T12:30:56","date_gmt":"2016-06-02T10:30:56","guid":{"rendered":"http:\/\/zl31wzsmw.preview.infomaniak.website\/_new2016\/fr\/?page_id=421"},"modified":"2025-12-23T11:58:35","modified_gmt":"2025-12-23T10:58:35","slug":"cle-de-repartition","status":"publish","type":"page","link":"https:\/\/www.socialenergie.be\/fr\/factures\/decompte-de-charges\/cle-de-repartition\/","title":{"rendered":"La cl\u00e9 de r\u00e9partition"},"content":{"rendered":"<p>Lorsque le logement n\u2019est pas \u00e9quip\u00e9 <a href=\"https:\/\/www.socialenergie.be\/fr\/factures\/decompte-de-charges\/instruments-de-mesure\/\">d\u2019instruments de mesure<\/a>, la part des frais collectifs assum\u00e9e par l\u2019occupant est d\u00e9termin\u00e9e selon une <strong>cl\u00e9 de r\u00e9partition<\/strong>. L\u2019occupant paye donc un pourcentage de la facture globale de l\u2019immeuble.<\/p>\n<p>Cette cl\u00e9 de r\u00e9partition varie en fonction du type de logement occup\u00e9.<\/p>\n<div class=\"title_code\">La propri\u00e9t\u00e9 unique<\/div>\n\n        <div class=\"content_code\">\n<p>Le propri\u00e9taire, en tant que gestionnaire de l\u2019immeuble, d\u00e9finit la cl\u00e9 de r\u00e9partition.<\/p>\n<p>Il n\u2019existe aucune r\u00e8gle obligatoire sur la mani\u00e8re de r\u00e9partir les frais entre les diff\u00e9rents logements. Toutefois, le Code du Logement<a href=\"#_ftn1\" name=\"_ftnref1\">[1]<\/a> oblige de mentionner la mani\u00e8re de r\u00e9partir les frais, dans les communications pr\u00e9contractuelles et dans le <a href=\"https:\/\/www.socialenergie.be\/logement\/contrat-de-bail-etat-des-lieux-et-responsabilites\/contrat-de-bail-et-responsabilites\/\">contrat de bail,<\/a> avec l\u2019ensemble des informations obligatoires relatives aux charges et aux redevances (modalit\u00e9s de paiement, montant du paiement interm\u00e9diaire, charges concern\u00e9es<a href=\"#_ftn2\" name=\"_ftnref2\">[2]<\/a>, etc.).<\/p>\n<p class=\"cadre small-font greybg\"><a href=\"#_ftnref1\" name=\"_ftn1\">[1]<\/a> Articles 217 et 218 du Code bruxellois du logement.<br \/>\n<a href=\"#_ftnref2\" name=\"_ftn2\">[2]<\/a> Article 224\/3, \u00a71<sup>er<\/sup> du Code bruxellois du logement\u00a0: \u00ab\u00a0Ne sont dues que les d\u00e9penses pour des postes libell\u00e9s explicitement et \u00e9num\u00e9r\u00e9s limitativement dans le bail \u00e0 l&rsquo;exception de charges exceptionnelles ou nouvelles qui doivent correspondre \u00e0 des d\u00e9penses r\u00e9elles\u00a0\u00bb.<\/p>\n<p>Lorsqu\u2019un gestionnaire de logement applique une cl\u00e9 de r\u00e9partition non stipul\u00e9e dans le contrat de bail, l\u2019occupant peut la contester. Il peut tenter de trouver une solution \u00e0 l\u2019amiable avec le propri\u00e9taire ; le cas \u00e9ch\u00e9ant, il peut recourir \u00e0 une m\u00e9diation et, si le d\u00e9saccord persiste, il peut porter l\u2019affaire devant <a href=\"https:\/\/www.socialenergie.be\/fr\/recours-plaintes\/justice\/saisir-jdp\/\">le juge de paix<\/a> qui pourra d\u00e9cider d\u2019une cl\u00e9 de r\u00e9partition.<\/p>\n<p><\/div><div class=\"title_code\">La copropri\u00e9t\u00e9<\/div>\n\n        <div class=\"content_code\"><\/p>\n<p>Dans le cas d\u2019une copropri\u00e9t\u00e9, c\u2019est le gestionnaire du logement qui \u00e9tablit le d\u00e9compte de charges sur base de la cl\u00e9 de r\u00e9partition d\u00e9termin\u00e9e collectivement par la copropri\u00e9t\u00e9. Toutefois, ceci ne dispense pas le propri\u00e9taire de son obligation<a href=\"#_ftn1\" name=\"_ftnref1\">[1]<\/a> de de mentionner dans le contrat de bail et dans les communications pr\u00e9contractuelles la mani\u00e8re de r\u00e9partir les frais entre les diff\u00e9rents logements.<\/p>\n<p class=\"cadre small-font greybg\"><a href=\"#_ftnref1\" name=\"_ftn1\">[1]<\/a> Articles 217 et 218 du Code bruxellois du logement.<\/p>\n<p>En g\u00e9n\u00e9ral, la cl\u00e9 de r\u00e9partition, comme l\u2019ensemble des informations relatives aux charges et aux redevances, est consign\u00e9e dans le r\u00e8glement de copropri\u00e9t\u00e9. Concernant le d\u00e9compte de charges, le r\u00e8glement de copropri\u00e9t\u00e9 doit \u00e9galement mentionner :<\/p>\n<ul>\n<li>la description des droits et des obligations de chaque copropri\u00e9taire quant aux parties privatives et aux parties communes<\/li>\n<li>les crit\u00e8res et le mode de calcul de la r\u00e9partition des charges (communes et privatives)<\/li>\n<\/ul>\n<p>En cas de litige, apr\u00e8s avoir tent\u00e9 un arrangement \u00e0 l\u2019amiable avec le gestionnaire du logement, l\u2019occupant peut <a href=\"https:\/\/www.socialenergie.be\/fr\/recours-plaintes\/justice\/saisir-jdp\/\">saisir le <span style=\"text-decoration: underline;\">j<\/span>uge de paix<\/a>.<\/p>\n<p><\/div><div class=\"title_code\">Les logements sociaux<\/div>\n\n        <div class=\"content_code\"><\/p>\n<p>Si le logement social n\u2019est pas \u00e9quip\u00e9 d\u2019un compteur individuel, l\u2019article 16 de l\u2019AGRB du 26\/09\/1996 pr\u00e9voit que\u00a0:\u00a0\u00ab\u00a0s&rsquo;il n&rsquo;existe qu&rsquo;un compteur collectif, la consommation est r\u00e9partie comme suit:<\/p>\n<p>&#8211; 80% sont r\u00e9partis sur base de la superficie des logements ou sur base du relev\u00e9 des appareils de \u00a0mesurage individuel;<\/p>\n<p>&#8211; 20 % sont r\u00e9partis de mani\u00e8re \u00e9gale entre le nombre de logements.<\/p>\n<p>En cas de litige, les parties (gestionnaire et occupant), apr\u00e8s avoir tent\u00e9 un arrangement \u00e0 l\u2019amiable, doivent se r\u00e9f\u00e9rer \u00e0 la proc\u00e9dure <a href=\"https:\/\/www.socialenergie.be\/recours-plaintes\/porter-plainte\/logement\/societe-de-logement-social\/\">telle que d\u00e9crite ici<\/a>.<\/p>\n<p><\/div><\/p>\n<p><!-- Add code here that should appear in the content block of all new pages --><\/p>\n","protected":false},"excerpt":{"rendered":"<p>Lorsque le logement n\u2019est pas \u00e9quip\u00e9 d\u2019instruments de mesure, la part des frais collectifs assum\u00e9e par l\u2019occupant est d\u00e9termin\u00e9e selon une cl\u00e9 de r\u00e9partition. L\u2019occupant paye donc un pourcentage de la facture globale de l\u2019immeuble. Cette cl\u00e9 de r\u00e9partition varie en fonction du type de logement occup\u00e9.<\/p>\n","protected":false},"author":1,"featured_media":0,"parent":80,"menu_order":256,"comment_status":"closed","ping_status":"closed","template":"","meta":{"_acf_changed":false,"footnotes":""},"class_list":["post-421","page","type-page","status-publish","hentry"],"acf":[],"_links":{"self":[{"href":"https:\/\/www.socialenergie.be\/fr\/wp-json\/wp\/v2\/pages\/421","targetHints":{"allow":["GET"]}}],"collection":[{"href":"https:\/\/www.socialenergie.be\/fr\/wp-json\/wp\/v2\/pages"}],"about":[{"href":"https:\/\/www.socialenergie.be\/fr\/wp-json\/wp\/v2\/types\/page"}],"author":[{"embeddable":true,"href":"https:\/\/www.socialenergie.be\/fr\/wp-json\/wp\/v2\/users\/1"}],"replies":[{"embeddable":true,"href":"https:\/\/www.socialenergie.be\/fr\/wp-json\/wp\/v2\/comments?post=421"}],"version-history":[{"count":9,"href":"https:\/\/www.socialenergie.be\/fr\/wp-json\/wp\/v2\/pages\/421\/revisions"}],"predecessor-version":[{"id":13951,"href":"https:\/\/www.socialenergie.be\/fr\/wp-json\/wp\/v2\/pages\/421\/revisions\/13951"}],"up":[{"embeddable":true,"href":"https:\/\/www.socialenergie.be\/fr\/wp-json\/wp\/v2\/pages\/80"}],"wp:attachment":[{"href":"https:\/\/www.socialenergie.be\/fr\/wp-json\/wp\/v2\/media?parent=421"}],"curies":[{"name":"wp","href":"https:\/\/api.w.org\/{rel}","templated":true}]}}