{"id":432,"date":"2016-06-02T12:34:50","date_gmt":"2016-06-02T10:34:50","guid":{"rendered":"http:\/\/zl31wzsmw.preview.infomaniak.website\/_new2016\/fr\/?page_id=432"},"modified":"2025-10-28T12:09:16","modified_gmt":"2025-10-28T11:09:16","slug":"releve","status":"publish","type":"page","link":"https:\/\/www.socialenergie.be\/fr\/factures\/decompte-de-charges\/releve\/","title":{"rendered":"Le relev\u00e9 des instruments de mesure"},"content":{"rendered":"<ul>\n<li><a href=\"https:\/\/www.socialenergie.be\/fr\/factures\/decompte-de-charges\/releve\/deroulement\/\" target=\"_blank\" rel=\"noopener noreferrer\">D\u00e9roulement du relev\u00e9<\/a><\/li>\n<li><a href=\"https:\/\/www.socialenergie.be\/fr\/factures\/decompte-de-charges\/releve\/contester\/\" target=\"_blank\" rel=\"noopener noreferrer\">Contestation du relev\u00e9<\/a><\/li>\n<\/ul>\n","protected":false},"excerpt":{"rendered":"<p>D\u00e9roulement du relev\u00e9 Contestation du relev\u00e9<\/p>\n","protected":false},"author":1,"featured_media":0,"parent":80,"menu_order":259,"comment_status":"closed","ping_status":"closed","template":"","meta":{"_acf_changed":false,"footnotes":""},"class_list":["post-432","page","type-page","status-publish","hentry"],"acf":[],"_links":{"self":[{"href":"https:\/\/www.socialenergie.be\/fr\/wp-json\/wp\/v2\/pages\/432","targetHints":{"allow":["GET"]}}],"collection":[{"href":"https:\/\/www.socialenergie.be\/fr\/wp-json\/wp\/v2\/pages"}],"about":[{"href":"https:\/\/www.socialenergie.be\/fr\/wp-json\/wp\/v2\/types\/page"}],"author":[{"embeddable":true,"href":"https:\/\/www.socialenergie.be\/fr\/wp-json\/wp\/v2\/users\/1"}],"replies":[{"embeddable":true,"href":"https:\/\/www.socialenergie.be\/fr\/wp-json\/wp\/v2\/comments?post=432"}],"version-history":[{"count":4,"href":"https:\/\/www.socialenergie.be\/fr\/wp-json\/wp\/v2\/pages\/432\/revisions"}],"predecessor-version":[{"id":12149,"href":"https:\/\/www.socialenergie.be\/fr\/wp-json\/wp\/v2\/pages\/432\/revisions\/12149"}],"up":[{"embeddable":true,"href":"https:\/\/www.socialenergie.be\/fr\/wp-json\/wp\/v2\/pages\/80"}],"wp:attachment":[{"href":"https:\/\/www.socialenergie.be\/fr\/wp-json\/wp\/v2\/media?parent=432"}],"curies":[{"name":"wp","href":"https:\/\/api.w.org\/{rel}","templated":true}]}}