{"id":45,"date":"2016-05-24T09:34:23","date_gmt":"2016-05-24T07:34:23","guid":{"rendered":"http:\/\/zl31wzsmw.preview.infomaniak.website\/_new2016\/?page_id=45"},"modified":"2025-10-28T15:16:23","modified_gmt":"2025-10-28T14:16:23","slug":"types","status":"publish","type":"page","link":"https:\/\/www.socialenergie.be\/fr\/contrats\/types\/","title":{"rendered":"Types de contrats"},"content":{"rendered":"<p>Les diff\u00e9rentes caract\u00e9ristiques du contrat sont indiqu\u00e9es sur la facture de r\u00e9gularisation annuelle. Le contrat peut \u00eatre professionnel ou priv\u00e9, \u00e0 prix fixe ou \u00e0 prix variable.<\/p>\n<ul>\n<li><a href=\"https:\/\/www.socialenergie.be\/contrats\/types\/professionnel-ou-prive\/\">Contrat professionnel ou priv\u00e9<\/a><\/li>\n<li><a href=\"https:\/\/www.socialenergie.be\/contrats\/types\/fixe-ou-variable\/\">Contrat \u00e0 prix fixe ou \u00e0 prix variable<\/a><\/li>\n<\/ul>\n","protected":false},"excerpt":{"rendered":"<p>Les diff\u00e9rentes caract\u00e9ristiques du contrat sont indiqu\u00e9es sur la facture de r\u00e9gularisation annuelle. Le contrat peut \u00eatre professionnel ou priv\u00e9, \u00e0 prix fixe ou \u00e0 prix variable. Contrat professionnel ou priv\u00e9 Contrat \u00e0 prix fixe ou \u00e0 prix variable<\/p>\n","protected":false},"author":1,"featured_media":0,"parent":42,"menu_order":194,"comment_status":"closed","ping_status":"closed","template":"","meta":{"_acf_changed":false,"footnotes":""},"class_list":["post-45","page","type-page","status-publish","hentry"],"acf":[],"_links":{"self":[{"href":"https:\/\/www.socialenergie.be\/fr\/wp-json\/wp\/v2\/pages\/45","targetHints":{"allow":["GET"]}}],"collection":[{"href":"https:\/\/www.socialenergie.be\/fr\/wp-json\/wp\/v2\/pages"}],"about":[{"href":"https:\/\/www.socialenergie.be\/fr\/wp-json\/wp\/v2\/types\/page"}],"author":[{"embeddable":true,"href":"https:\/\/www.socialenergie.be\/fr\/wp-json\/wp\/v2\/users\/1"}],"replies":[{"embeddable":true,"href":"https:\/\/www.socialenergie.be\/fr\/wp-json\/wp\/v2\/comments?post=45"}],"version-history":[{"count":6,"href":"https:\/\/www.socialenergie.be\/fr\/wp-json\/wp\/v2\/pages\/45\/revisions"}],"predecessor-version":[{"id":12260,"href":"https:\/\/www.socialenergie.be\/fr\/wp-json\/wp\/v2\/pages\/45\/revisions\/12260"}],"up":[{"embeddable":true,"href":"https:\/\/www.socialenergie.be\/fr\/wp-json\/wp\/v2\/pages\/42"}],"wp:attachment":[{"href":"https:\/\/www.socialenergie.be\/fr\/wp-json\/wp\/v2\/media?parent=45"}],"curies":[{"name":"wp","href":"https:\/\/api.w.org\/{rel}","templated":true}]}}