{"id":466,"date":"2016-06-02T14:48:31","date_gmt":"2016-06-02T12:48:31","guid":{"rendered":"http:\/\/zl31wzsmw.preview.infomaniak.website\/_new2016\/fr\/?page_id=466"},"modified":"2025-10-09T15:20:29","modified_gmt":"2025-10-09T13:20:29","slug":"normes-relatives-aux-installations-de-gaz-delectricite-et-deau-froide","status":"publish","type":"page","link":"https:\/\/www.socialenergie.be\/fr\/logement\/normes\/normes-relatives-aux-installations-de-gaz-delectricite-et-deau-froide\/","title":{"rendered":"Normes relatives aux installations de gaz, d&rsquo;\u00e9lectricit\u00e9 et d&rsquo;eau froide"},"content":{"rendered":"<p class=\"attention\">Cette partie du site web est en cours de mise \u00e0 jour.<\/p>\n<p>Les normes r\u00e9gionales<span class=\"exposant\" style=\"font-size: x-small;\">1<\/span> pr\u00e9cisent :<\/p>\n<ol start=\"1\">\n<li>Le logement doit disposer d&rsquo;un point <strong>d&rsquo;eau potable<\/strong> privatif situ\u00e9 \u00e0 l&rsquo;int\u00e9rieur du bien lou\u00e9. Ce point d\u2019eau doit, au moins, alimenter un \u00e9vier muni d&rsquo;un siphon et \u00eatre raccord\u00e9 \u00e0 un syst\u00e8me d&rsquo;\u00e9vacuation des eaux us\u00e9es<span class=\"exposant\" style=\"font-size: x-small;\">2<\/span>.<\/li>\n<\/ol>\n<ol start=\"2\">\n<li>Le logement doit disposer d\u2019une installation \u00e9lectrique conforme et en r\u00e8gle (c\u00e2blages, mat\u00e9riaux utilis\u00e9s, protection minimale, disjoncteur, etc.)<span class=\"exposant\" style=\"font-size: x-small;\">3<\/span>.<\/li>\n<\/ol>\n<ol start=\"3\">\n<li>Tout logement ne doit pas obligatoirement disposer d\u2019une installation au gaz<span class=\"exposant\" style=\"font-size: x-small;\">4<\/span>.<\/li>\n<li>Le circuit \u00e9lectrique et les canalisations de gaz (de l\u2019immeuble et du logement) doivent \u00eatre en bon \u00e9tat. Par cons\u00e9quent, ils ne peuvent en aucun cas pr\u00e9senter de danger ni dans le logement, ni dans les communs. A cet effet, les installations sont soumises \u00e0 des <a href=\"https:\/\/www.socialenergie.be\/normes\/\" target=\"_blank\">normes techniques sp\u00e9cifiques<\/a>.<\/li>\n<\/ol>\n<p class=\"greybg cadre\"><span style=\"font-size: x-small;\">[1] A. Gouv. R\u00e9g. Brux.-Cap. du 4 septembre 2003 d\u00e9terminant les exigences \u00e9l\u00e9mentaires en mati\u00e8re de s\u00e9curit\u00e9, de salubrit\u00e9 et d&rsquo;\u00e9quipement des logements.<\/span><br \/>\n<span style=\"font-size: x-small;\">[2] Art. 5 \u00a7 2 A. Gouv. R\u00e9g. Brux.-Cap. du 4 septembre 2003.<span style=\"color: #ff0000;\"><br \/>\n<\/span>[3] Art. 2 \u00a7 3 A. Gouv. R\u00e9g. Brux.-Cap. du 4 septembre 2003.<\/span><br \/>\n<span style=\"font-size: x-small;\">[4] Art. 2 \u00a7 4 A. Gouv. R\u00e9g. Brux.-Cap. du 4 septembre 2003.<\/span><\/p>\n<p><!-- Add code here that should appear in the content block of all new pages --><\/p>\n","protected":false},"excerpt":{"rendered":"<p>Cette partie du site web est en cours de mise \u00e0 jour. Les normes r\u00e9gionales1 pr\u00e9cisent : Le logement doit disposer d&rsquo;un point d&rsquo;eau potable privatif situ\u00e9 \u00e0 l&rsquo;int\u00e9rieur du bien lou\u00e9. Ce point d\u2019eau doit, au moins, alimenter un \u00e9vier muni d&rsquo;un siphon et \u00eatre raccord\u00e9 \u00e0 un syst\u00e8me d&rsquo;\u00e9vacuation des eaux us\u00e9es2. Le [&hellip;]<\/p>\n","protected":false},"author":1,"featured_media":0,"parent":178,"menu_order":430,"comment_status":"closed","ping_status":"closed","template":"","meta":{"_acf_changed":false,"footnotes":""},"class_list":["post-466","page","type-page","status-publish","hentry"],"acf":[],"_links":{"self":[{"href":"https:\/\/www.socialenergie.be\/fr\/wp-json\/wp\/v2\/pages\/466","targetHints":{"allow":["GET"]}}],"collection":[{"href":"https:\/\/www.socialenergie.be\/fr\/wp-json\/wp\/v2\/pages"}],"about":[{"href":"https:\/\/www.socialenergie.be\/fr\/wp-json\/wp\/v2\/types\/page"}],"author":[{"embeddable":true,"href":"https:\/\/www.socialenergie.be\/fr\/wp-json\/wp\/v2\/users\/1"}],"replies":[{"embeddable":true,"href":"https:\/\/www.socialenergie.be\/fr\/wp-json\/wp\/v2\/comments?post=466"}],"version-history":[{"count":6,"href":"https:\/\/www.socialenergie.be\/fr\/wp-json\/wp\/v2\/pages\/466\/revisions"}],"predecessor-version":[{"id":11969,"href":"https:\/\/www.socialenergie.be\/fr\/wp-json\/wp\/v2\/pages\/466\/revisions\/11969"}],"up":[{"embeddable":true,"href":"https:\/\/www.socialenergie.be\/fr\/wp-json\/wp\/v2\/pages\/178"}],"wp:attachment":[{"href":"https:\/\/www.socialenergie.be\/fr\/wp-json\/wp\/v2\/media?parent=466"}],"curies":[{"name":"wp","href":"https:\/\/api.w.org\/{rel}","templated":true}]}}