{"id":473,"date":"2016-06-02T14:57:52","date_gmt":"2016-06-02T12:57:52","guid":{"rendered":"http:\/\/zl31wzsmw.preview.infomaniak.website\/_new2016\/fr\/?page_id=473"},"modified":"2025-10-09T15:20:40","modified_gmt":"2025-10-09T13:20:40","slug":"normes-relatives-aux-compteurs","status":"publish","type":"page","link":"https:\/\/www.socialenergie.be\/fr\/logement\/normes\/normes-relatives-aux-compteurs\/","title":{"rendered":"Normes relatives aux compteurs"},"content":{"rendered":"<p class=\"attention\">Cette partie du site web est en cours de mise \u00e0 jour.<\/p>\n<p>Le Code du logement pr\u00e9cise que:<\/p>\n<ol start=\"1\">\n<li>le logement doit disposer d&rsquo;un compteur individuel d\u2019\u00e9lectricit\u00e9, install\u00e9 par Sibelga.<\/li>\n<\/ol>\n<p class=\"info\"><strong>Informations suppl\u00e9mentaires<\/strong><br \/>\nPour plus d\u2019informations sur les compteurs, vous pouvez vous r\u00e9f\u00e9rer au r\u00e8glement technique de Sibelga pour le gaz et pour l\u2019\u00e9lectricit\u00e9. Pour l\u2019eau, vous pouvez vous r\u00e9f\u00e9rer aux conditions g\u00e9n\u00e9rales de Vivaqua.<\/p>\n<ol start=\"2\">\n<li>Le locataire doit obligatoirement toujours avoir acc\u00e8s :\n<ul>\n<li>Pour le gaz : aux compteurs de gaz et aux dispositifs de coupure de gaz<\/li>\n<li>Pour l\u2019\u00e9lectricit\u00e9 : aux compteurs \u00e9lectriques, aux fusibles et \u00e0 tout autre dispositif de protection de l\u2019installation \u00e9lectrique.<\/li>\n<li>Pour l\u2019eau : au compteur d\u2019eau de son logement ou, \u00e0 d\u00e9faut d\u2019un compteur privatif, au compteur desservant l\u2019immeuble.<\/li>\n<\/ul>\n<\/li>\n<\/ol>\n<ol start=\"3\">\n<li>Si un compteur de gaz ou d\u2019\u00e9lectricit\u00e9 est d\u00e9fectueux, <a class=\"lexique\" title=\"Sibelga est le gestionnaire des r\u00e9seaux de distribution d&#039;\u00e9lectricit\u00e9 et de gaz naturel de la R\u00e9gion de Bruxelles-Capitale. Sibelga est responsable de: &lt;ul&gt; &lt;li&gt;garantir un approvisionnement en \u00e9nergie&lt;\/li&gt; &lt;li&gt;relever des compteurs par l&#039;interm\u00e9diaire de sa filiale Metrix, de la validation et de la gestion des donn\u00e9es de consommation.&lt;\/li&gt; &lt;\/ul&gt;\" href=\"https:\/\/www.socialenergie.be\/fr\/logement\/normes\/normes-relatives-aux-compteurs\/index.php?page=gestionnaire-du-reseau-de-distribution\" target=\"_blank\" rel=\"noopener\">Sibelga<\/a> remplace le compteur gratuitement (les frais de d\u00e9placement seront cependant factur\u00e9s), uniquement si la d\u00e9fectuosit\u00e9 est due:\n<ol>\n<li style=\"list-style-type: none;\">\n<ul>\n<li><span class=\"lexique\" title=\"La v\u00e9tust\u00e9 est l\u2019effet de la d\u00e9gradation in\u00e9vitable produite par l\u2019\u00e9coulement du temps (exp : une chaudi\u00e8re, un boiler, un frigo qui auront servi pendant de nombreuses ann\u00e9es seront consid\u00e9r\u00e9 comme v\u00e9tuste, \u00ab vieux \u00bb).\">\u00e0 la v\u00e9tust\u00e9<\/span>,<\/li>\n<li><span class=\"lexique\" title=\"L\u2019usure normale repr\u00e9sente la d\u00e9gradation par l\u2019utilisation quotidienne et en \u00ab bon p\u00e8re de famille \u00bb du bien lou\u00e9. La loi ne sp\u00e9cifie pas de dur\u00e9e, mais les experts ont cependant une grille de lecture de la d\u00e9gradation par la v\u00e9tust\u00e9 et l\u2019usure normale. Par exemple, apr\u00e8s 15 ans d\u2019occupation, les peintures seront plus que probablement amorties. \">\u00e0 l\u2019usure normale<\/span>,<\/li>\n<li>ou \u00e0 une erreur de fabrication ou de placement.<\/li>\n<\/ul>\n<\/li>\n<\/ol>\n<p>Ces m\u00eames dispositions valent pour Vivaqua et les compteurs d\u2019eau.<\/li>\n<\/ol>\n<p class=\"attention\"><strong>Relev\u00e9 des compteurs lors d\u2019un placement ou d\u2019un remplacement<\/strong><br \/>\nLorsqu\u2019un ou plusieurs compteurs sont plac\u00e9s ou remplac\u00e9s, il est vivement conseill\u00e9 de relever les index de l\u2019ancien compteur (celui qui doit \u00eatre \u00f4t\u00e9 ou remplac\u00e9) ainsi que les index du nouveau compteur (qui n\u2019est pas forc\u00e9ment toujours \u00e0 0). Ce petit geste permet d\u2019\u00e9viter bon nombre de complications par la suite.<\/p>\n<p>\u00a0<img loading=\"lazy\" decoding=\"async\" class=\"alignnone wp-image-851\" src=\"https:\/\/www.socialenergie.be\/wp-content\/uploads\/Compteur_Elec_Anonyme_FR-257x300.jpg\" alt=\"Compteur_Elec_Anonyme_FR\" width=\"197\" height=\"230\" srcset=\"https:\/\/www.socialenergie.be\/wp-content\/uploads\/Compteur_Elec_Anonyme_FR-257x300.jpg 257w, https:\/\/www.socialenergie.be\/wp-content\/uploads\/Compteur_Elec_Anonyme_FR-129x150.jpg 129w, https:\/\/www.socialenergie.be\/wp-content\/uploads\/Compteur_Elec_Anonyme_FR-878x1024.jpg 878w, https:\/\/www.socialenergie.be\/wp-content\/uploads\/Compteur_Elec_Anonyme_FR.jpg 1200w\" sizes=\"auto, (max-width: 197px) 100vw, 197px\" \/>\u00a0 <img loading=\"lazy\" decoding=\"async\" class=\"alignnone wp-image-852\" src=\"https:\/\/www.socialenergie.be\/wp-content\/uploads\/Compteur_Gaz_Anonyme_FR-257x300.jpg\" alt=\"Compteur_Gaz_Anonyme_FR\" width=\"197\" height=\"230\" srcset=\"https:\/\/www.socialenergie.be\/wp-content\/uploads\/Compteur_Gaz_Anonyme_FR-257x300.jpg 257w, https:\/\/www.socialenergie.be\/wp-content\/uploads\/Compteur_Gaz_Anonyme_FR-129x150.jpg 129w, https:\/\/www.socialenergie.be\/wp-content\/uploads\/Compteur_Gaz_Anonyme_FR-878x1024.jpg 878w, https:\/\/www.socialenergie.be\/wp-content\/uploads\/Compteur_Gaz_Anonyme_FR.jpg 1200w\" sizes=\"auto, (max-width: 197px) 100vw, 197px\" \/> \u00a0<img loading=\"lazy\" decoding=\"async\" class=\"alignnone wp-image-853\" src=\"https:\/\/www.socialenergie.be\/wp-content\/uploads\/Compteur_Eau_Anonyme_FR-1-257x300.jpg\" alt=\"Compteur_Eau_Anonyme_FR\" width=\"197\" height=\"230\" srcset=\"https:\/\/www.socialenergie.be\/wp-content\/uploads\/Compteur_Eau_Anonyme_FR-1-257x300.jpg 257w, https:\/\/www.socialenergie.be\/wp-content\/uploads\/Compteur_Eau_Anonyme_FR-1-129x150.jpg 129w, https:\/\/www.socialenergie.be\/wp-content\/uploads\/Compteur_Eau_Anonyme_FR-1-878x1024.jpg 878w, https:\/\/www.socialenergie.be\/wp-content\/uploads\/Compteur_Eau_Anonyme_FR-1.jpg 1200w\" sizes=\"auto, (max-width: 197px) 100vw, 197px\" \/><\/p>\n","protected":false},"excerpt":{"rendered":"<p>Cette partie du site web est en cours de mise \u00e0 jour. Le Code du logement pr\u00e9cise que: le logement doit disposer d&rsquo;un compteur individuel d\u2019\u00e9lectricit\u00e9, install\u00e9 par Sibelga. Informations suppl\u00e9mentaires Pour plus d\u2019informations sur les compteurs, vous pouvez vous r\u00e9f\u00e9rer au r\u00e8glement technique de Sibelga pour le gaz et pour l\u2019\u00e9lectricit\u00e9. Pour l\u2019eau, vous [&hellip;]<\/p>\n","protected":false},"author":1,"featured_media":0,"parent":178,"menu_order":425,"comment_status":"closed","ping_status":"closed","template":"","meta":{"_acf_changed":false,"footnotes":""},"class_list":["post-473","page","type-page","status-publish","hentry"],"acf":[],"_links":{"self":[{"href":"https:\/\/www.socialenergie.be\/fr\/wp-json\/wp\/v2\/pages\/473","targetHints":{"allow":["GET"]}}],"collection":[{"href":"https:\/\/www.socialenergie.be\/fr\/wp-json\/wp\/v2\/pages"}],"about":[{"href":"https:\/\/www.socialenergie.be\/fr\/wp-json\/wp\/v2\/types\/page"}],"author":[{"embeddable":true,"href":"https:\/\/www.socialenergie.be\/fr\/wp-json\/wp\/v2\/users\/1"}],"replies":[{"embeddable":true,"href":"https:\/\/www.socialenergie.be\/fr\/wp-json\/wp\/v2\/comments?post=473"}],"version-history":[{"count":14,"href":"https:\/\/www.socialenergie.be\/fr\/wp-json\/wp\/v2\/pages\/473\/revisions"}],"predecessor-version":[{"id":13215,"href":"https:\/\/www.socialenergie.be\/fr\/wp-json\/wp\/v2\/pages\/473\/revisions\/13215"}],"up":[{"embeddable":true,"href":"https:\/\/www.socialenergie.be\/fr\/wp-json\/wp\/v2\/pages\/178"}],"wp:attachment":[{"href":"https:\/\/www.socialenergie.be\/fr\/wp-json\/wp\/v2\/media?parent=473"}],"curies":[{"name":"wp","href":"https:\/\/api.w.org\/{rel}","templated":true}]}}