{"id":475,"date":"2016-06-02T14:58:27","date_gmt":"2016-06-02T12:58:27","guid":{"rendered":"http:\/\/zl31wzsmw.preview.infomaniak.website\/_new2016\/fr\/?page_id=475"},"modified":"2025-10-09T15:20:46","modified_gmt":"2025-10-09T13:20:46","slug":"normes-relatives-a-lhumidite-laeration-et-la-densite-doccupation","status":"publish","type":"page","link":"https:\/\/www.socialenergie.be\/fr\/logement\/normes\/normes-relatives-a-lhumidite-laeration-et-la-densite-doccupation\/","title":{"rendered":"Normes relatives \u00e0 l&rsquo;humidit\u00e9, l&rsquo;a\u00e9ration et la densit\u00e9 d\u2019occupation"},"content":{"rendered":"<p class=\"attention\">Cette partie du site web est en cours de mise \u00e0 jour.<\/p>\n<div class=\"title_code\">Humidit\u00e9<\/div>\n\n        <div class=\"content_code\">\n<p>L\u2019humidit\u00e9 est un ph\u00e9nom\u00e8ne naturel normal. Tout \u00eatre vivant (humain, animaux, plantes) rejette lui-m\u00eame de l\u2019humidit\u00e9 dans l\u2019air en respirant. Dans un logement, cette humidit\u00e9 se condense et se d\u00e9pose sur les parois (murs, vitres, plafond, etc.).<\/p>\n<p><img loading=\"lazy\" decoding=\"async\" class=\"aligncenter size-full wp-image-857\" src=\"https:\/\/www.socialenergie.be\/wp-content\/uploads\/Logement_Production_Vapeur.jpg\" alt=\"Logement_Production_Vapeur\" width=\"1018\" height=\"783\" srcset=\"https:\/\/www.socialenergie.be\/wp-content\/uploads\/Logement_Production_Vapeur.jpg 1018w, https:\/\/www.socialenergie.be\/wp-content\/uploads\/Logement_Production_Vapeur-150x115.jpg 150w, https:\/\/www.socialenergie.be\/wp-content\/uploads\/Logement_Production_Vapeur-300x231.jpg 300w\" sizes=\"auto, (max-width: 1018px) 100vw, 1018px\" \/><\/p>\n<p class=\"greybg\" style=\"clear: both;\"><span style=\"font-size: x-small;\">SOURCE : <a href=\"http:\/\/www.cstc.be\/homepage\/download.cfm?dtype=publ&amp;doc=cstc_artonline_2009_2_no18.pdf&amp;lang=fr\" target=\"_blank\" rel=\"noopener noreferrer\" target=\"_blank\">Les dossiers du CSTC<\/a> (Centre Scientifique et Technique de la Construction), f\u00e9vrier 2010, N\u00b0 2\/2009 \u2013 Cahier n\u00b0 18 \u2013 page 7 <\/span><\/p>\n<p>L\u2019humidit\u00e9 est n\u00e9faste dans un logement lorsqu\u2019elle est pr\u00e9sente en trop grande quantit\u00e9. Un taux d\u2019humidit\u00e9 trop \u00e9lev\u00e9 peut :<\/p>\n<ul>\n<li>d\u00e9t\u00e9riorer le logement (endommager les murs, plafond et rev\u00eatement)<\/li>\n<li>favoriser le d\u00e9veloppement de parasites et de champignons<\/li>\n<li>provoquer des <a href=\"https:\/\/www.socialenergie.be\/logement\/logement-et-sante\/le-taux-dhumidite-et-les-moisissures\/\">probl\u00e8mes de sant\u00e9<\/a> chez les habitants<\/li>\n<li>augmenter la consommation d\u2019\u00e9nergie pour le chauffage. En effet, un logement humide est plus difficile \u00e0 chauffer qu\u2019un logement \u00ab sec \u00bb.<\/li>\n<\/ul>\n<p>L\u2019humidit\u00e9 se caract\u00e9rise de mani\u00e8res sensiblement diff\u00e9rentes :<\/p>\n<ol>\n<li><strong>Les taches noires<\/strong><br \/>\n<img loading=\"lazy\" decoding=\"async\" class=\"alignleft size-thumbnail wp-image-859\" src=\"https:\/\/www.socialenergie.be\/wp-content\/uploads\/humidite-150x113.jpg\" alt=\"humidite\" width=\"150\" height=\"113\" srcset=\"https:\/\/www.socialenergie.be\/wp-content\/uploads\/humidite-150x113.jpg 150w, https:\/\/www.socialenergie.be\/wp-content\/uploads\/humidite-300x225.jpg 300w, https:\/\/www.socialenergie.be\/wp-content\/uploads\/humidite-1024x768.jpg 1024w, https:\/\/www.socialenergie.be\/wp-content\/uploads\/humidite-1536x1152.jpg 1536w, https:\/\/www.socialenergie.be\/wp-content\/uploads\/humidite-2048x1536.jpg 2048w\" sizes=\"auto, (max-width: 150px) 100vw, 150px\" \/>La pr\u00e9sence de points noirs sur les parois d\u2019un logement d\u00e9montre un manque de ventilation de la pi\u00e8ce. L\u2019humidit\u00e9 se condense sur les murs, souvent au niveau de ponts thermiques, et \u00e0 d\u00e9faut de ruisseler, forme des taches noires.&nbsp;<\/li>\n<li><strong><img loading=\"lazy\" decoding=\"async\" class=\"alignright size-thumbnail wp-image-860\" src=\"https:\/\/www.socialenergie.be\/wp-content\/uploads\/Infltration-113x150.jpg\" alt=\"Infltration\" width=\"113\" height=\"150\" srcset=\"https:\/\/www.socialenergie.be\/wp-content\/uploads\/Infltration-113x150.jpg 113w, https:\/\/www.socialenergie.be\/wp-content\/uploads\/Infltration-225x300.jpg 225w, https:\/\/www.socialenergie.be\/wp-content\/uploads\/Infltration-768x1024.jpg 768w, https:\/\/www.socialenergie.be\/wp-content\/uploads\/Infltration-1152x1536.jpg 1152w, https:\/\/www.socialenergie.be\/wp-content\/uploads\/Infltration-1536x2048.jpg 1536w, https:\/\/www.socialenergie.be\/wp-content\/uploads\/Infltration-302x400.jpg 302w, https:\/\/www.socialenergie.be\/wp-content\/uploads\/Infltration-scaled.jpg 1920w\" sizes=\"auto, (max-width: 113px) 100vw, 113px\" \/>Les traces jaunes<\/strong>La pr\u00e9sence de traces jaunes d\u00e9montre la pr\u00e9sence d\u2019eau dans les murs (infiltrations, humidit\u00e9 ascensionnelle). La ventilation de la pi\u00e8ce ne peut r\u00e9soudre le probl\u00e8me mais elle permet de renouveler l\u2019air ambiant ce qui est g\u00e9n\u00e9ralement prescrit dans les situations de probl\u00e8mes d\u2019asthme ou de difficult\u00e9s respiratoires.<\/li>\n<\/ol>\n<p>Pour plus d\u2019information sur les probl\u00e8mes d\u2019humidit\u00e9 dans les logements et les solutions pour y rem\u00e9dier, vous pouvez consulter <a href=\"https:\/\/www.socialenergie.be\/wp-content\/uploads\/IF_Eco-construction_CSS02_Part_Fr1.pdf\">cette fiche de l\u2019IBGE<\/a> .<\/p>\n<p>Le Code du logement pr\u00e9cise que le logement ne peut pas \u00eatre affect\u00e9 :<\/p>\n<ul>\n<li>par des d\u00e9t\u00e9riorations visibles caus\u00e9es par l\u2019humidit\u00e9.<\/li>\n<li>Par des champignons dus \u00e0 l\u2019humidit\u00e9 permanente provenant directement de l\u2019\u00e9tat de l\u2019immeuble (infiltrations, humidit\u00e9 ascensionnelle, et condensation permanente).<br \/>\nLes champignons sont des parasites. Ils sont <a href=\"https:\/\/www.socialenergie.be\/logement\/logement-et-sante\/le-taux-dhumidite-et-les-moisissures\/\">nuisibles et nocifs dans un logement<\/a>. C\u2019est le cas notamment de la <a href=\"http:\/\/www.curbain.be\/fr\/component\/content\/article\/33-pathologies-du-batiment\/126-merule\" target=\"_blank\" rel=\"noopener noreferrer\" target=\"_blank\">m\u00e9rule <\/a><\/li>\n<\/ul>\n<p>Pour satisfaire aux exigences de salubrit\u00e9, il faut que le logement, les locaux communs et l&rsquo;environnement soient exempts de champignons, parasites, insectes, oiseaux ou rongeurs pouvant \u00eatre nocifs pour la sant\u00e9 des habitants.<\/p>\n<p class=\"info\"><strong>Cafards et nuisibles<br \/>\n<\/strong>Les cafards appr\u00e9cient une chaleur tropicale, chaude et tr\u00e8s humide. Ces conditions sont propices pour leur propagation. Si un usager se plaint de la pr\u00e9sence de cafards ou de vermines (rats, souris, etc.), le propri\u00e9taire n\u2019est pas responsable de leur pr\u00e9sence, sauf si leur d\u00e9tection a \u00e9t\u00e9 notifi\u00e9e par \u00e9crit lors de l\u2019\u00e9tat des lieux, avant la remise des cl\u00e9s ou <a href=\"http:\/\/www.cass-cssa.be\/L-ENTRETIEN-ET-LES-REPARATIONS\" target=\"_blank\" rel=\"noopener noreferrer\" target=\"_blank\">dans le courant du 1er mois d\u2019occupation<\/a>. Pour plus d\u2019informations sur les vermines et <a href=\"https:\/\/www.socialenergie.be\/wp-content\/uploads\/Brochure-Marolles-lutter-contre-cafards-1.pdf\">comment s\u2019en d\u00e9barrasser, vous pouvez suivre ce lien<\/a>.<\/p>\n<p>Dans les cas suivants, les exigences de salubrit\u00e9 du code du logement ne sont pas respect\u00e9es:<\/p>\n<ul>\n<ol>\n<li><strong>Infiltrations<\/strong><br \/>\nLes cas d&rsquo;infiltration d&rsquo;humidit\u00e9 par un manque d&rsquo;\u00e9tanch\u00e9it\u00e9 du toit, des murs ou de la menuiserie ext\u00e9rieure, ou par une \u00e9tanch\u00e9it\u00e9 d\u00e9fectueuse des installations sanitaires, des descentes d&rsquo;eau pluviales ou de l&rsquo;installation de chauffage, du logement lui-m\u00eame ou d&rsquo;un autre logement.<\/li>\n<li><strong>Condensation permanente<\/strong><br \/>\nLes cas de condensation permanente provoqu\u00e9e par la morphologie du b\u00e2timent, malgr\u00e9 des conditions d&rsquo;utilisation normale (nombre de personnes et production d&rsquo;humidit\u00e9 adapt\u00e9es \u00e0 la destination des locaux)<\/li>\n<li><strong>Humidit\u00e9 ascensionnelle<\/strong><br \/>\nLes cas d&rsquo;humidit\u00e9 ascensionnelle par les murs ou les planchers<\/li>\n<\/ol>\n<\/ul>\n<div class=\"info\"><strong>Comment mesurer l\u2019humidit\u00e9 ?<br \/>\n<\/strong>Il existe diff\u00e9rents moyens de mesurer l\u2019humidit\u00e9.<\/p>\n<ol>\n<li><strong>L\u2019humidit\u00e9 de l\u2019air dans un logement<\/strong><br \/>\nElle se mesure au moyen d\u2019un hygrom\u00e8tre. Il existe des hygrom\u00e8tres manuels et \u00e9lectroniques. Ce type d\u2019\u00e9quipement est peu co\u00fbteux et peut \u00eatre demand\u00e9 en location aupr\u00e8s de certaines associations actives dans le domaine du logement (RBDH, R\u00e9seau Habitat).<\/li>\n<li><strong>L\u2019humidit\u00e9 des murs<\/strong><br \/>\nElle se mesure au moyen d\u2019une sonde<em>. <\/em>Les sondes sont assez on\u00e9reuses et complexes \u00e0 utiliser (multiplicit\u00e9 des donn\u00e9es, interpr\u00e9tation, etc.). Il vaut mieux faire appel \u00e0 des professionnels.<\/li>\n<\/ol>\n<\/div>\n<p><\/div><div class=\"title_code\">A\u00e9ration<\/div>\n\n        <div class=\"content_code\"><\/p>\n<p>Au niveau de l\u2019a\u00e9ration, l\u2019\u00e9tat de l\u2019immeuble est \u00e9valu\u00e9 dans des conditions normales d\u2019utilisation du logement et des communs. A cet effet, le Code du logement stipule que le logement doit \u00eatre suffisamment ventil\u00e9 :<\/p>\n<ul>\n<li>tout logement est cens\u00e9 comporter des moyens de ventilation (fen\u00eatres et\/ou \u00e9vacuation de l\u2019air vici\u00e9) dans les diff\u00e9rentes pi\u00e8ces du logement, \u00e0 l\u2019exception de la pi\u00e8ce centrale ou de pi\u00e8ces en enfilade.<\/li>\n<li>la ventilation doit \u00eatre adapt\u00e9e au r\u00f4le des locaux tels que la cuisine ou la salle de bain qui produisent plus d\u2019humidit\u00e9.<\/li>\n<\/ul>\n<p>L&rsquo;apport d&rsquo;air frais doit toujours \u00eatre assur\u00e9 en quantit\u00e9 \u00e9gale \u00e0 l&rsquo;\u00e9vacuation d&rsquo;air.<\/p>\n<p>Le logement doit obligatoirement \u00eatre conforme en mati\u00e8re d\u2019a\u00e9ration aux normes techniques sp\u00e9cifiques en vigueur.<\/p>\n<p><\/div><div class=\"title_code\">Densit\u00e9 d\u2019occupation<\/div>\n\n        <div class=\"content_code\"><\/p>\n<p>Concernant la densit\u00e9 d\u2019occupation, le logement ne peut en aucun cas \u00eatre surpeupl\u00e9 (un logement surpeupl\u00e9 \u00e9tant plus propice \u00e0 de graves probl\u00e8mes d\u2019humidit\u00e9). A cet effet, le Code du logement pr\u00e9voit les normes de densit\u00e9 d\u2019occupation maximale par surface :<\/p>\n<ul>\n<li>18 m<sup>2<\/sup> pour une personne<\/li>\n<li>28 m<sup>2<\/sup> pour deux personnes<\/li>\n<li>33 m<sup>2<\/sup> pour trois personnes<\/li>\n<li>37 m<sup>2<\/sup> pour quatre personnes<\/li>\n<li>46 m<sup>2<\/sup> pour cinq personnes<\/li>\n<li>au-del\u00e0 de cinq personnes, cette surface minimale est augment\u00e9e de 12 m<sup>2<\/sup> par personne suppl\u00e9mentaire.<\/li>\n<\/ul>\n<p><\/div><\/p>\n<ul><!-- Add code here that should appear in the content block of all new pages --><\/ul>\n","protected":false},"excerpt":{"rendered":"<p>Cette partie du site web est en cours de mise \u00e0 jour.<\/p>\n","protected":false},"author":1,"featured_media":0,"parent":178,"menu_order":421,"comment_status":"closed","ping_status":"closed","template":"","meta":{"_acf_changed":false,"footnotes":""},"class_list":["post-475","page","type-page","status-publish","hentry"],"acf":[],"_links":{"self":[{"href":"https:\/\/www.socialenergie.be\/fr\/wp-json\/wp\/v2\/pages\/475","targetHints":{"allow":["GET"]}}],"collection":[{"href":"https:\/\/www.socialenergie.be\/fr\/wp-json\/wp\/v2\/pages"}],"about":[{"href":"https:\/\/www.socialenergie.be\/fr\/wp-json\/wp\/v2\/types\/page"}],"author":[{"embeddable":true,"href":"https:\/\/www.socialenergie.be\/fr\/wp-json\/wp\/v2\/users\/1"}],"replies":[{"embeddable":true,"href":"https:\/\/www.socialenergie.be\/fr\/wp-json\/wp\/v2\/comments?post=475"}],"version-history":[{"count":4,"href":"https:\/\/www.socialenergie.be\/fr\/wp-json\/wp\/v2\/pages\/475\/revisions"}],"predecessor-version":[{"id":11972,"href":"https:\/\/www.socialenergie.be\/fr\/wp-json\/wp\/v2\/pages\/475\/revisions\/11972"}],"up":[{"embeddable":true,"href":"https:\/\/www.socialenergie.be\/fr\/wp-json\/wp\/v2\/pages\/178"}],"wp:attachment":[{"href":"https:\/\/www.socialenergie.be\/fr\/wp-json\/wp\/v2\/media?parent=475"}],"curies":[{"name":"wp","href":"https:\/\/api.w.org\/{rel}","templated":true}]}}