{"id":477,"date":"2016-06-02T14:58:54","date_gmt":"2016-06-02T12:58:54","guid":{"rendered":"http:\/\/zl31wzsmw.preview.infomaniak.website\/_new2016\/fr\/?page_id=477"},"modified":"2025-10-09T15:20:57","modified_gmt":"2025-10-09T13:20:57","slug":"normes-relatives-a-la-luminosite-fenetres-et-eclairage","status":"publish","type":"page","link":"https:\/\/www.socialenergie.be\/fr\/logement\/normes\/normes-relatives-a-la-luminosite-fenetres-et-eclairage\/","title":{"rendered":"Normes relatives \u00e0 la luminosit\u00e9, fen\u00eatres et \u00e9clairage"},"content":{"rendered":"<p class=\"attention\">Cette partie du site web est en cours de mise \u00e0 jour.<\/p>\n<p><img loading=\"lazy\" decoding=\"async\" class=\"alignright wp-image-864\" src=\"https:\/\/www.socialenergie.be\/wp-content\/uploads\/Fenetre-269x300.jpg\" alt=\"Fenetre\" width=\"179\" height=\"200\" srcset=\"https:\/\/www.socialenergie.be\/wp-content\/uploads\/Fenetre-269x300.jpg 269w, https:\/\/www.socialenergie.be\/wp-content\/uploads\/Fenetre-135x150.jpg 135w, https:\/\/www.socialenergie.be\/wp-content\/uploads\/Fenetre.jpg 340w\" sizes=\"auto, (max-width: 179px) 100vw, 179px\" \/>La loi sur les baux \u00e0 loyers pr\u00e9cise que le logement doit \u00eatre pourvu de fen\u00eatres permettant un \u00e9clairage naturel :<\/p>\n<ol>\n<li>au moins la moiti\u00e9 des pi\u00e8ces d&rsquo;habitation destin\u00e9es \u00e0 \u00eatre utilis\u00e9es comme pi\u00e8ces de s\u00e9jour ou comme chambres \u00e0 coucher doivent \u00eatre pourvues d&rsquo;une source d&rsquo;\u00e9clairage naturel.<\/li>\n<li>La source d&rsquo;\u00e9clairage naturel doit \u00eatre au moins \u00e9gale \u00e0 1\/12<sup>e<\/sup> de la surface de plancher de cette pi\u00e8ce.<\/li>\n<\/ol>\n<p>Le Code du logement pr\u00e9cise que :<\/p>\n<ol start=\"1\">\n<li>les fen\u00eatres (vitres, ch\u00e2ssis, et crois\u00e9es ) doivent \u00eatre en bon \u00e9tat<\/li>\n<\/ol>\n<ol start=\"2\">\n<li>les fen\u00eatres doivent assurer la possibilit\u00e9 d\u2019ouverture et de fermeture ainsi qu\u2019une bonne \u00e9tanch\u00e9it\u00e9 (air et eau)<\/li>\n<\/ol>\n<p>Le logement doit obligatoirement \u00eatre conforme en mati\u00e8re de luminosit\u00e9 aux <a href=\"https:\/\/www.socialenergie.be\/normes\/\" target=\"_blank\">normes techniques sp\u00e9cifiques<\/a> en vigueur. Les fen\u00eatres doivent \u00eatre maintenues en bon \u00e9tat d&rsquo;entretien, de mani\u00e8re \u00e0 garantir un fonctionnement s\u00fbr.<\/p>\n<p>&nbsp;<\/p>\n<p><!-- Add code here that should appear in the content block of all new pages --><\/p>\n","protected":false},"excerpt":{"rendered":"<p>Cette partie du site web est en cours de mise \u00e0 jour. La loi sur les baux \u00e0 loyers pr\u00e9cise que le logement doit \u00eatre pourvu de fen\u00eatres permettant un \u00e9clairage naturel : au moins la moiti\u00e9 des pi\u00e8ces d&rsquo;habitation destin\u00e9es \u00e0 \u00eatre utilis\u00e9es comme pi\u00e8ces de s\u00e9jour ou comme chambres \u00e0 coucher doivent \u00eatre [&hellip;]<\/p>\n","protected":false},"author":1,"featured_media":0,"parent":178,"menu_order":424,"comment_status":"closed","ping_status":"closed","template":"","meta":{"_acf_changed":false,"footnotes":""},"class_list":["post-477","page","type-page","status-publish","hentry"],"acf":[],"_links":{"self":[{"href":"https:\/\/www.socialenergie.be\/fr\/wp-json\/wp\/v2\/pages\/477","targetHints":{"allow":["GET"]}}],"collection":[{"href":"https:\/\/www.socialenergie.be\/fr\/wp-json\/wp\/v2\/pages"}],"about":[{"href":"https:\/\/www.socialenergie.be\/fr\/wp-json\/wp\/v2\/types\/page"}],"author":[{"embeddable":true,"href":"https:\/\/www.socialenergie.be\/fr\/wp-json\/wp\/v2\/users\/1"}],"replies":[{"embeddable":true,"href":"https:\/\/www.socialenergie.be\/fr\/wp-json\/wp\/v2\/comments?post=477"}],"version-history":[{"count":5,"href":"https:\/\/www.socialenergie.be\/fr\/wp-json\/wp\/v2\/pages\/477\/revisions"}],"predecessor-version":[{"id":11973,"href":"https:\/\/www.socialenergie.be\/fr\/wp-json\/wp\/v2\/pages\/477\/revisions\/11973"}],"up":[{"embeddable":true,"href":"https:\/\/www.socialenergie.be\/fr\/wp-json\/wp\/v2\/pages\/178"}],"wp:attachment":[{"href":"https:\/\/www.socialenergie.be\/fr\/wp-json\/wp\/v2\/media?parent=477"}],"curies":[{"name":"wp","href":"https:\/\/api.w.org\/{rel}","templated":true}]}}