{"id":479,"date":"2016-06-02T14:59:24","date_gmt":"2016-06-02T12:59:24","guid":{"rendered":"http:\/\/zl31wzsmw.preview.infomaniak.website\/_new2016\/fr\/?page_id=479"},"modified":"2025-10-09T15:21:08","modified_gmt":"2025-10-09T13:21:08","slug":"normes-relatives-a-lisolation-thermique","status":"publish","type":"page","link":"https:\/\/www.socialenergie.be\/fr\/logement\/normes\/normes-relatives-a-lisolation-thermique\/","title":{"rendered":"Normes relatives \u00e0 l&rsquo;isolation thermique"},"content":{"rendered":"<p class=\"attention\">Cette partie du site web est en cours de mise \u00e0 jour.<\/p>\n<p>L\u2019ordonnance\u00a0 relative \u00e0 la performance \u00e9nerg\u00e9tique et au climat int\u00e9rieur des b\u00e2timents a abrog\u00e9 les dispositions relatives \u00e0 l\u2019isolation pr\u00e9vues dans le R\u00e8glement R\u00e9gional d\u2019Urbanisme (RRU). Selon l\u2019ordonnance, l\u2019isolation thermique concerne \u00e0 la fois : <a href=\"https:\/\/www.socialenergie.be\/wp-content\/uploads\/Brochure-IBGE-Energie_10_priorites-isolation-7-12.pdf\">la toiture, les portes et fen\u00eatres, les murs et le sol<\/a>.<\/p>\n<ul>\n<li>Selon l\u2019IBGE, les pertes de chaleur dans un b\u00e2timent mitoyen, sont dues pour :<\/li>\n<\/ul>\n<ul>\n<ul>\n<li>37% \u00e0 la toiture<\/li>\n<li>27% aux fen\u00eatres<\/li>\n<li>21% aux murs<\/li>\n<li>15% au sol du rez-de-chauss\u00e9e<\/li>\n<\/ul>\n<li>depuis 2008, tous les travaux de construction ou de r\u00e9novation n\u00e9cessitant un permis d\u2019urbanisme doivent obligatoirement respecter des seuils minimaux d\u2019isolation.<\/li>\n<\/ul>\n<p class=\"info\"><strong>Brochures isolation thermique<\/strong><\/p>\n<p>Pour plus d\u2019informations \u00e0 propos de l\u2019isolation thermique des b\u00e2timents, vous pouvez vous r\u00e9f\u00e9rer \u00e0 <a href=\"https:\/\/www.socialenergie.be\/wp-content\/uploads\/Brochure-IBGE-isolation-thermique.pdf\">la fiche info de l\u2019IBGE<\/a>.<\/p>\n<h2>Seuils minimaux d\u2019isolation thermique<\/h2>\n<ul>\n<li><strong><strong>L\u2019enveloppe globale du b\u00e2timent : K \u2264 40<\/strong><\/strong>La valeur \u00ab K \u00bb :<\/li>\n<\/ul>\n<ul>\n<ul>\n<li>d\u00e9signe le niveau d\u2019isolation global du b\u00e2timent, plus cette valeur est faible, plus l\u2019isolation est efficace<\/li>\n<li>est d\u00e9termin\u00e9e par le taux d\u2019isolation des parois ext\u00e9rieures et par la compacit\u00e9 du b\u00e2timent<\/li>\n<\/ul>\n<\/ul>\n<p style=\"padding-left: 60px;\">Selon les normes PEB en vigueur, la valeur \u00ab K \u00bb ne peut d\u00e9passer 40 pour les habitations individuelles et pour les communs (45 pour les bureaux, les services et l\u2019enseignement).<\/p>\n<ul>\n<li><strong><strong>\u00c9l\u00e9ments de construction : U = 0,4 \u00e0 2,5 W\/m2K selon les parois<\/strong><\/strong>La valeur \u00ab U \u00bb :\n<ul>\n<li>d\u00e9signe un \u00ab coefficient maximal de transmission thermique \u00bb. Plus cette valeur est basse, meilleure est l\u2019isolation<\/li>\n<li>indique la quantit\u00e9 de chaleur que la paroi en question laisse passer (par seconde et par m<sup>2<\/sup> avec une diff\u00e9rence de 1C\u00b0 (1\u00b0K) entre les deux c\u00f4t\u00e9s de la paroi)<\/li>\n<\/ul>\n<\/li>\n<\/ul>\n<p style=\"padding-left: 60px;\">Pour chaque \u00e9l\u00e9ment de construction neuf ou modifi\u00e9 (murs, toitures, sols, etc.), il faut respecter, les proportions suivantes :<\/p>\n<ul>\n<ul>\n<li>Murs ext\u00e9rieurs : U \u2264 0,4 W\/m<sup>2<\/sup>K<\/li>\n<li>Toitures et plafonds : U \u2264 0,3 W\/m<sup>2<\/sup>K<\/li>\n<li>Sols : U \u2264 0,4 \u00e0 0,6 W\/m<sup>2<\/sup>K<\/li>\n<li>Fen\u00eatres : U \u2264 2,5 W\/m<sup>2<\/sup>K<\/li>\n<li>Vitrage : U \u2264 1,6 W\/m2K<\/li>\n<\/ul>\n<\/ul>\n<p style=\"padding-left: 60px;\">Pour les toits et pour les murs ext\u00e9rieurs, par exemple, ces valeurs correspondent \u00e0 15 cm de laine de verre ou 12 cm de mousse synth\u00e9tique.<\/p>\n<ul>\n<li><strong><strong>La consommation \u00e9nerg\u00e9tique du b\u00e2timent : E \u2264 70<\/strong><\/strong>Le niveau \u00ab E \u00bb :<\/li>\n<\/ul>\n<ul>\n<ul>\n<li>d\u00e9signe le niveau de consommation \u00e9nerg\u00e9tique<\/li>\n<li>repr\u00e9sente la consommation d\u2019\u00e9nergie totale d\u2019un logement (\u00e9clairage, chauffage, eau chaude\u2026)<\/li>\n<\/ul>\n<\/ul>\n<p style=\"padding-left: 60px;\">A Bruxelles, les b\u00e2timents n\u00e9cessitant un permis d\u2019urbanisme ne peuvent d\u00e9passer un certain niveau de consommation \u00e9nerg\u00e9tique, le \u00ab niveau E \u00bb ne peut d\u00e9passer la valeur 70.<\/p>\n<p style=\"padding-left: 60px;\">Pour le calcul, diff\u00e9rents \u00e9l\u00e9ments sont pris en compte :<\/p>\n<ul>\n<ul>\n<li>la compacit\u00e9 du b\u00e2timent<\/li>\n<li>l\u2019\u00e9tanch\u00e9it\u00e9 du b\u00e2timent \u00e0 l\u2019air<\/li>\n<li>la production \u00e9ventuelle d\u2019\u00e9nergie (panneaux solaires, etc.)<\/li>\n<li>le type de ventilation<\/li>\n<li>la protection solaire<\/li>\n<li>l\u2019isolation<\/li>\n<\/ul>\n<\/ul>\n<p style=\"padding-left: 60px;\">Cette obligation l\u00e9gale de performance a donc aussi une influence indirecte sur l\u2019isolation.<\/p>\n<ul>\n<li><strong><strong>Mat\u00e9riaux<br \/>\n<\/strong><\/strong>Aucune obligation ne porte sur le type ou l\u2019\u00e9paisseur de mat\u00e9riau isolant utilis\u00e9, du moment que la performance requise soit atteinte.<\/li>\n<\/ul>\n<ul>\n<li><strong><strong>Pour plus d\u2019informations<br \/>\n<\/strong><\/strong>R\u00e9f\u00e9rez-vous aux <a href=\"https:\/\/www.socialenergie.be\/wp-content\/uploads\/Annexes-Ordonnance.pdf\">annexes du texte de l\u2019ordonnance<\/a>.<em><br \/>\n<\/em><\/li>\n<\/ul>\n","protected":false},"excerpt":{"rendered":"<p>Cette partie du site web est en cours de mise \u00e0 jour. L\u2019ordonnance\u00a0 relative \u00e0 la performance \u00e9nerg\u00e9tique et au climat int\u00e9rieur des b\u00e2timents a abrog\u00e9 les dispositions relatives \u00e0 l\u2019isolation pr\u00e9vues dans le R\u00e8glement R\u00e9gional d\u2019Urbanisme (RRU). Selon l\u2019ordonnance, l\u2019isolation thermique concerne \u00e0 la fois : la toiture, les portes et fen\u00eatres, les murs [&hellip;]<\/p>\n","protected":false},"author":1,"featured_media":0,"parent":178,"menu_order":423,"comment_status":"closed","ping_status":"closed","template":"","meta":{"_acf_changed":false,"footnotes":""},"class_list":["post-479","page","type-page","status-publish","hentry"],"acf":[],"_links":{"self":[{"href":"https:\/\/www.socialenergie.be\/fr\/wp-json\/wp\/v2\/pages\/479","targetHints":{"allow":["GET"]}}],"collection":[{"href":"https:\/\/www.socialenergie.be\/fr\/wp-json\/wp\/v2\/pages"}],"about":[{"href":"https:\/\/www.socialenergie.be\/fr\/wp-json\/wp\/v2\/types\/page"}],"author":[{"embeddable":true,"href":"https:\/\/www.socialenergie.be\/fr\/wp-json\/wp\/v2\/users\/1"}],"replies":[{"embeddable":true,"href":"https:\/\/www.socialenergie.be\/fr\/wp-json\/wp\/v2\/comments?post=479"}],"version-history":[{"count":8,"href":"https:\/\/www.socialenergie.be\/fr\/wp-json\/wp\/v2\/pages\/479\/revisions"}],"predecessor-version":[{"id":11975,"href":"https:\/\/www.socialenergie.be\/fr\/wp-json\/wp\/v2\/pages\/479\/revisions\/11975"}],"up":[{"embeddable":true,"href":"https:\/\/www.socialenergie.be\/fr\/wp-json\/wp\/v2\/pages\/178"}],"wp:attachment":[{"href":"https:\/\/www.socialenergie.be\/fr\/wp-json\/wp\/v2\/media?parent=479"}],"curies":[{"name":"wp","href":"https:\/\/api.w.org\/{rel}","templated":true}]}}