{"id":49,"date":"2016-05-24T09:35:09","date_gmt":"2016-05-24T07:35:09","guid":{"rendered":"http:\/\/zl31wzsmw.preview.infomaniak.website\/_new2016\/?page_id=49"},"modified":"2026-01-14T11:34:33","modified_gmt":"2026-01-14T10:34:33","slug":"fixe-ou-variable","status":"publish","type":"page","link":"https:\/\/www.socialenergie.be\/fr\/contrats\/types\/fixe-ou-variable\/","title":{"rendered":"Les contrats \u00e0 prix fixe ou \u00e0 prix variable"},"content":{"rendered":"<p>Les fournisseurs fixent librement leurs prix, proposant des contrats \u00e0 prix fixe et\/ou \u00e0 prix variable.<\/p>\n<p class=\"info\"><strong>S\u00e9curit\u00e9 et stabilit\u00e9 des prix.<br \/>\n<\/strong>Les contrats \u00e0 prix fixes offrent une s\u00e9curit\u00e9 plus importante (au niveau du tarif appliqu\u00e9) et permettent une v\u00e9rification plus facile des factures (lisibilit\u00e9 du tarif appliqu\u00e9).<\/p>\n<div class=\"title_code\">Contrat \u00e0 prix fixe<\/div>\n\n        <div class=\"content_code\">\n<p>Dans ce type de contrat, le prix propos\u00e9 par le fournisseur est en principe fixe <a href=\"https:\/\/www.socialenergie.be\/fr\/contrats\/protection\/obligations-des-fournisseurs\/\">durant les trois ann\u00e9es du contrat<\/a>. Il anticipe l\u2019\u00e9volution des prix de l\u2019\u00e9nergie. Cependant, le fournisseur peut indiquer dans les conditions g\u00e9n\u00e9rales de vente la possibilit\u00e9 d\u2019une r\u00e9vision du tarif apr\u00e8s un, deux ou trois ans. Cette r\u00e9vision du tarif se fait sur base d\u2019un calcul d\u2019indexation, \u00e9galement mentionn\u00e9 dans les conditions g\u00e9n\u00e9rales.<\/p>\n<p>Si le fournisseur veut modifier la formule de calcul d\u2019indexation pr\u00e9cis\u00e9e dans les conditions g\u00e9n\u00e9rales de vente, il doit en informer pr\u00e9alablement le client. Celui-ci peut alors :<\/p>\n<ul>\n<li>accepter le nouveau prix issu du changement de formule de calcul<\/li>\n<li>ou renoncer \u00e0 son contrat et changer de contrat ou de fournisseur sans pr\u00e9avis et sans indemnit\u00e9<\/li>\n<\/ul>\n<p class=\"info\"><strong>Le choix de la dur\u00e9e des prix fixes n\u2019a pas d\u2019incidence sur la dur\u00e9e du contrat. <\/strong><br \/>\nLe contrat priv\u00e9 couvre obligatoirement une p\u00e9riode de 3 ans. Le consommateur peut n\u00e9anmoins opter pour une fixation des prix sur une p\u00e9riode de 1, 2 ou 3 ans.<\/p>\n<p><\/div><div class=\"title_code\">Contrat \u00e0 prix variable<\/div>\n\n        <div class=\"content_code\"><\/p>\n<p>Dans ce type de contrat, et selon la formule propos\u00e9e, les prix fluctuent mensuellement ou quatre fois par an (chaque trimestre) suivant les param\u00e8tres d\u2019indexation choisis par le fournisseur.<\/p>\n<p>Concr\u00e8tement :<\/p>\n<ul>\n<li>Le montant des <a href=\"https:\/\/www.socialenergie.be\/fr\/factures\/types\/intermediaire\/\">factures interm\u00e9diaires<\/a> est constant entre deux factures annuelles.<\/li>\n<li>La r\u00e9gularisation s\u2019effectue par le biais de la <a href=\"https:\/\/www.socialenergie.be\/fr\/factures\/types\/regularisation\/\">facture de r\u00e9gularisation<\/a> (annuelle).<\/li>\n<\/ul>\n<p class=\"cadre\"><strong>Dans un contrat variable, comment la consommation annuelle est r\u00e9partie entre les diff\u00e9rents mois de l\u2019ann\u00e9e lors de la facture de r\u00e9gularisation ?<br \/>\n<\/strong>Les fournisseurs doivent utiliser les \u00ab profils de consommation standard \u00bb \u00e9labor\u00e9s par Synergrid (la f\u00e9d\u00e9ration des gestionnaires de r\u00e9seaux d\u2019\u00e9lectricit\u00e9 et de gaz en Belgique). Il s\u2019agit de courbes de la demande qui refl\u00e8tent la charge sur le r\u00e9seau tout au long de l\u2019ann\u00e9e (pour le gaz, par exemple, ces courbes montrent qu\u2019environ 80 % de la demande a lieu entre octobre et mars et environ 20 % pendant le reste de l\u2019ann\u00e9e). Le fournisseur assignera donc la partie correspondante de la consommation annuelle du m\u00e9nage \u00e0 chaque mois de l\u2019ann\u00e9e \u00e9coul\u00e9e en fonction de ces courbes, et pas donc en divisant par 12.<\/p>\n<p><\/div><\/p>\n<p><!-- Add code here that should appear in the content block of all new pages --><\/p>\n","protected":false},"excerpt":{"rendered":"<p>Les fournisseurs fixent librement leurs prix, proposant des contrats \u00e0 prix fixe et\/ou \u00e0 prix variable. S\u00e9curit\u00e9 et stabilit\u00e9 des prix. Les contrats \u00e0 prix fixes offrent une s\u00e9curit\u00e9 plus importante (au niveau du tarif appliqu\u00e9) et permettent une v\u00e9rification plus facile des factures (lisibilit\u00e9 du tarif appliqu\u00e9).<\/p>\n","protected":false},"author":1,"featured_media":0,"parent":45,"menu_order":199,"comment_status":"closed","ping_status":"closed","template":"","meta":{"_acf_changed":false,"footnotes":""},"class_list":["post-49","page","type-page","status-publish","hentry"],"acf":[],"_links":{"self":[{"href":"https:\/\/www.socialenergie.be\/fr\/wp-json\/wp\/v2\/pages\/49","targetHints":{"allow":["GET"]}}],"collection":[{"href":"https:\/\/www.socialenergie.be\/fr\/wp-json\/wp\/v2\/pages"}],"about":[{"href":"https:\/\/www.socialenergie.be\/fr\/wp-json\/wp\/v2\/types\/page"}],"author":[{"embeddable":true,"href":"https:\/\/www.socialenergie.be\/fr\/wp-json\/wp\/v2\/users\/1"}],"replies":[{"embeddable":true,"href":"https:\/\/www.socialenergie.be\/fr\/wp-json\/wp\/v2\/comments?post=49"}],"version-history":[{"count":19,"href":"https:\/\/www.socialenergie.be\/fr\/wp-json\/wp\/v2\/pages\/49\/revisions"}],"predecessor-version":[{"id":13257,"href":"https:\/\/www.socialenergie.be\/fr\/wp-json\/wp\/v2\/pages\/49\/revisions\/13257"}],"up":[{"embeddable":true,"href":"https:\/\/www.socialenergie.be\/fr\/wp-json\/wp\/v2\/pages\/45"}],"wp:attachment":[{"href":"https:\/\/www.socialenergie.be\/fr\/wp-json\/wp\/v2\/media?parent=49"}],"curies":[{"name":"wp","href":"https:\/\/api.w.org\/{rel}","templated":true}]}}