{"id":499,"date":"2016-06-02T15:14:32","date_gmt":"2016-06-02T13:14:32","guid":{"rendered":"http:\/\/zl31wzsmw.preview.infomaniak.website\/_new2016\/fr\/?page_id=499"},"modified":"2025-10-09T15:23:47","modified_gmt":"2025-10-09T13:23:47","slug":"obligations-relatives-a-lisolation-thermique","status":"publish","type":"page","link":"https:\/\/www.socialenergie.be\/fr\/logement\/obligations-du-proprietaire\/obligations-relatives-a-lisolation-thermique\/","title":{"rendered":"Obligations relatives \u00e0 l&rsquo;isolation thermique"},"content":{"rendered":"<p class=\"attention\">Cette partie du site web est en cours de mise \u00e0 jour.<\/p>\n<p><img loading=\"lazy\" decoding=\"async\" class=\"alignnone size-full wp-image-895\" src=\"https:\/\/www.socialenergie.be\/wp-content\/uploads\/Logement_Responsabilites_locatives_Isolation_Thermique_3.jpg\" alt=\"Logement_Responsabilites_locatives_Isolation_Thermique_3\" width=\"519\" height=\"180\" srcset=\"https:\/\/www.socialenergie.be\/wp-content\/uploads\/Logement_Responsabilites_locatives_Isolation_Thermique_3.jpg 519w, https:\/\/www.socialenergie.be\/wp-content\/uploads\/Logement_Responsabilites_locatives_Isolation_Thermique_3-150x52.jpg 150w, https:\/\/www.socialenergie.be\/wp-content\/uploads\/Logement_Responsabilites_locatives_Isolation_Thermique_3-300x104.jpg 300w\" sizes=\"auto, (max-width: 519px) 100vw, 519px\" \/><\/p>\n<p>Le propri\u00e9taire a l\u2019obligation :<\/p>\n<ul>\n<li>de fournir au locataire un bien conforme aux normes \u00e9tablies par le code bruxellois du logement ainsi qu\u2019une copie du certificat PEB<\/li>\n<li>d\u2019indiquer sans \u00e9quivoque la performance \u00e9nerg\u00e9tique du bien (en ce compris la qualit\u00e9 de l\u2019isolation thermique du logement)<\/li>\n<li>de respecter les obligations relatives \u00e0 la qualit\u00e9 de l\u2019isolation thermique du logement. Si le logement n\u2019est pas conforme aux normes, il doit proc\u00e9der \u00e0 des travaux et prendre en charge l\u2019ensemble des frais.<\/li>\n<\/ul>\n<p class=\"attention\"><strong>Sanction en cas de d\u00e9rogation :<\/strong><\/p>\n<p>Si le propri\u00e9taire d\u00e9roge \u00e0 l\u2019une de ses obligations, il risque s\u2019il ne respecte pas ces normes PEB, de se voir imposer une amende administrative et financi\u00e8re (dans un d\u00e9lai de 5 ans apr\u00e8s l&rsquo;introduction de la d\u00e9claration PEB), pouvant atteindre plusieurs milliers d\u2019euros.<\/p>\n<p>Le propri\u00e9taire b\u00e9n\u00e9ficie \u00e9galement<a href=\"https:\/\/www.socialenergie.be\/aides-aux-investissements\/reductions-et-credits-dimpot\/reduction-dimpot-pour-les-investissements-economiseurs-denergie\/\"> d\u2019une r\u00e9duction d\u2019imp\u00f4t pour tous les travaux d\u2019isolation de la toiture.<\/a><\/p>\n<p><!-- Add code here that should appear in the content block of all new pages --><\/p>\n","protected":false},"excerpt":{"rendered":"<p>Cette partie du site web est en cours de mise \u00e0 jour. Le propri\u00e9taire a l\u2019obligation : de fournir au locataire un bien conforme aux normes \u00e9tablies par le code bruxellois du logement ainsi qu\u2019une copie du certificat PEB d\u2019indiquer sans \u00e9quivoque la performance \u00e9nerg\u00e9tique du bien (en ce compris la qualit\u00e9 de l\u2019isolation thermique [&hellip;]<\/p>\n","protected":false},"author":1,"featured_media":0,"parent":481,"menu_order":406,"comment_status":"closed","ping_status":"closed","template":"","meta":{"_acf_changed":false,"footnotes":""},"class_list":["post-499","page","type-page","status-publish","hentry"],"acf":[],"_links":{"self":[{"href":"https:\/\/www.socialenergie.be\/fr\/wp-json\/wp\/v2\/pages\/499","targetHints":{"allow":["GET"]}}],"collection":[{"href":"https:\/\/www.socialenergie.be\/fr\/wp-json\/wp\/v2\/pages"}],"about":[{"href":"https:\/\/www.socialenergie.be\/fr\/wp-json\/wp\/v2\/types\/page"}],"author":[{"embeddable":true,"href":"https:\/\/www.socialenergie.be\/fr\/wp-json\/wp\/v2\/users\/1"}],"replies":[{"embeddable":true,"href":"https:\/\/www.socialenergie.be\/fr\/wp-json\/wp\/v2\/comments?post=499"}],"version-history":[{"count":5,"href":"https:\/\/www.socialenergie.be\/fr\/wp-json\/wp\/v2\/pages\/499\/revisions"}],"predecessor-version":[{"id":11991,"href":"https:\/\/www.socialenergie.be\/fr\/wp-json\/wp\/v2\/pages\/499\/revisions\/11991"}],"up":[{"embeddable":true,"href":"https:\/\/www.socialenergie.be\/fr\/wp-json\/wp\/v2\/pages\/481"}],"wp:attachment":[{"href":"https:\/\/www.socialenergie.be\/fr\/wp-json\/wp\/v2\/media?parent=499"}],"curies":[{"name":"wp","href":"https:\/\/api.w.org\/{rel}","templated":true}]}}