{"id":509,"date":"2016-06-02T15:22:57","date_gmt":"2016-06-02T13:22:57","guid":{"rendered":"http:\/\/zl31wzsmw.preview.infomaniak.website\/_new2016\/fr\/?page_id=509"},"modified":"2025-10-09T15:28:00","modified_gmt":"2025-10-09T13:28:00","slug":"contrat-de-bail-etat-des-lieux-et-responsabilites","status":"publish","type":"page","link":"https:\/\/www.socialenergie.be\/fr\/logement\/contrat-de-bail-etat-des-lieux-et-responsabilites\/","title":{"rendered":"Contrat de bail, \u00e9tat des lieux et responsabilit\u00e9s"},"content":{"rendered":"<p class=\"attention\">Cette partie du site web est en cours de mise \u00e0 jour.<\/p>\n<ul>\n<li><a href=\"https:\/\/www.socialenergie.be\/logement\/contrat-de-bail-etat-des-lieux-et-responsabilites\/contrat-de-bail-et-responsabilites\/\">Contrat de bail et responsabilit\u00e9s locatives<\/a><\/li>\n<li><a href=\"https:\/\/www.socialenergie.be\/logement\/contrat-de-bail-etat-des-lieux-et-responsabilites\/le-contrat-de-bail-avec-renovation\/\">Contral de bail avec r\u00e9novations<\/a><\/li>\n<li><a href=\"https:\/\/www.socialenergie.be\/logement\/contrat-de-bail-etat-des-lieux-et-responsabilites\/letat-des-lieux\/\">Etat des lieux<\/a><\/li>\n<\/ul>\n","protected":false},"excerpt":{"rendered":"<p>Cette partie du site web est en cours de mise \u00e0 jour. Contrat de bail et responsabilit\u00e9s locatives Contral de bail avec r\u00e9novations Etat des lieux<\/p>\n","protected":false},"author":1,"featured_media":0,"parent":146,"menu_order":351,"comment_status":"closed","ping_status":"closed","template":"","meta":{"_acf_changed":false,"footnotes":""},"class_list":["post-509","page","type-page","status-publish","hentry"],"acf":[],"_links":{"self":[{"href":"https:\/\/www.socialenergie.be\/fr\/wp-json\/wp\/v2\/pages\/509","targetHints":{"allow":["GET"]}}],"collection":[{"href":"https:\/\/www.socialenergie.be\/fr\/wp-json\/wp\/v2\/pages"}],"about":[{"href":"https:\/\/www.socialenergie.be\/fr\/wp-json\/wp\/v2\/types\/page"}],"author":[{"embeddable":true,"href":"https:\/\/www.socialenergie.be\/fr\/wp-json\/wp\/v2\/users\/1"}],"replies":[{"embeddable":true,"href":"https:\/\/www.socialenergie.be\/fr\/wp-json\/wp\/v2\/comments?post=509"}],"version-history":[{"count":3,"href":"https:\/\/www.socialenergie.be\/fr\/wp-json\/wp\/v2\/pages\/509\/revisions"}],"predecessor-version":[{"id":12009,"href":"https:\/\/www.socialenergie.be\/fr\/wp-json\/wp\/v2\/pages\/509\/revisions\/12009"}],"up":[{"embeddable":true,"href":"https:\/\/www.socialenergie.be\/fr\/wp-json\/wp\/v2\/pages\/146"}],"wp:attachment":[{"href":"https:\/\/www.socialenergie.be\/fr\/wp-json\/wp\/v2\/media?parent=509"}],"curies":[{"name":"wp","href":"https:\/\/api.w.org\/{rel}","templated":true}]}}