{"id":511,"date":"2016-06-02T15:23:49","date_gmt":"2016-06-02T13:23:49","guid":{"rendered":"http:\/\/zl31wzsmw.preview.infomaniak.website\/_new2016\/fr\/?page_id=511"},"modified":"2025-12-23T11:58:35","modified_gmt":"2025-12-23T10:58:35","slug":"contrat-de-bail-et-responsabilites","status":"publish","type":"page","link":"https:\/\/www.socialenergie.be\/fr\/logement\/contrat-de-bail-etat-des-lieux-et-responsabilites\/contrat-de-bail-et-responsabilites\/","title":{"rendered":"Contrat de bail et responsabilit\u00e9s"},"content":{"rendered":"<p class=\"attention\">Cette partie du site web est en cours de mise \u00e0 jour.<\/p>\n<p>Le contrat de bail, auquel peut \u00eatre joint et annex\u00e9 l\u2019\u00e9tat des lieux, permet d\u2019\u00e9tablir plus sp\u00e9cifiquement les responsabilit\u00e9s du preneur et du bailleur en fonction du bien dont il est question. Le contrat de bail n\u2019est pas un texte l\u00e9gislatif mais il a une valeur juridique. Dans certains cas, la loi pr\u00e9vaut sur le contrat de bail ; dans d\u2019autres, c\u2019est l\u2019inverse :<\/p>\n<ol>\n<li>Le contrat de bail ne pr\u00e9cise pas sp\u00e9cifiquement les responsabilit\u00e9s des parties : il faut se r\u00e9f\u00e9rer aux normes prescrites par la loi.<\/li>\n<li>Le contrat de bail pr\u00e9cise des responsabilit\u00e9s sp\u00e9cifiques pour le logement, dont il n\u2019est pas fait mention dans la loi : il convient de se conformer \u00e0 ce qui est convenu dans le bail.<\/li>\n<\/ol>\n<p>Les contrats de bail doivent obligatoirement \u00eatre conclus par \u00e9crit, contresign\u00e9s et <a href=\"http:\/\/www.belgium.be\/fr\/impots\/droits_d_enregistrement\/contrat_de_location\/\" target=\"_blank\" rel=\"noopener noreferrer\" target=\"_blank\">enregistr\u00e9s<\/a> pour avoir une valeur obligatoire officielle.<\/p>\n<h2>D\u00e9finition<\/h2>\n<p>Le <a href=\"https:\/\/www.socialenergie.be\/wp-content\/uploads\/Contrat-de-bail-document-type.pdf\">contrat de bail<\/a> est un contrat qui lie deux parties, le preneur (locataire) et le bailleur (propri\u00e9taire). Le bailleur s&rsquo;engage \u00e0 procurer au preneur la jouissance d&rsquo;un logement pendant un temps limit\u00e9 et moyennant un prix, le loyer. Le <a href=\"http:\/\/www.belgium.be\/fr\/logement\/location\/bail\/\" target=\"_blank\" rel=\"noopener noreferrer\" target=\"_blank\">contrat de bail<\/a> \u00e9tablit de mani\u00e8re plus pr\u00e9cise, les responsabilit\u00e9s du preneur et du bailleur ainsi que d\u2019autres modalit\u00e9s (loyer, garantie locative, charges communes, etc.).<\/p>\n<p>Le bail mentionne \u00e9galement des informations relatives au <a href=\"https:\/\/www.socialenergie.be\/fr\/factures\/decompte-de-charges\/definition\/\">d\u00e9compte de charges<\/a>, qu\u2019elles soient communes et\/ou privatives. Ainsi, le bail doit au moins contenir le montant et les modalit\u00e9s de paiement des charges (provisions ou forfaits) ainsi que la mention de l\u2019ensemble des postes que couvrent ces charges. En revanche, en l\u2019absence d\u2019instruments de mesure (ni compteur individuel, ni r\u00e9partiteur, ni compteur de passage), il est conseill\u00e9, mais non obligatoire, de mentionner dans le bail la cl\u00e9 de r\u00e9partition des charges.<\/p>\n<p>Au moment de la conclusion du contrat de bail, le bien lou\u00e9 doit r\u00e9pondre aux \u00ab<a href=\"https:\/\/www.socialenergie.be\/logement\/normes\/normes-de-base\/\"> exigences \u00e9l\u00e9mentaires de s\u00e9curit\u00e9, de salubrit\u00e9 et d\u2019habitabilit\u00e9 <\/a>\u00bb. Ces exigences concernent surtout :<\/p>\n<ul>\n<li>les exigences structurelles et de stabilit\u00e9 du b\u00e2timent<\/li>\n<li>l\u2019humidit\u00e9 et l\u2019a\u00e9ration du logement<em><br \/>\n<\/em><\/li>\n<li>l\u2019\u00e9clairage naturel du logement<em><br \/>\n<\/em><\/li>\n<li>les \u00e9quipements du logement (installations conformes, sanitaires, etc.)<\/li>\n<\/ul>\n<div class=\"attention\">\n<p><strong>Sanctions encourues :<\/strong><\/p>\n<p>Si le logement ne r\u00e9pond pas aux conditions minimales lorsque le locataire veut s\u2019y installer, ce dernier peut soit :<\/p>\n<ul>\n<li>demander la <a href=\"http:\/\/justice.belgium.be\/fr\/themes_et_dossiers\/louer_et_donner_en_location\/duree_et_fin_du_contrat_de_bail\/fin_anticipee_du_bail\/index.jsp\" target=\"_blank\" rel=\"noopener noreferrer\" target=\"_blank\">r\u00e9solution<\/a> du bail (avec dommages et int\u00e9r\u00eats \u00e9ventuels) aupr\u00e8s du <a href=\"https:\/\/www.socialenergie.be\/fr\/recours-plaintes\/justice\/saisir-jdp\/\">juge de paix <\/a><\/li>\n<li>exiger l\u2019ex\u00e9cution des travaux n\u00e9cessaires. Dans l\u2019attente de l\u2019ex\u00e9cution des travaux, le juge peut accorder une diminution du loyer<em>.<\/em><\/li>\n<\/ul>\n<\/div>\n<p>Sous <a href=\"http:\/\/justice.belgium.be\/fr\/themes_et_dossiers\/louer_et_donner_en_location\/contrat_de_renovation\/\" target=\"_blank\" rel=\"noopener noreferrer\" target=\"_blank\">certaines conditions<\/a>, les parties peuvent d\u00e9cider de conclure un contrat de bail pour r\u00e9novation. Dans ce cas particulier, les r\u00e8gles \u00e9nonc\u00e9es ci-dessus ne sont pas forc\u00e9ment d\u2019application.<\/p>\n<h2>Les annexes au contrat de bail<\/h2>\n<p>Deux documents doivent obligatoirement \u00eatre inclus au contrat de bail, ce sont les annexes. Il s\u2019agit :<\/p>\n<ul>\n<li>des conditions minimales auxquelles doit r\u00e9pondre tout logement lou\u00e9 en tant que r\u00e9sidence principale pour \u00eatre conforme aux \u201cexigences \u00e9l\u00e9mentaires de s\u00e9curit\u00e9, de salubrit\u00e9 et d\u2019habitabilit\u00e9\u201d (cette annexe varie en fonction de la r\u00e9gion dans laquelle la personne habite).<\/li>\n<li>des explications sur un certain nombre d\u2019aspects importants du droit en mati\u00e8re de baux \u00e0 loyer.<\/li>\n<\/ul>\n<p>Ces deux annexes sont obligatoires pour tous les contrats conclus apr\u00e8s le 18 mai 2007<span class=\"exposant\" style=\"font-size: x-small;\">1<\/span>.<\/p>\n<p>Depuis la publication de l\u2019ordonnance relative \u00e0 la performance \u00e9nerg\u00e9tique et au climat int\u00e9rieur des b\u00e2timents un troisi\u00e8me document doit \u00eatre obligatoirement annex\u00e9 au contrat de bail, le certificat PEB.<\/p>\n<h2>L\u2019enregistrement du contrat de bail<\/h2>\n<p>Tout contrat de bail conclu depuis le 1er juillet 2007 doit obligatoirement \u00eatre enregistr\u00e9. L&rsquo;enregistrement du contrat de bail est une obligation l\u00e9gale, gratuite, qui incombe l\u00e9galement au propri\u00e9taire (bailleur). Le locataire peut \u00e9galement faire enregistrer le contrat de bail s\u2019il le souhaite, mais il n\u2019est pas oblig\u00e9.<\/p>\n<p>L\u2019enregistrement est une formalit\u00e9 visant \u00e0 prot\u00e9ger les droits du locataire. Si le contrat de bail n\u2019est pas enregistr\u00e9 dans les d\u00e9lais impartis :<\/p>\n<ol>\n<li>le propri\u00e9taire peut se voir infliger une amende<\/li>\n<li>s\u2019il s\u2019agit d\u2019un bail de 9 ans, le locataire peut, depuis le 1er juillet 2007, partir quand il veut sans indemnit\u00e9s<\/li>\n<\/ol>\n<p class=\"info\"><strong>Informations suppl\u00e9mentaires :<br \/>\n<\/strong><br \/>\nSi vous d\u00e9sirez plus d\u2019informations \u00e0 propos de l\u2019enregistrement du contrat de bail et des droits d\u2019enregistrement, r\u00e9f\u00e9rez-vous \u00e0 cette <a href=\"https:\/\/www.socialenergie.be\/wp-content\/uploads\/Contrat-de-bail-enregistrement-droits-quotidiens-SPF-Finance.pdf\">brochure du SPF Finance<\/a> ou r\u00e9f\u00e9rez-vous au <a href=\"http:\/\/www.belgium.be\/fr\/impots\/droits_d_enregistrement\/contrat_de_location\/\" target=\"_blank\" rel=\"noopener noreferrer\" target=\"_blank\">site officiel national<\/a><\/p>\n<p class=\"greybg cadre\"><span style=\"font-size: x-small;\">[1] Art. 102 Loi du 25 avril 2007 et A.R. du 04 mai 2007 pris en ex\u00e9cution art 11bis du Code civil dans la section relative aux baux de r\u00e9sidence principale.<\/span><\/p>\n<p><!-- Add code here that should appear in the content block of all new pages --><\/p>\n","protected":false},"excerpt":{"rendered":"<p>Cette partie du site web est en cours de mise \u00e0 jour. Le contrat de bail, auquel peut \u00eatre joint et annex\u00e9 l\u2019\u00e9tat des lieux, permet d\u2019\u00e9tablir plus sp\u00e9cifiquement les responsabilit\u00e9s du preneur et du bailleur en fonction du bien dont il est question. Le contrat de bail n\u2019est pas un texte l\u00e9gislatif mais il [&hellip;]<\/p>\n","protected":false},"author":1,"featured_media":0,"parent":509,"menu_order":352,"comment_status":"closed","ping_status":"closed","template":"","meta":{"_acf_changed":false,"footnotes":""},"class_list":["post-511","page","type-page","status-publish","hentry"],"acf":[],"_links":{"self":[{"href":"https:\/\/www.socialenergie.be\/fr\/wp-json\/wp\/v2\/pages\/511","targetHints":{"allow":["GET"]}}],"collection":[{"href":"https:\/\/www.socialenergie.be\/fr\/wp-json\/wp\/v2\/pages"}],"about":[{"href":"https:\/\/www.socialenergie.be\/fr\/wp-json\/wp\/v2\/types\/page"}],"author":[{"embeddable":true,"href":"https:\/\/www.socialenergie.be\/fr\/wp-json\/wp\/v2\/users\/1"}],"replies":[{"embeddable":true,"href":"https:\/\/www.socialenergie.be\/fr\/wp-json\/wp\/v2\/comments?post=511"}],"version-history":[{"count":10,"href":"https:\/\/www.socialenergie.be\/fr\/wp-json\/wp\/v2\/pages\/511\/revisions"}],"predecessor-version":[{"id":13212,"href":"https:\/\/www.socialenergie.be\/fr\/wp-json\/wp\/v2\/pages\/511\/revisions\/13212"}],"up":[{"embeddable":true,"href":"https:\/\/www.socialenergie.be\/fr\/wp-json\/wp\/v2\/pages\/509"}],"wp:attachment":[{"href":"https:\/\/www.socialenergie.be\/fr\/wp-json\/wp\/v2\/media?parent=511"}],"curies":[{"name":"wp","href":"https:\/\/api.w.org\/{rel}","templated":true}]}}