{"id":523,"date":"2016-06-02T15:32:23","date_gmt":"2016-06-02T13:32:23","guid":{"rendered":"http:\/\/zl31wzsmw.preview.infomaniak.website\/_new2016\/fr\/?page_id=523"},"modified":"2026-04-14T16:58:06","modified_gmt":"2026-04-14T14:58:06","slug":"suspension-loyer","status":"publish","type":"page","link":"https:\/\/www.socialenergie.be\/fr\/logement\/non-respect-des-obligations\/suspension-loyer\/","title":{"rendered":"Non-respect des obligations : possibilit\u00e9 de suspension du loyer?"},"content":{"rendered":"<h2>Le locataire peut-il suspendre le paiement du loyer tant que les travaux d\u2019entretien ou de r\u00e9parations ne sont pas effectu\u00e9s ?<\/h2>\n<p>Oui, il est th\u00e9oriquement possible pour le locataire de suspendre le paiement du loyer tant que le propri\u00e9taire n\u2019effectue pas les travaux : ce non-paiement des loyers est appel\u00e9e <a class=\"lexique\" title=\"M\u00e9canisme juridique consistant \u00e0 suspendre l'ex\u00e9cution de ses obligations aussi longtemps que son cocontractant reste en d\u00e9faut d'ex\u00e9cuter les siennes.\">\u00ab exception d\u2019inex\u00e9cution \u00bb<\/a>. Cette possibilit\u00e9 <strong>doit \u00eatre utilis\u00e9e avec beaucoup de prudence<\/strong>. Ainsi, le locataire doit avoir pr\u00e9alablement <a class=\"lexique\" title=\"La mise en demeure est un \u00e9crit qui rappelle \u00e0 une personne d\u2019ex\u00e9cuter ses obligations. Il s\u2019agit en quelque sorte d\u2019un \u00ab dernier rappel \u00bb et il est important de conserver une preuve que l\u2019on a mis l\u2019autre partie en demeure et donc il vaut toujours mieux l\u2019envoyer par courrier recommand\u00e9. La mise en demeure doit donc \u00eatre relativement pr\u00e9cise sur ce qu\u2019on attend de l\u2019autre partie, dans quel d\u00e9lai et doit aussi indiquer que l\u2019on a l\u2019intention de la forcer \u00e0 s\u2019ex\u00e9cuter, si besoin en faisant appel au juge. A la suite de la mise en demeure, si l\u2019autre partie ne s\u2019ex\u00e9cute pas, des int\u00e9r\u00eats de retard peuvent commencer \u00e0 courir et des dommages et int\u00e9r\u00eats peuvent \u00eatre demand\u00e9s. De m\u00eame, souvent, la loi impose d\u2019avoir mis en demeure la partie qui ne s\u2019ex\u00e9cute pas, avant de l\u2019attaquer en justice.\">mis en demeure<\/a> le bailleur d\u2019effectuer les travaux dans un d\u00e9lai raisonnable<\/p>\n<p class=\"attention\"><strong>Prudence<\/strong><br \/>\nCette possibilit\u00e9 de suspension du paiement des loyers doit \u00eatre utilis\u00e9e de fa\u00e7on mesur\u00e9e pour \u00e9viter que le juge consid\u00e8re que le non paiement partiel ou total du loyer constitue une mesure disproportionn\u00e9e que le locataire inflige \u00e0 son bailleur, en comparaison avec les inconv\u00e9nients caus\u00e9s par la non-ex\u00e9cution des travaux. En cas de \u00ab\u00a0disproportion\u00a0\u00bb, le juge pourrait reprocher une faute au locataire et prononcer la r\u00e9solution du bail \u00e0 ses torts et le locataire serait oblig\u00e9 de partir. C&rsquo;est pourquoi certains pr\u00e9conisent la suspension du paiement d&rsquo;une partie seulement du loyer, en proportion avec la perte de jouissance du bien ou des inconv\u00e9nients subis.<\/p>\n<p>On conseille au locataire qui souhaite suspendre le paiement de tout ou partie du loyer de garder les montants sur un compte (par exemple, le \u201ccompte tiers\u201d de son avocat, qui est le compte sur lequel sont stock\u00e9es les sommes appartenant aux justiciables) en attendant la d\u00e9cision de justice<sup>1.<\/sup><\/p>\n<p>A notre connaissance, il n\u2019existe pas de d\u00e9cision de justice favorable au non-paiement des charges.<\/p>\n<p class=\"greybg\">[1] Le juge a confirm\u00e9 l&rsquo;exception d&rsquo;inex\u00e9cution dans <a href=\"https:\/\/www.socialenergie.be\/fr\/jurisprudence\/exception-dinexecution-possible-vu-letat-du-bien\/\">cette d\u00e9cision de 2018<\/a>, par exemple.<\/p>\n","protected":false},"excerpt":{"rendered":"<p>Le locataire peut-il suspendre le paiement du loyer tant que les travaux d\u2019entretien ou de r\u00e9parations ne sont pas effectu\u00e9s ? Oui, il est th\u00e9oriquement possible pour le locataire de suspendre le paiement du loyer tant que le propri\u00e9taire n\u2019effectue pas les travaux : ce non-paiement des loyers est appel\u00e9e \u00ab exception d\u2019inex\u00e9cution \u00bb. Cette [&hellip;]<\/p>\n","protected":false},"author":1,"featured_media":0,"parent":521,"menu_order":371,"comment_status":"closed","ping_status":"closed","template":"","meta":{"_acf_changed":false,"footnotes":""},"class_list":["post-523","page","type-page","status-publish","hentry"],"acf":[],"_links":{"self":[{"href":"https:\/\/www.socialenergie.be\/fr\/wp-json\/wp\/v2\/pages\/523","targetHints":{"allow":["GET"]}}],"collection":[{"href":"https:\/\/www.socialenergie.be\/fr\/wp-json\/wp\/v2\/pages"}],"about":[{"href":"https:\/\/www.socialenergie.be\/fr\/wp-json\/wp\/v2\/types\/page"}],"author":[{"embeddable":true,"href":"https:\/\/www.socialenergie.be\/fr\/wp-json\/wp\/v2\/users\/1"}],"replies":[{"embeddable":true,"href":"https:\/\/www.socialenergie.be\/fr\/wp-json\/wp\/v2\/comments?post=523"}],"version-history":[{"count":12,"href":"https:\/\/www.socialenergie.be\/fr\/wp-json\/wp\/v2\/pages\/523\/revisions"}],"predecessor-version":[{"id":14061,"href":"https:\/\/www.socialenergie.be\/fr\/wp-json\/wp\/v2\/pages\/523\/revisions\/14061"}],"up":[{"embeddable":true,"href":"https:\/\/www.socialenergie.be\/fr\/wp-json\/wp\/v2\/pages\/521"}],"wp:attachment":[{"href":"https:\/\/www.socialenergie.be\/fr\/wp-json\/wp\/v2\/media?parent=523"}],"curies":[{"name":"wp","href":"https:\/\/api.w.org\/{rel}","templated":true}]}}