{"id":544,"date":"2016-06-02T15:49:09","date_gmt":"2016-06-02T13:49:09","guid":{"rendered":"http:\/\/zl31wzsmw.preview.infomaniak.website\/_new2016\/fr\/?page_id=544"},"modified":"2025-10-09T15:36:00","modified_gmt":"2025-10-09T13:36:00","slug":"les-aides-donnees-par-les-associations","status":"publish","type":"page","link":"https:\/\/www.socialenergie.be\/fr\/logement\/aides-au-logement\/les-aides-donnees-par-les-associations\/","title":{"rendered":"Les aides donn\u00e9es par les associations"},"content":{"rendered":"<p class=\"attention\">Cette partie du site web est en cours de mise \u00e0 jour.<\/p>\n<p>Plusieurs associations offrent diff\u00e9rents types d\u2019aides : conseils juridiques, aide \u00e0 la recherche d\u2019un logement, aide \u00e0 l\u2019introduction d\u2019un dossier pour un logement social, soutien dans les d\u00e9marches administratives, etc.<\/p>\n<p><a href=\"https:\/\/logement.brussels\/acteurs-du-logement\/\" target=\"_blank\" rel=\"noopener noreferrer\" target=\"_blank\" rel=\"noopener\">Associations \u0153uvrant \u00e0 l\u2019insertion par le logement<\/a><\/p>\n<p><a href=\"http:\/\/reseauhabitat.be\/\" target=\"_blank\" rel=\"noopener noreferrer\" target=\"_blank\" rel=\"noopener\">Associations membres du R\u00e9seau Habitat (accompagnent les habitants dans le cadre de projets de r\u00e9novation, la coh\u00e9sion sociale et la salubrit\u00e9 du quartier ainsi que l\u2019information et la participation des riverains).<\/a><\/p>\n<p>Voir \u00e9galement :\u00a0<a href=\"https:\/\/social.brussels\/\" target=\"_blank\" rel=\"noopener noreferrer\" target=\"_blank\" rel=\"noopener\">https:\/\/social.brussels\/<\/a><\/p>\n","protected":false},"excerpt":{"rendered":"<p>Cette partie du site web est en cours de mise \u00e0 jour. Plusieurs associations offrent diff\u00e9rents types d\u2019aides : conseils juridiques, aide \u00e0 la recherche d\u2019un logement, aide \u00e0 l\u2019introduction d\u2019un dossier pour un logement social, soutien dans les d\u00e9marches administratives, etc. Associations \u0153uvrant \u00e0 l\u2019insertion par le logement Associations membres du R\u00e9seau Habitat (accompagnent [&hellip;]<\/p>\n","protected":false},"author":1,"featured_media":0,"parent":536,"menu_order":347,"comment_status":"closed","ping_status":"closed","template":"","meta":{"_acf_changed":false,"footnotes":""},"class_list":["post-544","page","type-page","status-publish","hentry"],"acf":[],"_links":{"self":[{"href":"https:\/\/www.socialenergie.be\/fr\/wp-json\/wp\/v2\/pages\/544","targetHints":{"allow":["GET"]}}],"collection":[{"href":"https:\/\/www.socialenergie.be\/fr\/wp-json\/wp\/v2\/pages"}],"about":[{"href":"https:\/\/www.socialenergie.be\/fr\/wp-json\/wp\/v2\/types\/page"}],"author":[{"embeddable":true,"href":"https:\/\/www.socialenergie.be\/fr\/wp-json\/wp\/v2\/users\/1"}],"replies":[{"embeddable":true,"href":"https:\/\/www.socialenergie.be\/fr\/wp-json\/wp\/v2\/comments?post=544"}],"version-history":[{"count":8,"href":"https:\/\/www.socialenergie.be\/fr\/wp-json\/wp\/v2\/pages\/544\/revisions"}],"predecessor-version":[{"id":12040,"href":"https:\/\/www.socialenergie.be\/fr\/wp-json\/wp\/v2\/pages\/544\/revisions\/12040"}],"up":[{"embeddable":true,"href":"https:\/\/www.socialenergie.be\/fr\/wp-json\/wp\/v2\/pages\/536"}],"wp:attachment":[{"href":"https:\/\/www.socialenergie.be\/fr\/wp-json\/wp\/v2\/media?parent=544"}],"curies":[{"name":"wp","href":"https:\/\/api.w.org\/{rel}","templated":true}]}}