{"id":553,"date":"2016-06-02T16:15:38","date_gmt":"2016-06-02T14:15:38","guid":{"rendered":"http:\/\/zl31wzsmw.preview.infomaniak.website\/_new2016\/fr\/?page_id=553"},"modified":"2025-10-09T15:38:00","modified_gmt":"2025-10-09T13:38:00","slug":"quel-lien-entre-logement-et-sante","status":"publish","type":"page","link":"https:\/\/www.socialenergie.be\/fr\/logement\/logement-et-sante\/quel-lien-entre-logement-et-sante\/","title":{"rendered":"Quel lien entre logement et sant\u00e9?"},"content":{"rendered":"<p class=\"attention\">Cette partie du site web est en cours de mise \u00e0 jour.<\/p>\n<p>L\u2019\u00e9tat de sant\u00e9 d\u2019une personne, tant physique que psychique, d\u00e9pend de nombreux facteurs, dont la qualit\u00e9 du logement qui est particuli\u00e8rement importante. Vivre dans un logement de qualit\u00e9 et bien entretenu (chauff\u00e9 correctement, propre, bien a\u00e9r\u00e9, avec des appareils \u00e0 combustion bien entretenus, etc.) constitue un atout pour la (bonne) sant\u00e9 d\u2019une personne.<img loading=\"lazy\" decoding=\"async\" class=\"alignright size-full wp-image-1002\" src=\"https:\/\/www.socialenergie.be\/wp-content\/uploads\/Temperature_maison-1.jpg\" alt=\"Temperature_maison\" width=\"180\" height=\"180\" srcset=\"https:\/\/www.socialenergie.be\/wp-content\/uploads\/Temperature_maison-1.jpg 180w, https:\/\/www.socialenergie.be\/wp-content\/uploads\/Temperature_maison-1-150x150.jpg 150w\" sizes=\"auto, (max-width: 180px) 100vw, 180px\" \/><\/p>\n<p>Des conditions de logement m\u00e9diocres (d\u00e9labrement, froid, obscurit\u00e9, etc.) constituent autant de signes mat\u00e9riels concrets qui peuvent renvoyer quotidiennement \u00e0 la personne l\u2019image de la d\u00e9gradation de sa propre situation sociale. Par cons\u00e9quent, elles peuvent renforcer le sentiment d\u2019une d\u00e9ch\u00e9ance et, pour certaines personnes, affaiblir la conscience de leur propre dignit\u00e9 et ternir leur estime de soi. Un logement peu d\u00e9cent peut alors nourrir \u00e0 tout le moins une souffrance psychique, voire d\u00e9t\u00e9riorer la sant\u00e9 mentale. Aujourd\u2019hui, il est aussi \u00e9tabli que vivre dans un milieu o\u00f9 la luminosit\u00e9 est insuffisante aggrave les \u00e9tats de d\u00e9pression.<\/p>\n<p>Dans ce chapitre, nous pointons plus particuli\u00e8rement deux des probl\u00e8mes de logement les plus courants : l\u2019humidit\u00e9 excessive et le CO. Ces probl\u00e8mes, s\u2019ils sont mal trait\u00e9s, peuvent avoir des r\u00e9percussions majeures sur la sant\u00e9 des habitants.<\/p>\n","protected":false},"excerpt":{"rendered":"<p>Cette partie du site web est en cours de mise \u00e0 jour. L\u2019\u00e9tat de sant\u00e9 d\u2019une personne, tant physique que psychique, d\u00e9pend de nombreux facteurs, dont la qualit\u00e9 du logement qui est particuli\u00e8rement importante. Vivre dans un logement de qualit\u00e9 et bien entretenu (chauff\u00e9 correctement, propre, bien a\u00e9r\u00e9, avec des appareils \u00e0 combustion bien entretenus, [&hellip;]<\/p>\n","protected":false},"author":1,"featured_media":0,"parent":551,"menu_order":365,"comment_status":"closed","ping_status":"closed","template":"","meta":{"_acf_changed":false,"footnotes":""},"class_list":["post-553","page","type-page","status-publish","hentry"],"acf":[],"_links":{"self":[{"href":"https:\/\/www.socialenergie.be\/fr\/wp-json\/wp\/v2\/pages\/553","targetHints":{"allow":["GET"]}}],"collection":[{"href":"https:\/\/www.socialenergie.be\/fr\/wp-json\/wp\/v2\/pages"}],"about":[{"href":"https:\/\/www.socialenergie.be\/fr\/wp-json\/wp\/v2\/types\/page"}],"author":[{"embeddable":true,"href":"https:\/\/www.socialenergie.be\/fr\/wp-json\/wp\/v2\/users\/1"}],"replies":[{"embeddable":true,"href":"https:\/\/www.socialenergie.be\/fr\/wp-json\/wp\/v2\/comments?post=553"}],"version-history":[{"count":4,"href":"https:\/\/www.socialenergie.be\/fr\/wp-json\/wp\/v2\/pages\/553\/revisions"}],"predecessor-version":[{"id":12042,"href":"https:\/\/www.socialenergie.be\/fr\/wp-json\/wp\/v2\/pages\/553\/revisions\/12042"}],"up":[{"embeddable":true,"href":"https:\/\/www.socialenergie.be\/fr\/wp-json\/wp\/v2\/pages\/551"}],"wp:attachment":[{"href":"https:\/\/www.socialenergie.be\/fr\/wp-json\/wp\/v2\/media?parent=553"}],"curies":[{"name":"wp","href":"https:\/\/api.w.org\/{rel}","templated":true}]}}