{"id":578,"date":"2016-06-02T16:22:31","date_gmt":"2016-06-02T14:22:31","guid":{"rendered":"http:\/\/zl31wzsmw.preview.infomaniak.website\/_new2016\/fr\/?page_id=578"},"modified":"2025-10-09T15:26:03","modified_gmt":"2025-10-09T13:26:03","slug":"obligations-relatives-a-la-luminosite-aux-fenetres-et-a-leclairage","status":"publish","type":"page","link":"https:\/\/www.socialenergie.be\/fr\/logement\/obligations-du-locataire\/obligations-relatives-a-la-luminosite-aux-fenetres-et-a-leclairage\/","title":{"rendered":"Obligations relatives \u00e0 la luminosit\u00e9, aux fen\u00eatres et \u00e0 l&rsquo;\u00e9clairage"},"content":{"rendered":"<p class=\"attention\">Cette partie du site web est en cours de mise \u00e0 jour.<\/p>\n<p><img loading=\"lazy\" decoding=\"async\" class=\"alignnone size-full wp-image-915\" src=\"https:\/\/www.socialenergie.be\/wp-content\/uploads\/Logement_Responsabilites_locatives_Luminosite_2-1.jpg\" alt=\"Logement_Responsabilites_locatives_Luminosite_2\" width=\"1096\" height=\"424\" srcset=\"https:\/\/www.socialenergie.be\/wp-content\/uploads\/Logement_Responsabilites_locatives_Luminosite_2-1.jpg 1096w, https:\/\/www.socialenergie.be\/wp-content\/uploads\/Logement_Responsabilites_locatives_Luminosite_2-1-150x58.jpg 150w, https:\/\/www.socialenergie.be\/wp-content\/uploads\/Logement_Responsabilites_locatives_Luminosite_2-1-300x116.jpg 300w, https:\/\/www.socialenergie.be\/wp-content\/uploads\/Logement_Responsabilites_locatives_Luminosite_2-1-1024x396.jpg 1024w\" sizes=\"auto, (max-width: 1096px) 100vw, 1096px\" \/><\/p>\n<p>Le locataire est cens\u00e9 prendre soin des fen\u00eatres en bon p\u00e8re de famille. Il a donc l\u2019obligation de :<\/p>\n<ul>\n<li>nettoyer les fen\u00eatres<\/li>\n<li>graisser les charni\u00e8res<\/li>\n<li>entretenir les ferrures et les cr\u00e9mones<\/li>\n<li>fermer (\u00e0 l\u2019aide de mastique) les trous engendr\u00e9s par la pose de clous, pitons, ferrures, etc. ayant servi \u00e0 fixer des stores ou des rideaux,<\/li>\n<li>remplacer les objets perdus ou cass\u00e9s : le propri\u00e9taire, en c\u00e9dant le logement, peut laisser des tringles de fer destin\u00e9es \u00e0 soutenir les rideaux, si ces objets sont perdus ou cass\u00e9s, le locataire a l\u2019obligation de les remplacer.<\/li>\n<\/ul>\n<p>En cas de d\u00e9t\u00e9rioration des fen\u00eatres par un d\u00e9faut d\u2019entretien, le locataire doit supporter les frais de r\u00e9paration.<\/p>\n<p class=\"info\"><strong>Informations suppl\u00e9mentaires<br \/>\n<\/strong>N\u2019h\u00e9sitez pas \u00e0 vous r\u00e9f\u00e9rez \u00e0 <a href=\"https:\/\/www.socialenergie.be\/wp-content\/uploads\/fc51_eclairer_sans_gaspiller.pdf\">cette brochure<\/a>.<\/p>\n<p><!-- Add code here that should appear in the content block of all new pages --><\/p>\n","protected":false},"excerpt":{"rendered":"<p>Cette partie du site web est en cours de mise \u00e0 jour. Le locataire est cens\u00e9 prendre soin des fen\u00eatres en bon p\u00e8re de famille. Il a donc l\u2019obligation de : nettoyer les fen\u00eatres graisser les charni\u00e8res entretenir les ferrures et les cr\u00e9mones fermer (\u00e0 l\u2019aide de mastique) les trous engendr\u00e9s par la pose de [&hellip;]<\/p>\n","protected":false},"author":1,"featured_media":0,"parent":566,"menu_order":394,"comment_status":"closed","ping_status":"closed","template":"","meta":{"_acf_changed":false,"footnotes":""},"class_list":["post-578","page","type-page","status-publish","hentry"],"acf":[],"_links":{"self":[{"href":"https:\/\/www.socialenergie.be\/fr\/wp-json\/wp\/v2\/pages\/578","targetHints":{"allow":["GET"]}}],"collection":[{"href":"https:\/\/www.socialenergie.be\/fr\/wp-json\/wp\/v2\/pages"}],"about":[{"href":"https:\/\/www.socialenergie.be\/fr\/wp-json\/wp\/v2\/types\/page"}],"author":[{"embeddable":true,"href":"https:\/\/www.socialenergie.be\/fr\/wp-json\/wp\/v2\/users\/1"}],"replies":[{"embeddable":true,"href":"https:\/\/www.socialenergie.be\/fr\/wp-json\/wp\/v2\/comments?post=578"}],"version-history":[{"count":4,"href":"https:\/\/www.socialenergie.be\/fr\/wp-json\/wp\/v2\/pages\/578\/revisions"}],"predecessor-version":[{"id":12007,"href":"https:\/\/www.socialenergie.be\/fr\/wp-json\/wp\/v2\/pages\/578\/revisions\/12007"}],"up":[{"embeddable":true,"href":"https:\/\/www.socialenergie.be\/fr\/wp-json\/wp\/v2\/pages\/566"}],"wp:attachment":[{"href":"https:\/\/www.socialenergie.be\/fr\/wp-json\/wp\/v2\/media?parent=578"}],"curies":[{"name":"wp","href":"https:\/\/api.w.org\/{rel}","templated":true}]}}