{"id":580,"date":"2016-06-02T16:23:00","date_gmt":"2016-06-02T14:23:00","guid":{"rendered":"http:\/\/zl31wzsmw.preview.infomaniak.website\/_new2016\/fr\/?page_id=580"},"modified":"2025-10-09T15:26:12","modified_gmt":"2025-10-09T13:26:12","slug":"obligations-relatives-a-lisolation","status":"publish","type":"page","link":"https:\/\/www.socialenergie.be\/fr\/logement\/obligations-du-locataire\/obligations-relatives-a-lisolation\/","title":{"rendered":"Obligations relatives \u00e0 l&rsquo;isolation"},"content":{"rendered":"<p class=\"attention\">Cette partie du site web est en cours de mise \u00e0 jour.<\/p>\n<p><img loading=\"lazy\" decoding=\"async\" class=\"alignnone size-full wp-image-918\" src=\"https:\/\/www.socialenergie.be\/wp-content\/uploads\/Logement_Responsabilites_locatives_Isolation_Thermique_3-1.jpg\" alt=\"Logement_Responsabilites_locatives_Isolation_Thermique_3\" width=\"519\" height=\"180\" srcset=\"https:\/\/www.socialenergie.be\/wp-content\/uploads\/Logement_Responsabilites_locatives_Isolation_Thermique_3-1.jpg 519w, https:\/\/www.socialenergie.be\/wp-content\/uploads\/Logement_Responsabilites_locatives_Isolation_Thermique_3-1-150x52.jpg 150w, https:\/\/www.socialenergie.be\/wp-content\/uploads\/Logement_Responsabilites_locatives_Isolation_Thermique_3-1-300x104.jpg 300w\" sizes=\"auto, (max-width: 519px) 100vw, 519px\" \/><\/p>\n<p>Le locataire est cens\u00e9 prendre soin de son logement en \u00ab bon p\u00e8re de famille \u00bb. Il lui incombe, toutefois :<\/p>\n<ul>\n<li>de prendre en charge les frais s\u2019il endommage l\u2019isolation du toit, des murs, du sol, des vitres ou des portes.<\/li>\n<li>de se conformer aux normes d\u2019isolation en vigueur s\u2019il d\u00e9cide d\u2019entamer des travaux (avec l\u2019accord \u00e9crit de son propri\u00e9taire) touchant directement ou indirectement \u00e0 l\u2019isolation du toit, des murs, du sol, des vitres ou des portes. Il devra \u00e9galement prendre en charge les frais de conformit\u00e9 de l\u2019isolation si elle ne respecte plus les normes en vigueur.<\/li>\n<\/ul>\n","protected":false},"excerpt":{"rendered":"<p>Cette partie du site web est en cours de mise \u00e0 jour. Le locataire est cens\u00e9 prendre soin de son logement en \u00ab bon p\u00e8re de famille \u00bb. Il lui incombe, toutefois : de prendre en charge les frais s\u2019il endommage l\u2019isolation du toit, des murs, du sol, des vitres ou des portes. de se [&hellip;]<\/p>\n","protected":false},"author":1,"featured_media":0,"parent":566,"menu_order":392,"comment_status":"closed","ping_status":"closed","template":"","meta":{"_acf_changed":false,"footnotes":""},"class_list":["post-580","page","type-page","status-publish","hentry"],"acf":[],"_links":{"self":[{"href":"https:\/\/www.socialenergie.be\/fr\/wp-json\/wp\/v2\/pages\/580","targetHints":{"allow":["GET"]}}],"collection":[{"href":"https:\/\/www.socialenergie.be\/fr\/wp-json\/wp\/v2\/pages"}],"about":[{"href":"https:\/\/www.socialenergie.be\/fr\/wp-json\/wp\/v2\/types\/page"}],"author":[{"embeddable":true,"href":"https:\/\/www.socialenergie.be\/fr\/wp-json\/wp\/v2\/users\/1"}],"replies":[{"embeddable":true,"href":"https:\/\/www.socialenergie.be\/fr\/wp-json\/wp\/v2\/comments?post=580"}],"version-history":[{"count":4,"href":"https:\/\/www.socialenergie.be\/fr\/wp-json\/wp\/v2\/pages\/580\/revisions"}],"predecessor-version":[{"id":12008,"href":"https:\/\/www.socialenergie.be\/fr\/wp-json\/wp\/v2\/pages\/580\/revisions\/12008"}],"up":[{"embeddable":true,"href":"https:\/\/www.socialenergie.be\/fr\/wp-json\/wp\/v2\/pages\/566"}],"wp:attachment":[{"href":"https:\/\/www.socialenergie.be\/fr\/wp-json\/wp\/v2\/media?parent=580"}],"curies":[{"name":"wp","href":"https:\/\/api.w.org\/{rel}","templated":true}]}}