{"id":7734,"date":"2022-06-02T11:30:40","date_gmt":"2022-06-02T09:30:40","guid":{"rendered":"https:\/\/0x1wxbcjas.preview.infomaniak.website\/?page_id=7734"},"modified":"2023-09-25T15:28:01","modified_gmt":"2023-09-25T13:28:01","slug":"la-prime-controle-periodique-peb","status":"publish","type":"page","link":"https:\/\/www.socialenergie.be\/fr\/aides-aux-investissements\/primes\/la-prime-controle-periodique-peb\/","title":{"rendered":"Prime contr\u00f4le p\u00e9riodique PEB"},"content":{"rendered":"<p class=\"cadre\"><span style=\"color: #ff0000;\">Il faut noter que depuis le 1er janvier 2023, cette prime n&rsquo;existe plus.<\/span><\/p>\n<p><strong><em>Qu\u2019est-ce que la prime contr\u00f4le p\u00e9riodique PEB (C8)\u00a0?<\/em><\/strong><\/p>\n<p><em>Le contr\u00f4le p\u00e9riodique PEB est obligatoire pour toutes les chaudi\u00e8res ou chauffe-eau aliment\u00e9s au gaz, tous les 2 ans. La prime C8 reste disponible \u00e0 Bruxelles Environnement et concerne la r\u00e9alisation du contr\u00f4le p\u00e9riodique PEB d\u2019une chaudi\u00e8re au gaz et\/ou d\u2019un chauffe-eau au gaz.<\/em><\/p>\n<p><em>\u00a0<\/em><em><strong>Qui peut en b\u00e9n\u00e9ficier ?<\/strong><\/em><\/p>\n<p><em>\u00a0<\/em><em>La prime C8 est uniquement disponible pour les m\u00e9nages en cat\u00e9gorie III selon les bar\u00e8mes des <a href=\"https:\/\/www.socialenergie.be\/aides-aux-investissements\/primes\/primes-renolution\/\" target=\"_blank\" rel=\"noopener\">primes RENOLUTION<\/a><\/em><em> (<\/em>revenus <strong>inf\u00e9rieurs \u00e0 37.600 euros par an avec des majorations par personne \u00e0 charge<\/strong>, b\u00e9n\u00e9ficiaires du revenu d\u2019int\u00e9gration sociale, b\u00e9n\u00e9ficiaires de l&rsquo;intervention major\u00e9e (BIM), clients prot\u00e9g\u00e9s, etc.<em>). Tant les locataires que les propri\u00e9taires bailleurs et les propri\u00e9taires occupants peuvent en b\u00e9n\u00e9ficier.<\/em><\/p>\n<p><em><strong>Quelles sont les conditions d\u2019octroi\u00a0?<\/strong><\/em><\/p>\n<p><em>L\u2019immeuble doit avoir \u00e9t\u00e9 construit il y a plus de dix ans. Le contr\u00f4le doit \u00eatre r\u00e9alis\u00e9 par un <a href=\"https:\/\/environnement.brussels\/thematiques\/batiment-et-energie\/obligations\/la-performance-energetique-des-batiments-peb\/liste-des\" target=\"_blank\" rel=\"noopener noreferrer\" target=\"_blank\" rel=\"noopener\">technicien chaudi\u00e8re PEB agr\u00e9\u00e9 par Bruxelles Environnement<\/a> pour le contr\u00f4le p\u00e9riodique PEB des chaudi\u00e8res et chauffe-eau. Cette prime ne s\u2019applique pas aux chaudi\u00e8res et chauffe-eau collectifs alimentant plus d\u2019un logement mais seulement aux chaudi\u00e8res et chauffe-eau individuels. Elle ne peut \u00eatre octroy\u00e9e qu\u2019une seule fois par appareil et elle n\u2019est pas cumulable avec les primes RENOLUTION J1 ou J2 jusqu\u2019\u00e0 un an suivant l\u2019installation de la chaudi\u00e8re au gaz.<\/em><\/p>\n<p><em><strong>Quel est le montant de la prime\u00a0?<\/strong><\/em><\/p>\n<p><em>Le montant est de 100 \u20ac par contr\u00f4le, avec un maximum de deux primes par logement (maximum une pour la chaudi\u00e8re et maximum une pour le chauffe-eau au gaz). <\/em><\/p>\n<p><em><strong>Quel est le d\u00e9lai pour introduire la demande\u00a0?<\/strong><\/em><\/p>\n<p><em>Le d\u00e9lai pour introduire la demande de prime est de maximum 1 an apr\u00e8s le contr\u00f4le. <\/em><\/p>\n<p><em><strong>Comment en faire la demande et obtenir plus d\u2019informations ?<\/strong><\/em><\/p>\n<p><em>Vous trouverez le <\/em><a href=\"https:\/\/environnement.brussels\/sites\/default\/files\/primes-premies\/FORM_DemandePrime_FR_C8.pdf\" target=\"_blank\" rel=\"noopener noreferrer\" target=\"_blank\" rel=\"noopener\">formulaire de demande<\/a><em> ainsi que <\/em><a href=\"https:\/\/environnement.brussels\/thematiques\/batiment-et-energie\/primes-et-incitants\/les-primes-renolution-2022\" target=\"_blank\" rel=\"noopener noreferrer\" target=\"_blank\" rel=\"noopener\">plus d\u2019informations<\/a><em> sur le site de Bruxelles Environnement, y compris le nouveau <\/em><a href=\"https:\/\/environnement.brussels\/sites\/default\/files\/primes-premies\/GIDS_C8_FR_2022.pdf\" target=\"_blank\" rel=\"noopener noreferrer\" target=\"_blank\" rel=\"noopener\">guide des Conditions g\u00e9n\u00e9rales et techniques pour l\u2019obtention de la Prime C8 \u2013 Contr\u00f4le p\u00e9riodique PEB<\/a><em>.<\/em><\/p>\n<p>&nbsp;<\/p>\n","protected":false},"excerpt":{"rendered":"<p>Il faut noter que depuis le 1er janvier 2023, cette prime n&rsquo;existe plus. Qu\u2019est-ce que la prime contr\u00f4le p\u00e9riodique PEB (C8)\u00a0? Le contr\u00f4le p\u00e9riodique PEB est obligatoire pour toutes les chaudi\u00e8res ou chauffe-eau aliment\u00e9s au gaz, tous les 2 ans. La prime C8 reste disponible \u00e0 Bruxelles Environnement et concerne la r\u00e9alisation du contr\u00f4le p\u00e9riodique [&hellip;]<\/p>\n","protected":false},"author":3,"featured_media":0,"parent":324,"menu_order":34,"comment_status":"closed","ping_status":"closed","template":"","meta":{"_acf_changed":false,"footnotes":""},"class_list":["post-7734","page","type-page","status-publish","hentry"],"acf":[],"_links":{"self":[{"href":"https:\/\/www.socialenergie.be\/fr\/wp-json\/wp\/v2\/pages\/7734","targetHints":{"allow":["GET"]}}],"collection":[{"href":"https:\/\/www.socialenergie.be\/fr\/wp-json\/wp\/v2\/pages"}],"about":[{"href":"https:\/\/www.socialenergie.be\/fr\/wp-json\/wp\/v2\/types\/page"}],"author":[{"embeddable":true,"href":"https:\/\/www.socialenergie.be\/fr\/wp-json\/wp\/v2\/users\/3"}],"replies":[{"embeddable":true,"href":"https:\/\/www.socialenergie.be\/fr\/wp-json\/wp\/v2\/comments?post=7734"}],"version-history":[{"count":6,"href":"https:\/\/www.socialenergie.be\/fr\/wp-json\/wp\/v2\/pages\/7734\/revisions"}],"predecessor-version":[{"id":9124,"href":"https:\/\/www.socialenergie.be\/fr\/wp-json\/wp\/v2\/pages\/7734\/revisions\/9124"}],"up":[{"embeddable":true,"href":"https:\/\/www.socialenergie.be\/fr\/wp-json\/wp\/v2\/pages\/324"}],"wp:attachment":[{"href":"https:\/\/www.socialenergie.be\/fr\/wp-json\/wp\/v2\/media?parent=7734"}],"curies":[{"name":"wp","href":"https:\/\/api.w.org\/{rel}","templated":true}]}}