{"id":7827,"date":"2022-06-20T14:09:12","date_gmt":"2022-06-20T12:09:12","guid":{"rendered":"https:\/\/0x1wxbcjas.preview.infomaniak.website\/?page_id=7827"},"modified":"2025-10-09T15:35:49","modified_gmt":"2025-10-09T13:35:49","slug":"aide-a-la-constitution-de-la-garantie-locative","status":"publish","type":"page","link":"https:\/\/www.socialenergie.be\/fr\/logement\/aides-au-logement\/aide-a-la-constitution-de-la-garantie-locative\/","title":{"rendered":"Aide \u00e0 la constitution de la garantie locative"},"content":{"rendered":"<p class=\"attention\">Cette partie du site web est en cours de mise \u00e0 jour.<\/p>\n<p>La R\u00e9gion a mis en place deux dispositifs pour aider les locataires \u00e0 constituer une garantie locative.<\/p>\n<ul>\n<li>\n<h3>Le pr\u00eat \u00e0 taux r\u00e9duit du Fonds du Logement<\/h3>\n<\/li>\n<\/ul>\n<p>Le\u00a0Fonds du Logement peut accorder, \u00e0 certaines conditions, un pr\u00eat \u00e0 taux r\u00e9duit pour constituer une garantie locative.<\/p>\n<p><a href=\"https:\/\/fonds.brussels\/fr\/garantie-locative\" target=\"_blank\" rel=\"noopener noreferrer\" target=\"_blank\" rel=\"noopener\">&gt; Plus d\u2019informations<\/a><\/p>\n<ul>\n<li>\n<h3>La constitution de la garantie par le Fonds Bru-gal<\/h3>\n<\/li>\n<\/ul>\n<p>Pour les personnes qui ne sont pas en mesure de rembourser un pr\u00eat, m\u00eame \u00e0 taux z\u00e9ro, le Fonds du Logement propose une alternative\u00a0: le Fonds Bru-gal. Celui-ci<strong>\u00a0<\/strong>versera, de mani\u00e8re anonyme, la somme n\u00e9cessaire \u00e0 la constitution de la garantie\u00a0sur un compte bancaire au nom du locataire.<\/p>\n<p>Si ses revenus le permettent, le locataire rembourse chaque mois une cotisation aupr\u00e8s de Bru-gal (entre 5 et 30 euros).<\/p>\n<p>Si ce n\u2019est pas le cas, il peut alors obtenir le cautionnement d\u2019un CPAS aupr\u00e8s de Bru-gal et ne rien payer du tout.<\/p>\n<p>Les contributions du locataire lui seront enti\u00e8rement rembours\u00e9es en fin de bail, d\u00e9duction faite des sommes \u00e9ventuellement dues \u00e0 Bru-gal.<\/p>\n<p><a href=\"https:\/\/fonds.brussels\/fr\/garantie-locative\" target=\"_blank\" rel=\"noopener noreferrer\" target=\"_blank\" rel=\"noopener\">&gt; Plus d\u2019informations<\/a><\/p>\n","protected":false},"excerpt":{"rendered":"<p>Cette partie du site web est en cours de mise \u00e0 jour. La R\u00e9gion a mis en place deux dispositifs pour aider les locataires \u00e0 constituer une garantie locative. Le pr\u00eat \u00e0 taux r\u00e9duit du Fonds du Logement Le\u00a0Fonds du Logement peut accorder, \u00e0 certaines conditions, un pr\u00eat \u00e0 taux r\u00e9duit pour constituer une garantie [&hellip;]<\/p>\n","protected":false},"author":3,"featured_media":0,"parent":536,"menu_order":339,"comment_status":"closed","ping_status":"closed","template":"","meta":{"_acf_changed":false,"footnotes":""},"class_list":["post-7827","page","type-page","status-publish","hentry"],"acf":[],"_links":{"self":[{"href":"https:\/\/www.socialenergie.be\/fr\/wp-json\/wp\/v2\/pages\/7827","targetHints":{"allow":["GET"]}}],"collection":[{"href":"https:\/\/www.socialenergie.be\/fr\/wp-json\/wp\/v2\/pages"}],"about":[{"href":"https:\/\/www.socialenergie.be\/fr\/wp-json\/wp\/v2\/types\/page"}],"author":[{"embeddable":true,"href":"https:\/\/www.socialenergie.be\/fr\/wp-json\/wp\/v2\/users\/3"}],"replies":[{"embeddable":true,"href":"https:\/\/www.socialenergie.be\/fr\/wp-json\/wp\/v2\/comments?post=7827"}],"version-history":[{"count":3,"href":"https:\/\/www.socialenergie.be\/fr\/wp-json\/wp\/v2\/pages\/7827\/revisions"}],"predecessor-version":[{"id":12033,"href":"https:\/\/www.socialenergie.be\/fr\/wp-json\/wp\/v2\/pages\/7827\/revisions\/12033"}],"up":[{"embeddable":true,"href":"https:\/\/www.socialenergie.be\/fr\/wp-json\/wp\/v2\/pages\/536"}],"wp:attachment":[{"href":"https:\/\/www.socialenergie.be\/fr\/wp-json\/wp\/v2\/media?parent=7827"}],"curies":[{"name":"wp","href":"https:\/\/api.w.org\/{rel}","templated":true}]}}