{"id":82,"date":"2016-05-24T10:56:23","date_gmt":"2016-05-24T08:56:23","guid":{"rendered":"http:\/\/zl31wzsmw.preview.infomaniak.website\/_new2016\/?page_id=82"},"modified":"2025-12-23T11:55:10","modified_gmt":"2025-12-23T10:55:10","slug":"definition","status":"publish","type":"page","link":"https:\/\/www.socialenergie.be\/fr\/factures\/decompte-de-charges\/definition\/","title":{"rendered":"Qu&rsquo;est-ce qu&rsquo;un d\u00e9compte de charges ?"},"content":{"rendered":"<p>Le d\u00e9compte de charges est un document qui r\u00e9partit, entre les occupants (propri\u00e9taires occupants ou locataires) d\u2019un immeuble \u00e0 appartements multiples, des frais factur\u00e9s au niveau de l\u2019ensemble de l\u2019immeuble. On distingue les <strong>charges privatives<\/strong> (qui concernent chaque logement) des <strong>charges communes<\/strong> (qui concernent les parties communes de l\u2019immeuble : nettoyage, ascenseur, jardinage, etc.).<\/p>\n<p>Parmi les charges privatives figurent notamment les frais li\u00e9s au chauffage, \u00e0 la production d\u2019eau chaude sanitaire et\/ou \u00e0 la distribution d\u2019eau, lorsque les installations li\u00e9es \u00e0 ces services sont collectives. Ces charges sont support\u00e9es par l\u2019occupant du logement (propri\u00e9taire ou locataire).<\/p>\n<p>Ces frais de consommation sp\u00e9cifiques peuvent figurer sur un d\u00e9compte de charges g\u00e9n\u00e9ral, qui reprend \u00e0 la fois des charges privatives et des charges communes. Ils peuvent aussi figurer sur un document ind\u00e9pendant produit par une \u00ab soci\u00e9t\u00e9 de relev\u00e9 \u00bb telle que Techem, Ista ou Aquatel.<\/p>\n<p>En ce qui concerne les consommations de chauffage, de production d\u2019eau chaude et de distribution d\u2019eau froide, les d\u00e9comptes de charges notifient :<\/p>\n<ul>\n<li style=\"text-align: left;\">la quantit\u00e9 d\u2019\u00e9nergie et\/ou d\u2019eau consomm\u00e9e pour l\u2019ensemble de l\u2019immeuble<\/li>\n<li style=\"text-align: left;\">la quantit\u00e9 d\u2019\u00e9nergie et\/ou d\u2019eau consomm\u00e9e par logement (<a href=\"https:\/\/www.socialenergie.be\/fr\/factures\/decompte-de-charges\/instruments-de-mesure\/\">si on peut la mesurer<\/a>) ou la part de l\u2019\u00e9nergie et\/ou de l\u2019eau consomm\u00e9e globalement imput\u00e9e \u00e0 chaque logement (selon une <a href=\"https:\/\/www.socialenergie.be\/fr\/factures\/decompte-de-charges\/cle-de-repartition\/\">cl\u00e9 de r\u00e9partition<\/a> )<\/li>\n<li style=\"text-align: left;\">le montant \u00e0 payer par logement.<\/li>\n<\/ul>\n<p><!-- Add code here that should appear in the content block of all new pages --><\/p>\n","protected":false},"excerpt":{"rendered":"<p>Le d\u00e9compte de charges est un document qui r\u00e9partit, entre les occupants (propri\u00e9taires occupants ou locataires) d\u2019un immeuble \u00e0 appartements multiples, des frais factur\u00e9s au niveau de l\u2019ensemble de l\u2019immeuble. On distingue les charges privatives (qui concernent chaque logement) des charges communes (qui concernent les parties communes de l\u2019immeuble : nettoyage, ascenseur, jardinage, etc.). Parmi [&hellip;]<\/p>\n","protected":false},"author":1,"featured_media":0,"parent":80,"menu_order":282,"comment_status":"closed","ping_status":"closed","template":"","meta":{"_acf_changed":false,"footnotes":""},"class_list":["post-82","page","type-page","status-publish","hentry"],"acf":[],"_links":{"self":[{"href":"https:\/\/www.socialenergie.be\/fr\/wp-json\/wp\/v2\/pages\/82","targetHints":{"allow":["GET"]}}],"collection":[{"href":"https:\/\/www.socialenergie.be\/fr\/wp-json\/wp\/v2\/pages"}],"about":[{"href":"https:\/\/www.socialenergie.be\/fr\/wp-json\/wp\/v2\/types\/page"}],"author":[{"embeddable":true,"href":"https:\/\/www.socialenergie.be\/fr\/wp-json\/wp\/v2\/users\/1"}],"replies":[{"embeddable":true,"href":"https:\/\/www.socialenergie.be\/fr\/wp-json\/wp\/v2\/comments?post=82"}],"version-history":[{"count":11,"href":"https:\/\/www.socialenergie.be\/fr\/wp-json\/wp\/v2\/pages\/82\/revisions"}],"predecessor-version":[{"id":12898,"href":"https:\/\/www.socialenergie.be\/fr\/wp-json\/wp\/v2\/pages\/82\/revisions\/12898"}],"up":[{"embeddable":true,"href":"https:\/\/www.socialenergie.be\/fr\/wp-json\/wp\/v2\/pages\/80"}],"wp:attachment":[{"href":"https:\/\/www.socialenergie.be\/fr\/wp-json\/wp\/v2\/media?parent=82"}],"curies":[{"name":"wp","href":"https:\/\/api.w.org\/{rel}","templated":true}]}}