{"id":940,"date":"2016-06-07T09:40:04","date_gmt":"2016-06-07T07:40:04","guid":{"rendered":"http:\/\/zl31wzsmw.preview.infomaniak.website\/_new2016\/fr\/?page_id=940"},"modified":"2026-03-05T15:53:54","modified_gmt":"2026-03-05T14:53:54","slug":"comparer-levolution-des-consommations","status":"publish","type":"page","link":"https:\/\/www.socialenergie.be\/fr\/consommation\/evolution-de-la-consommation\/comparer-levolution-des-consommations\/","title":{"rendered":"Comparer l\u2019\u00e9volution des consommations"},"content":{"rendered":"<p>Conna\u00eetre la <a href=\"https:\/\/www.socialenergie.be\/consommation\/connaitre-la-consommation\/trouver-les-donnees-de-consommation\/\">consommation annuelle<\/a> d\u2019un m\u00e9nage permet d\u2019en \u00e9valuer l\u2019importance relative.<\/p>\n<p>Pour ce faire, deux m\u00e9thodes sont possibles :<\/p>\n<ul>\n<li>la consommation annuelle peut \u00eatre compar\u00e9e aux consommations des ann\u00e9es pr\u00e9c\u00e9dentes : cette m\u00e9thode permet de constater si la consommation est stable au fil des ans ou si un changement est apparu. Si c\u2019est le cas, il conviendra d\u2019en comprendre la raison.<\/li>\n<\/ul>\n<ul>\n<li>la consommation annuelle peut \u00eatre compar\u00e9e aux <a href=\"https:\/\/www.socialenergie.be\/fr\/consommation\/consommations-de-reference\/comparer-aux-consommations-de-reference\/\">chiffres de r\u00e9f\u00e9rence pour la R\u00e9gion bruxelloise<\/a> : cette m\u00e9thode permet d\u2019\u00e9valuer si la consommation est dans la norme des consommations bruxelloises, en tenant compte des sp\u00e9cificit\u00e9s du m\u00e9nage et du logement.<\/li>\n<\/ul>\n<p class=\"info\">Mesurer l\u2019\u00e9volution de la consommation d\u2019une ann\u00e9e \u00e0 l\u2019autre suppose que le m\u00e9nage r\u00e9side depuis plusieurs ann\u00e9es dans le m\u00eame logement. Comparer les consommations d\u2019un m\u00e9nage dans deux logements distincts n\u2019a pas de sens, puisque la qualit\u00e9 \u00e9nerg\u00e9tique des deux logements et le type d\u2019installations sont diff\u00e9rents.<\/p>\n<h2>O\u00f9 trouver les consommations des ann\u00e9es pr\u00e9c\u00e9dentes ?<\/h2>\n<div>\n<h3>Factures de gaz et d\u2019\u00e9lectricit\u00e9 :<\/h3>\n<\/div>\n<p>Lorsqu\u2019un m\u00e9nage est rest\u00e9 chez le m\u00eame fournisseur, un aper\u00e7u de ses consommations des ann\u00e9es ant\u00e9rieures figure sur sa <a href=\"https:\/\/www.socialenergie.be\/fr\/factures\/types\/regularisation\/\">facture de r\u00e9gularisation (annuelle)<\/a>, sous forme de graphes<em><a href=\"https:\/\/www.socialenergie.be\/fr\/publications\/facture-commentee-engie\/\"> (exemple d&rsquo;une facture comment\u00e9e)<\/a><\/em>.<\/p>\n<p class=\"attention\"><strong>Conna\u00eetre un historique de consommation<\/strong> : il est tr\u00e8s facile de demander \u00e0 Sibelga l&rsquo;historique des trois derni\u00e8res ann\u00e9es de consommation d\u2019une personne, en donnant (par t\u00e9l\u00e9phone ou par mail) les <a title=\"Le code EAN (European Article Numbering) est une forme de code-barres utilis\u00e9e par le commerce et l'industrie conform\u00e9ment aux sp\u00e9cifications d\u2019EAN International. Il s'agit d'un code num\u00e9rique de 18 chiffres comportant un ensemble d'informations relatives \u00e0 un point de fourniture (d\u2019\u00e9lectricit\u00e9 et\/ou de gaz naturel). En aucun cas, ces codes n'identifient un client ou un consommateur. Ils restent d\u00e9finitivement li\u00e9s au point de fourniture situ\u00e9 \u00e0 une adresse d\u00e9termin\u00e9e. En R\u00e9gion de Bruxelles-Capitale, tous les codes EAN commencent par: 5414489 xxxxxxxxxxx.\" href=\"http:\/\/www.sibelga.be\/fr\/raccordements-et-compteurs\/releve-des-compteurs\/comment-lire-les-index-de-mon-compteur\" target=\"_blank\" rel=\"noopener\"><span class=\"lexique\">codes EAN<\/span><\/a> de la personne.<\/p>\n<h3>D\u00e9comptes de charges (mazout ou gaz) :<\/h3>\n<p>Dans le cas d\u2019un <a href=\"https:\/\/www.socialenergie.be\/fr\/factures\/decompte-de-charges\/definition\/\">d\u00e9compte de charges<\/a>, l\u2019\u00e9volution de la consommation pourra \u00eatre \u00e9valu\u00e9e en comparant le nombre d\u2019unit\u00e9s (relev\u00e9es sur les r\u00e9partiteurs ou de compteur de chaleur) factur\u00e9es sur le d\u00e9compte de charges actuel et ceux des ann\u00e9es pr\u00e9c\u00e9dentes. Le nombre d\u2019unit\u00e9s consomm\u00e9es figure \u00e9galement sur les feuilles de relev\u00e9s des calorim\u00e8tres re\u00e7ues lors du passage du releveur. Celles-ci peuvent donc \u00e9galement servir pour la comparaison.<\/p>\n<p><!-- Add code here that should appear in the content block of all new pages --><\/p>\n","protected":false},"excerpt":{"rendered":"<p>Conna\u00eetre la consommation annuelle d\u2019un m\u00e9nage permet d\u2019en \u00e9valuer l\u2019importance relative. Pour ce faire, deux m\u00e9thodes sont possibles : la consommation annuelle peut \u00eatre compar\u00e9e aux consommations des ann\u00e9es pr\u00e9c\u00e9dentes : cette m\u00e9thode permet de constater si la consommation est stable au fil des ans ou si un changement est apparu. Si c\u2019est le cas, [&hellip;]<\/p>\n","protected":false},"author":1,"featured_media":0,"parent":938,"menu_order":135,"comment_status":"closed","ping_status":"closed","template":"","meta":{"_acf_changed":false,"footnotes":""},"class_list":["post-940","page","type-page","status-publish","hentry"],"acf":[],"_links":{"self":[{"href":"https:\/\/www.socialenergie.be\/fr\/wp-json\/wp\/v2\/pages\/940","targetHints":{"allow":["GET"]}}],"collection":[{"href":"https:\/\/www.socialenergie.be\/fr\/wp-json\/wp\/v2\/pages"}],"about":[{"href":"https:\/\/www.socialenergie.be\/fr\/wp-json\/wp\/v2\/types\/page"}],"author":[{"embeddable":true,"href":"https:\/\/www.socialenergie.be\/fr\/wp-json\/wp\/v2\/users\/1"}],"replies":[{"embeddable":true,"href":"https:\/\/www.socialenergie.be\/fr\/wp-json\/wp\/v2\/comments?post=940"}],"version-history":[{"count":11,"href":"https:\/\/www.socialenergie.be\/fr\/wp-json\/wp\/v2\/pages\/940\/revisions"}],"predecessor-version":[{"id":13775,"href":"https:\/\/www.socialenergie.be\/fr\/wp-json\/wp\/v2\/pages\/940\/revisions\/13775"}],"up":[{"embeddable":true,"href":"https:\/\/www.socialenergie.be\/fr\/wp-json\/wp\/v2\/pages\/938"}],"wp:attachment":[{"href":"https:\/\/www.socialenergie.be\/fr\/wp-json\/wp\/v2\/media?parent=940"}],"curies":[{"name":"wp","href":"https:\/\/api.w.org\/{rel}","templated":true}]}}